{"id":4395,"date":"2024-10-25T13:55:13","date_gmt":"2024-10-25T13:55:13","guid":{"rendered":"https:\/\/transportinghighway.com\/inregistrare\/"},"modified":"2024-11-28T10:39:18","modified_gmt":"2024-11-28T10:39:18","slug":"inregistrare","status":"publish","type":"page","link":"https:\/\/transportinghighway.shudesign.nl\/ro\/inregistrare\/","title":{"rendered":"\u00cenregistrare"},"content":{"rendered":"\t\t<div data-elementor-type=\"wp-page\" data-elementor-id=\"4395\" class=\"elementor elementor-4395 elementor-4090\" data-elementor-post-type=\"page\">\n\t\t\t\t<div class=\"elementor-element elementor-element-13f2007 e-flex e-con-boxed e-con e-parent\" data-id=\"13f2007\" data-element_type=\"container\" data-e-type=\"container\" data-settings=\"{&quot;background_background&quot;:&quot;classic&quot;}\">\n\t\t\t\t\t<div class=\"e-con-inner\">\n\t\t<div class=\"elementor-element elementor-element-2168f61 e-con-full e-flex e-con e-child\" data-id=\"2168f61\" data-element_type=\"container\" data-e-type=\"container\">\n\t\t\t\t<div class=\"elementor-element elementor-element-2c9aa81 elementor-widget elementor-widget-heading\" data-id=\"2c9aa81\" data-element_type=\"widget\" data-e-type=\"widget\" data-widget_type=\"heading.default\">\n\t\t\t\t<div class=\"elementor-widget-container\">\n\t\t\t\t\t<h2 class=\"elementor-heading-title elementor-size-default\"><p><br><\/p>\u00cenregistrare<\/h2>\t\t\t\t<\/div>\n\t\t\t\t<\/div>\n\t\t\t\t<div class=\"elementor-element elementor-element-7edc7c7 elementor-widget elementor-widget-text-editor\" data-id=\"7edc7c7\" data-element_type=\"widget\" data-e-type=\"widget\" data-widget_type=\"text-editor.default\">\n\t\t\t\t<div class=\"elementor-widget-container\">\n\t\t\t\t\t\t\t\t\t<p class=\"p1\">\u00censcrie\u021bi-v\u0103 la noi \u0219i bucura\u021bi-v\u0103 de toate avantajele oferite de platforma noastr\u0103.<\/p>\n\t\t\t\t\t\t\t\t<\/div>\n\t\t\t\t<\/div>\n\t\t<div class=\"elementor-element elementor-element-b95bb49 e-grid e-con-boxed e-con e-child\" data-id=\"b95bb49\" data-element_type=\"container\" data-e-type=\"container\" data-settings=\"{&quot;background_background&quot;:&quot;classic&quot;}\">\n\t\t\t\t\t<div class=\"e-con-inner\">\n\t\t<div class=\"elementor-element elementor-element-23ebbc2 e-con-full e-flex e-con e-child\" data-id=\"23ebbc2\" data-element_type=\"container\" data-e-type=\"container\">\n\t\t\t\t<div class=\"elementor-element elementor-element-0e61bc1 elementor-widget elementor-widget-heading\" data-id=\"0e61bc1\" data-element_type=\"widget\" data-e-type=\"widget\" data-widget_type=\"heading.default\">\n\t\t\t\t<div class=\"elementor-widget-container\">\n\t\t\t\t\t<h2 class=\"elementor-heading-title elementor-size-default\">\u00cen calitate de client<\/h2>\t\t\t\t<\/div>\n\t\t\t\t<\/div>\n\t\t\t\t<div class=\"elementor-element elementor-element-af6d914 elementor-list-item-link-full_width elementor-widget elementor-widget-icon-list\" data-id=\"af6d914\" data-element_type=\"widget\" data-e-type=\"widget\" data-widget_type=\"icon-list.default\">\n\t\t\t\t<div class=\"elementor-widget-container\">\n\t\t\t\t\t\t\t<ul class=\"elementor-icon-list-items\">\n\t\t\t\t\t\t\t<li class=\"elementor-icon-list-item\">\n\t\t\t\t\t\t\t\t\t\t\t<span class=\"elementor-icon-list-icon\">\n\t\t\t\t\t\t\t<svg aria-hidden=\"true\" class=\"e-font-icon-svg e-fas-check\" viewBox=\"0 0 512 512\" xmlns=\"http:\/\/www.w3.org\/2000\/svg\"><path d=\"M173.898 439.404l-166.4-166.4c-9.997-9.997-9.997-26.206 0-36.204l36.203-36.204c9.997-9.998 26.207-9.998 36.204 0L192 312.69 432.095 72.596c9.997-9.997 26.207-9.997 36.204 0l36.203 36.204c9.997 9.997 9.997 26.206 0 36.204l-294.4 294.401c-9.998 9.997-26.207 9.997-36.204-.001z\"><\/path><\/svg>\t\t\t\t\t\t<\/span>\n\t\t\t\t\t\t\t\t\t\t<span class=\"elementor-icon-list-text\">Rezervare online rapid\u0103<\/span>\n\t\t\t\t\t\t\t\t\t<\/li>\n\t\t\t\t\t\t\t\t<li class=\"elementor-icon-list-item\">\n\t\t\t\t\t\t\t\t\t\t\t<span class=\"elementor-icon-list-icon\">\n\t\t\t\t\t\t\t<svg aria-hidden=\"true\" class=\"e-font-icon-svg e-fas-check\" viewBox=\"0 0 512 512\" xmlns=\"http:\/\/www.w3.org\/2000\/svg\"><path d=\"M173.898 439.404l-166.4-166.4c-9.997-9.997-9.997-26.206 0-36.204l36.203-36.204c9.997-9.998 26.207-9.998 36.204 0L192 312.69 432.095 72.596c9.997-9.997 26.207-9.997 36.204 0l36.203 36.204c9.997 9.997 9.997 26.206 0 36.204l-294.4 294.401c-9.998 9.997-26.207 9.997-36.204-.001z\"><\/path><\/svg>\t\t\t\t\t\t<\/span>\n\t\t\t\t\t\t\t\t\t\t<span class=\"elementor-icon-list-text\">Citate directe<\/span>\n\t\t\t\t\t\t\t\t\t<\/li>\n\t\t\t\t\t\t\t\t<li class=\"elementor-icon-list-item\">\n\t\t\t\t\t\t\t\t\t\t\t<span class=\"elementor-icon-list-icon\">\n\t\t\t\t\t\t\t<svg aria-hidden=\"true\" class=\"e-font-icon-svg e-fas-check\" viewBox=\"0 0 512 512\" xmlns=\"http:\/\/www.w3.org\/2000\/svg\"><path d=\"M173.898 439.404l-166.4-166.4c-9.997-9.997-9.997-26.206 0-36.204l36.203-36.204c9.997-9.998 26.207-9.998 36.204 0L192 312.69 432.095 72.596c9.997-9.997 26.207-9.997 36.204 0l36.203 36.204c9.997 9.997 9.997 26.206 0 36.204l-294.4 294.401c-9.998 9.997-26.207 9.997-36.204-.001z\"><\/path><\/svg>\t\t\t\t\t\t<\/span>\n\t\t\t\t\t\t\t\t\t\t<span class=\"elementor-icon-list-text\">Transportatori de \u00eencredere, certifica\u021bi<\/span>\n\t\t\t\t\t\t\t\t\t<\/li>\n\t\t\t\t\t\t\t\t<li class=\"elementor-icon-list-item\">\n\t\t\t\t\t\t\t\t\t\t\t<span class=\"elementor-icon-list-icon\">\n\t\t\t\t\t\t\t<svg aria-hidden=\"true\" class=\"e-font-icon-svg e-fas-check\" viewBox=\"0 0 512 512\" xmlns=\"http:\/\/www.w3.org\/2000\/svg\"><path d=\"M173.898 439.404l-166.4-166.4c-9.997-9.997-9.997-26.206 0-36.204l36.203-36.204c9.997-9.998 26.207-9.998 36.204 0L192 312.69 432.095 72.596c9.997-9.997 26.207-9.997 36.204 0l36.203 36.204c9.997 9.997 9.997 26.206 0 36.204l-294.4 294.401c-9.998 9.997-26.207 9.997-36.204-.001z\"><\/path><\/svg>\t\t\t\t\t\t<\/span>\n\t\t\t\t\t\t\t\t\t\t<span class=\"elementor-icon-list-text\">Asisten\u021b\u0103 dedicat\u0103<\/span>\n\t\t\t\t\t\t\t\t\t<\/li>\n\t\t\t\t\t\t<\/ul>\n\t\t\t\t\t\t<\/div>\n\t\t\t\t<\/div>\n\t\t<div class=\"elementor-element elementor-element-023d1be e-grid e-con-full e-con e-child\" data-id=\"023d1be\" data-element_type=\"container\" data-e-type=\"container\">\n\t\t\t\t<div class=\"elementor-element elementor-element-0ee36d9 elementor-widget elementor-widget-button\" data-id=\"0ee36d9\" data-element_type=\"widget\" data-e-type=\"widget\" data-widget_type=\"button.default\">\n\t\t\t\t<div class=\"elementor-widget-container\">\n\t\t\t\t\t\t\t\t\t<div class=\"elementor-button-wrapper\">\n\t\t\t\t\t<a class=\"elementor-button elementor-button-link elementor-size-sm\" href=\"https:\/\/tool.transportinghighway.com\/p\/register?type=Client\" id=\"client-button\">\n\t\t\t\t\t\t<span class=\"elementor-button-content-wrapper\">\n\t\t\t\t\t\t\t\t\t<span class=\"elementor-button-text\">\u00cenregistrare gratuit\u0103<\/span>\n\t\t\t\t\t<\/span>\n\t\t\t\t\t<\/a>\n\t\t\t\t<\/div>\n\t\t\t\t\t\t\t\t<\/div>\n\t\t\t\t<\/div>\n\t\t\t\t<\/div>\n\t\t\t\t<\/div>\n\t\t<div class=\"elementor-element elementor-element-f620db7 e-con-full e-flex e-con e-child\" data-id=\"f620db7\" data-element_type=\"container\" data-e-type=\"container\">\n\t\t\t\t<div class=\"elementor-element elementor-element-bfce942 elementor-widget elementor-widget-heading\" data-id=\"bfce942\" data-element_type=\"widget\" data-e-type=\"widget\" data-widget_type=\"heading.default\">\n\t\t\t\t<div class=\"elementor-widget-container\">\n\t\t\t\t\t<h2 class=\"elementor-heading-title elementor-size-default\">\u00cen calitate de transportator<\/h2>\t\t\t\t<\/div>\n\t\t\t\t<\/div>\n\t\t\t\t<div class=\"elementor-element elementor-element-31359ca elementor-icon-list--layout-traditional elementor-list-item-link-full_width elementor-widget elementor-widget-icon-list\" data-id=\"31359ca\" data-element_type=\"widget\" data-e-type=\"widget\" data-widget_type=\"icon-list.default\">\n\t\t\t\t<div class=\"elementor-widget-container\">\n\t\t\t\t\t\t\t<ul class=\"elementor-icon-list-items\">\n\t\t\t\t\t\t\t<li class=\"elementor-icon-list-item\">\n\t\t\t\t\t\t\t\t\t\t\t<span class=\"elementor-icon-list-icon\">\n\t\t\t\t\t\t\t<svg aria-hidden=\"true\" class=\"e-font-icon-svg e-fas-check\" viewBox=\"0 0 512 512\" xmlns=\"http:\/\/www.w3.org\/2000\/svg\"><path d=\"M173.898 439.404l-166.4-166.4c-9.997-9.997-9.997-26.206 0-36.204l36.203-36.204c9.997-9.998 26.207-9.998 36.204 0L192 312.69 432.095 72.596c9.997-9.997 26.207-9.997 36.204 0l36.203 36.204c9.997 9.997 9.997 26.206 0 36.204l-294.4 294.401c-9.998 9.997-26.207 9.997-36.204-.001z\"><\/path><\/svg>\t\t\t\t\t\t<\/span>\n\t\t\t\t\t\t\t\t\t\t<span class=\"elementor-icon-list-text\">Oferte de munc\u0103 regulate<\/span>\n\t\t\t\t\t\t\t\t\t<\/li>\n\t\t\t\t\t\t\t\t<li class=\"elementor-icon-list-item\">\n\t\t\t\t\t\t\t\t\t\t\t<span class=\"elementor-icon-list-icon\">\n\t\t\t\t\t\t\t<svg aria-hidden=\"true\" class=\"e-font-icon-svg e-fas-check\" viewBox=\"0 0 512 512\" xmlns=\"http:\/\/www.w3.org\/2000\/svg\"><path d=\"M173.898 439.404l-166.4-166.4c-9.997-9.997-9.997-26.206 0-36.204l36.203-36.204c9.997-9.998 26.207-9.998 36.204 0L192 312.69 432.095 72.596c9.997-9.997 26.207-9.997 36.204 0l36.203 36.204c9.997 9.997 9.997 26.206 0 36.204l-294.4 294.401c-9.998 9.997-26.207 9.997-36.204-.001z\"><\/path><\/svg>\t\t\t\t\t\t<\/span>\n\t\t\t\t\t\t\t\t\t\t<span class=\"elementor-icon-list-text\">Pl\u0103\u021bi rapide<\/span>\n\t\t\t\t\t\t\t\t\t<\/li>\n\t\t\t\t\t\t\t\t<li class=\"elementor-icon-list-item\">\n\t\t\t\t\t\t\t\t\t\t\t<span class=\"elementor-icon-list-icon\">\n\t\t\t\t\t\t\t<svg aria-hidden=\"true\" class=\"e-font-icon-svg e-fas-check\" viewBox=\"0 0 512 512\" xmlns=\"http:\/\/www.w3.org\/2000\/svg\"><path d=\"M173.898 439.404l-166.4-166.4c-9.997-9.997-9.997-26.206 0-36.204l36.203-36.204c9.997-9.998 26.207-9.998 36.204 0L192 312.69 432.095 72.596c9.997-9.997 26.207-9.997 36.204 0l36.203 36.204c9.997 9.997 9.997 26.206 0 36.204l-294.4 294.401c-9.998 9.997-26.207 9.997-36.204-.001z\"><\/path><\/svg>\t\t\t\t\t\t<\/span>\n\t\t\t\t\t\t\t\t\t\t<span class=\"elementor-icon-list-text\">Pre\u021buri fixe<\/span>\n\t\t\t\t\t\t\t\t\t<\/li>\n\t\t\t\t\t\t\t\t<li class=\"elementor-icon-list-item\">\n\t\t\t\t\t\t\t\t\t\t\t<span class=\"elementor-icon-list-icon\">\n\t\t\t\t\t\t\t<svg aria-hidden=\"true\" class=\"e-font-icon-svg e-fas-check\" viewBox=\"0 0 512 512\" xmlns=\"http:\/\/www.w3.org\/2000\/svg\"><path d=\"M173.898 439.404l-166.4-166.4c-9.997-9.997-9.997-26.206 0-36.204l36.203-36.204c9.997-9.998 26.207-9.998 36.204 0L192 312.69 432.095 72.596c9.997-9.997 26.207-9.997 36.204 0l36.203 36.204c9.997 9.997 9.997 26.206 0 36.204l-294.4 294.401c-9.998 9.997-26.207 9.997-36.204-.001z\"><\/path><\/svg>\t\t\t\t\t\t<\/span>\n\t\t\t\t\t\t\t\t\t\t<span class=\"elementor-icon-list-text\">Gestionarea eficient\u0103 a comenzilor<\/span>\n\t\t\t\t\t\t\t\t\t<\/li>\n\t\t\t\t\t\t<\/ul>\n\t\t\t\t\t\t<\/div>\n\t\t\t\t<\/div>\n\t\t<div class=\"elementor-element elementor-element-53bd3b9 e-grid e-con-full e-con e-child\" data-id=\"53bd3b9\" data-element_type=\"container\" data-e-type=\"container\">\n\t\t\t\t<div class=\"elementor-element elementor-element-ce59fea elementor-widget elementor-widget-button\" data-id=\"ce59fea\" data-element_type=\"widget\" data-e-type=\"widget\" data-widget_type=\"button.default\">\n\t\t\t\t<div class=\"elementor-widget-container\">\n\t\t\t\t\t\t\t\t\t<div class=\"elementor-button-wrapper\">\n\t\t\t\t\t<a class=\"elementor-button elementor-button-link elementor-size-sm\" href=\"https:\/\/tool.transportinghighway.com\/p\/register?type=Carrier\" id=\"transporter-button\">\n\t\t\t\t\t\t<span class=\"elementor-button-content-wrapper\">\n\t\t\t\t\t\t\t\t\t<span class=\"elementor-button-text\">\u00cenregistrare gratuit\u0103<\/span>\n\t\t\t\t\t<\/span>\n\t\t\t\t\t<\/a>\n\t\t\t\t<\/div>\n\t\t\t\t\t\t\t\t<\/div>\n\t\t\t\t<\/div>\n\t\t\t\t<\/div>\n\t\t\t\t<\/div>\n\t\t\t\t\t<\/div>\n\t\t\t\t<\/div>\n\t\t<div class=\"elementor-element elementor-element-2b22d4d e-con-full e-flex e-con e-child\" data-id=\"2b22d4d\" data-element_type=\"container\" data-e-type=\"container\">\n\t\t\t\t<\/div>\n\t\t\t\t<\/div>\n\t\t\t\t\t<\/div>\n\t\t\t\t<\/div>\n\t\t<div class=\"elementor-element elementor-element-7e56b6b e-flex e-con-boxed e-con e-parent\" data-id=\"7e56b6b\" data-element_type=\"container\" data-e-type=\"container\" data-settings=\"{&quot;background_background&quot;:&quot;classic&quot;}\">\n\t\t\t\t\t<div class=\"e-con-inner\">\n\t\t\t\t<div class=\"elementor-element elementor-element-325404e elementor-widget elementor-widget-spacer\" data-id=\"325404e\" data-element_type=\"widget\" data-e-type=\"widget\" data-widget_type=\"spacer.default\">\n\t\t\t\t<div class=\"elementor-widget-container\">\n\t\t\t\t\t\t\t<div class=\"elementor-spacer\">\n\t\t\t<div class=\"elementor-spacer-inner\"><\/div>\n\t\t<\/div>\n\t\t\t\t\t\t<\/div>\n\t\t\t\t<\/div>\n\t\t\t\t\t<\/div>\n\t\t\t\t<\/div>\n\t\t\t\t<\/div>\n\t\t","protected":false},"excerpt":{"rendered":"<p>\u00cenregistrare \u00censcrie\u021bi-v\u0103 la noi \u0219i bucura\u021bi-v\u0103 de toate avantajele oferite de platforma noastr\u0103. \u00cen calitate de client Rezervare online rapid\u0103 Citate directe Transportatori de \u00eencredere, certifica\u021bi Asisten\u021b\u0103 dedicat\u0103 \u00cenregistrare gratuit\u0103 \u00cen calitate de transportator Oferte de munc\u0103 regulate Pl\u0103\u021bi rapide Pre\u021buri fixe Gestionarea eficient\u0103 a comenzilor \u00cenregistrare gratuit\u0103<\/p>\n","protected":false},"author":1,"featured_media":0,"parent":0,"menu_order":0,"comment_status":"closed","ping_status":"closed","template":"calculation-result.php","meta":{"inline_featured_image":false,"_joinchat":[],"footnotes":""},"class_list":["post-4395","page","type-page","status-publish","hentry"],"yoast_head":"<!-- This site is optimized with the Yoast SEO plugin v27.5 - https:\/\/yoast.com\/product\/yoast-seo-wordpress\/ -->\n<title>\u00cenregistrare - Transporting Highway<\/title>\n<meta name=\"robots\" content=\"index, follow, max-snippet:-1, max-image-preview:large, max-video-preview:-1\" \/>\n<link rel=\"canonical\" href=\"https:\/\/transportinghighway.shudesign.nl\/ro\/inregistrare\/\" \/>\n<meta property=\"og:locale\" content=\"ro_RO\" \/>\n<meta property=\"og:type\" content=\"article\" \/>\n<meta property=\"og:title\" content=\"\u00cenregistrare - Transporting Highway\" \/>\n<meta property=\"og:description\" content=\"\u00cenregistrare \u00censcrie\u021bi-v\u0103 la noi \u0219i bucura\u021bi-v\u0103 de toate avantajele oferite de platforma noastr\u0103. \u00cen calitate de client Rezervare online rapid\u0103 Citate directe Transportatori de \u00eencredere, certifica\u021bi Asisten\u021b\u0103 dedicat\u0103 \u00cenregistrare gratuit\u0103 \u00cen calitate de transportator Oferte de munc\u0103 regulate Pl\u0103\u021bi rapide Pre\u021buri fixe Gestionarea eficient\u0103 a comenzilor \u00cenregistrare gratuit\u0103\" \/>\n<meta property=\"og:url\" content=\"https:\/\/transportinghighway.shudesign.nl\/ro\/inregistrare\/\" \/>\n<meta property=\"og:site_name\" content=\"Transporting Highway\" \/>\n<meta property=\"article:modified_time\" content=\"2024-11-28T10:39:18+00:00\" \/>\n<meta name=\"twitter:card\" content=\"summary_large_image\" \/>\n<script type=\"application\/ld+json\" class=\"yoast-schema-graph\">{\"@context\":\"https:\\\/\\\/schema.org\",\"@graph\":[{\"@type\":\"WebPage\",\"@id\":\"https:\\\/\\\/transportinghighway.shudesign.nl\\\/ro\\\/inregistrare\\\/\",\"url\":\"https:\\\/\\\/transportinghighway.shudesign.nl\\\/ro\\\/inregistrare\\\/\",\"name\":\"\u00cenregistrare - Transporting Highway\",\"isPartOf\":{\"@id\":\"https:\\\/\\\/transportinghighway.shudesign.nl\\\/ro\\\/#website\"},\"datePublished\":\"2024-10-25T13:55:13+00:00\",\"dateModified\":\"2024-11-28T10:39:18+00:00\",\"breadcrumb\":{\"@id\":\"https:\\\/\\\/transportinghighway.shudesign.nl\\\/ro\\\/inregistrare\\\/#breadcrumb\"},\"inLanguage\":\"ro-RO\",\"potentialAction\":[{\"@type\":\"ReadAction\",\"target\":[\"https:\\\/\\\/transportinghighway.shudesign.nl\\\/ro\\\/inregistrare\\\/\"]}]},{\"@type\":\"BreadcrumbList\",\"@id\":\"https:\\\/\\\/transportinghighway.shudesign.nl\\\/ro\\\/inregistrare\\\/#breadcrumb\",\"itemListElement\":[{\"@type\":\"ListItem\",\"position\":1,\"name\":\"Home\",\"item\":\"https:\\\/\\\/transportinghighway.shudesign.nl\\\/ro\\\/acasa\\\/\"},{\"@type\":\"ListItem\",\"position\":2,\"name\":\"\u00cenregistrare\"}]},{\"@type\":\"WebSite\",\"@id\":\"https:\\\/\\\/transportinghighway.shudesign.nl\\\/ro\\\/#website\",\"url\":\"https:\\\/\\\/transportinghighway.shudesign.nl\\\/ro\\\/\",\"name\":\"Transporting Highway\",\"description\":\"Vervoer uw auto&#039;s door Europa\",\"publisher\":{\"@id\":\"https:\\\/\\\/transportinghighway.shudesign.nl\\\/ro\\\/#organization\"},\"potentialAction\":[{\"@type\":\"SearchAction\",\"target\":{\"@type\":\"EntryPoint\",\"urlTemplate\":\"https:\\\/\\\/transportinghighway.shudesign.nl\\\/ro\\\/?s={search_term_string}\"},\"query-input\":{\"@type\":\"PropertyValueSpecification\",\"valueRequired\":true,\"valueName\":\"search_term_string\"}}],\"inLanguage\":\"ro-RO\"},{\"@type\":\"Organization\",\"@id\":\"https:\\\/\\\/transportinghighway.shudesign.nl\\\/ro\\\/#organization\",\"name\":\"Transporting Highway\",\"url\":\"https:\\\/\\\/transportinghighway.shudesign.nl\\\/ro\\\/\",\"logo\":{\"@type\":\"ImageObject\",\"inLanguage\":\"ro-RO\",\"@id\":\"https:\\\/\\\/transportinghighway.shudesign.nl\\\/ro\\\/#\\\/schema\\\/logo\\\/image\\\/\",\"url\":\"https:\\\/\\\/transportinghighway.shudesign.nl\\\/wp-content\\\/uploads\\\/2023\\\/05\\\/transporting-highway-logo.svg\",\"contentUrl\":\"https:\\\/\\\/transportinghighway.shudesign.nl\\\/wp-content\\\/uploads\\\/2023\\\/05\\\/transporting-highway-logo.svg\",\"width\":\"1920\",\"height\":\"1080\",\"caption\":\"Transporting Highway\"},\"image\":{\"@id\":\"https:\\\/\\\/transportinghighway.shudesign.nl\\\/ro\\\/#\\\/schema\\\/logo\\\/image\\\/\"}}]}<\/script>\n<!-- \/ Yoast SEO plugin. -->","yoast_head_json":{"title":"\u00cenregistrare - Transporting Highway","robots":{"index":"index","follow":"follow","max-snippet":"max-snippet:-1","max-image-preview":"max-image-preview:large","max-video-preview":"max-video-preview:-1"},"canonical":"https:\/\/transportinghighway.shudesign.nl\/ro\/inregistrare\/","og_locale":"ro_RO","og_type":"article","og_title":"\u00cenregistrare - Transporting Highway","og_description":"\u00cenregistrare \u00censcrie\u021bi-v\u0103 la noi \u0219i bucura\u021bi-v\u0103 de toate avantajele oferite de platforma noastr\u0103. \u00cen calitate de client Rezervare online rapid\u0103 Citate directe Transportatori de \u00eencredere, certifica\u021bi Asisten\u021b\u0103 dedicat\u0103 \u00cenregistrare gratuit\u0103 \u00cen calitate de transportator Oferte de munc\u0103 regulate Pl\u0103\u021bi rapide Pre\u021buri fixe Gestionarea eficient\u0103 a comenzilor \u00cenregistrare gratuit\u0103","og_url":"https:\/\/transportinghighway.shudesign.nl\/ro\/inregistrare\/","og_site_name":"Transporting Highway","article_modified_time":"2024-11-28T10:39:18+00:00","twitter_card":"summary_large_image","schema":{"@context":"https:\/\/schema.org","@graph":[{"@type":"WebPage","@id":"https:\/\/transportinghighway.shudesign.nl\/ro\/inregistrare\/","url":"https:\/\/transportinghighway.shudesign.nl\/ro\/inregistrare\/","name":"\u00cenregistrare - Transporting Highway","isPartOf":{"@id":"https:\/\/transportinghighway.shudesign.nl\/ro\/#website"},"datePublished":"2024-10-25T13:55:13+00:00","dateModified":"2024-11-28T10:39:18+00:00","breadcrumb":{"@id":"https:\/\/transportinghighway.shudesign.nl\/ro\/inregistrare\/#breadcrumb"},"inLanguage":"ro-RO","potentialAction":[{"@type":"ReadAction","target":["https:\/\/transportinghighway.shudesign.nl\/ro\/inregistrare\/"]}]},{"@type":"BreadcrumbList","@id":"https:\/\/transportinghighway.shudesign.nl\/ro\/inregistrare\/#breadcrumb","itemListElement":[{"@type":"ListItem","position":1,"name":"Home","item":"https:\/\/transportinghighway.shudesign.nl\/ro\/acasa\/"},{"@type":"ListItem","position":2,"name":"\u00cenregistrare"}]},{"@type":"WebSite","@id":"https:\/\/transportinghighway.shudesign.nl\/ro\/#website","url":"https:\/\/transportinghighway.shudesign.nl\/ro\/","name":"Transporting Highway","description":"Vervoer uw auto&#039;s door Europa","publisher":{"@id":"https:\/\/transportinghighway.shudesign.nl\/ro\/#organization"},"potentialAction":[{"@type":"SearchAction","target":{"@type":"EntryPoint","urlTemplate":"https:\/\/transportinghighway.shudesign.nl\/ro\/?s={search_term_string}"},"query-input":{"@type":"PropertyValueSpecification","valueRequired":true,"valueName":"search_term_string"}}],"inLanguage":"ro-RO"},{"@type":"Organization","@id":"https:\/\/transportinghighway.shudesign.nl\/ro\/#organization","name":"Transporting Highway","url":"https:\/\/transportinghighway.shudesign.nl\/ro\/","logo":{"@type":"ImageObject","inLanguage":"ro-RO","@id":"https:\/\/transportinghighway.shudesign.nl\/ro\/#\/schema\/logo\/image\/","url":"https:\/\/transportinghighway.shudesign.nl\/wp-content\/uploads\/2023\/05\/transporting-highway-logo.svg","contentUrl":"https:\/\/transportinghighway.shudesign.nl\/wp-content\/uploads\/2023\/05\/transporting-highway-logo.svg","width":"1920","height":"1080","caption":"Transporting Highway"},"image":{"@id":"https:\/\/transportinghighway.shudesign.nl\/ro\/#\/schema\/logo\/image\/"}}]}},"_links":{"self":[{"href":"https:\/\/transportinghighway.shudesign.nl\/ro\/wp-json\/wp\/v2\/pages\/4395","targetHints":{"allow":["GET"]}}],"collection":[{"href":"https:\/\/transportinghighway.shudesign.nl\/ro\/wp-json\/wp\/v2\/pages"}],"about":[{"href":"https:\/\/transportinghighway.shudesign.nl\/ro\/wp-json\/wp\/v2\/types\/page"}],"author":[{"embeddable":true,"href":"https:\/\/transportinghighway.shudesign.nl\/ro\/wp-json\/wp\/v2\/users\/1"}],"replies":[{"embeddable":true,"href":"https:\/\/transportinghighway.shudesign.nl\/ro\/wp-json\/wp\/v2\/comments?post=4395"}],"version-history":[{"count":3,"href":"https:\/\/transportinghighway.shudesign.nl\/ro\/wp-json\/wp\/v2\/pages\/4395\/revisions"}],"predecessor-version":[{"id":4550,"href":"https:\/\/transportinghighway.shudesign.nl\/ro\/wp-json\/wp\/v2\/pages\/4395\/revisions\/4550"}],"wp:attachment":[{"href":"https:\/\/transportinghighway.shudesign.nl\/ro\/wp-json\/wp\/v2\/media?parent=4395"}],"curies":[{"name":"wp","href":"https:\/\/api.w.org\/{rel}","templated":true}]}}