{"id":1047,"date":"2024-04-13T19:46:41","date_gmt":"2024-04-13T19:46:41","guid":{"rendered":"https:\/\/transportinghighway.com\/blog\/"},"modified":"2024-06-25T19:25:58","modified_gmt":"2024-06-25T19:25:58","slug":"blog","status":"publish","type":"page","link":"https:\/\/transportinghighway.shudesign.nl\/ro\/blog\/","title":{"rendered":"Blog"},"content":{"rendered":"\t\t<div data-elementor-type=\"wp-page\" data-elementor-id=\"1047\" class=\"elementor elementor-1047 elementor-776\" data-elementor-post-type=\"page\">\n\t\t\t\t<div class=\"elementor-element elementor-element-6fd7321b e-flex e-con-boxed e-con e-parent\" data-id=\"6fd7321b\" data-element_type=\"container\" data-e-type=\"container\" data-settings=\"{&quot;background_background&quot;:&quot;classic&quot;}\">\n\t\t\t\t\t<div class=\"e-con-inner\">\n\t\t\t\t<div class=\"elementor-element elementor-element-8575dc1 elementor-widget elementor-widget-heading\" data-id=\"8575dc1\" data-element_type=\"widget\" data-e-type=\"widget\" data-widget_type=\"heading.default\">\n\t\t\t\t<div class=\"elementor-widget-container\">\n\t\t\t\t\t<h1 class=\"elementor-heading-title elementor-size-default\"><span class=\"orange-text\">Blog<\/span><\/h1>\t\t\t\t<\/div>\n\t\t\t\t<\/div>\n\t\t\t\t\t<\/div>\n\t\t\t\t<\/div>\n\t\t<div class=\"elementor-element elementor-element-3b592950 e-flex e-con-boxed e-con e-parent\" data-id=\"3b592950\" data-element_type=\"container\" data-e-type=\"container\">\n\t\t\t\t\t<div class=\"e-con-inner\">\n\t\t\t\t<div class=\"elementor-element elementor-element-67b8309b elementor-grid-3 elementor-grid-tablet-2 elementor-grid-mobile-1 elementor-posts--thumbnail-top elementor-posts__hover-gradient elementor-widget elementor-widget-posts\" data-id=\"67b8309b\" data-element_type=\"widget\" data-e-type=\"widget\" data-settings=\"{&quot;cards_row_gap&quot;:{&quot;unit&quot;:&quot;px&quot;,&quot;size&quot;:80,&quot;sizes&quot;:[]},&quot;cards_row_gap_tablet&quot;:{&quot;unit&quot;:&quot;px&quot;,&quot;size&quot;:71,&quot;sizes&quot;:[]},&quot;cards_row_gap_mobile&quot;:{&quot;unit&quot;:&quot;px&quot;,&quot;size&quot;:30,&quot;sizes&quot;:[]},&quot;pagination_type&quot;:&quot;numbers_and_prev_next&quot;,&quot;cards_columns&quot;:&quot;3&quot;,&quot;cards_columns_tablet&quot;:&quot;2&quot;,&quot;cards_columns_mobile&quot;:&quot;1&quot;}\" data-widget_type=\"posts.cards\">\n\t\t\t\t<div class=\"elementor-widget-container\">\n\t\t\t\t\t\t\t<div class=\"elementor-posts-container elementor-posts elementor-posts--skin-cards elementor-grid\">\n\t\t\t\t<article class=\"elementor-post elementor-grid-item post-4497 post type-post status-publish format-standard has-post-thumbnail hentry category-geen-onderdeel-van-een-categorie\">\n\t\t\t<div class=\"elementor-post__card\">\n\t\t\t\t<a class=\"elementor-post__thumbnail__link\" href=\"https:\/\/transportinghighway.shudesign.nl\/ro\/de-ce-este-importanta-asigurarea-pentru-siguranta-in-transportul-de-vehicule\/\" tabindex=\"-1\" ><div class=\"elementor-post__thumbnail\"><img fetchpriority=\"high\" decoding=\"async\" width=\"800\" height=\"800\" src=\"https:\/\/transportinghighway.shudesign.nl\/wp-content\/uploads\/2024\/11\/car-insurance-document-flat-style-licence-vehicle-checklist-folder-security-agreement-automobile-company-transport-report-187031583.webp\" class=\"attachment-large size-large wp-image-4475\" alt=\"insurance vehicle transport\" srcset=\"https:\/\/transportinghighway.shudesign.nl\/wp-content\/uploads\/2024\/11\/car-insurance-document-flat-style-licence-vehicle-checklist-folder-security-agreement-automobile-company-transport-report-187031583.webp 800w, https:\/\/transportinghighway.shudesign.nl\/wp-content\/uploads\/2024\/11\/car-insurance-document-flat-style-licence-vehicle-checklist-folder-security-agreement-automobile-company-transport-report-187031583-768x768.webp 768w\" sizes=\"(max-width: 800px) 100vw, 800px\" \/><\/div><\/a>\n\t\t\t\t<div class=\"elementor-post__text\">\n\t\t\t\t<h4 class=\"elementor-post__title\">\n\t\t\t<a href=\"https:\/\/transportinghighway.shudesign.nl\/ro\/de-ce-este-importanta-asigurarea-pentru-siguranta-in-transportul-de-vehicule\/\" >\n\t\t\t\tDe ce este important\u0103 asigurarea pentru siguran\u021ba \u00een transportul de vehicule:\t\t\t<\/a>\n\t\t<\/h4>\n\t\t\t\t<div class=\"elementor-post__excerpt\">\n\t\t\t<p>C\u00e2nd vine vorba de asigurarea transportului de vehicule, nu este negociabil s\u0103 v\u0103 asigura\u021bi c\u0103 toate \u00eenc\u0103rc\u0103turile sunt complet protejate. La Transporting Highway, suntem m\u00e2ndri s\u0103 oferim o experien\u021b\u0103 de<\/p>\n\t\t<\/div>\n\t\t\n\t\t<a class=\"elementor-post__read-more\" href=\"https:\/\/transportinghighway.shudesign.nl\/ro\/de-ce-este-importanta-asigurarea-pentru-siguranta-in-transportul-de-vehicule\/\" aria-label=\"Read more about De ce este important\u0103 asigurarea pentru siguran\u021ba \u00een transportul de vehicule:\" tabindex=\"-1\" >\n\t\t\tCite\u0219te mai mult\t\t<\/a>\n\n\t\t\t\t<\/div>\n\t\t\t\t\t<\/div>\n\t\t<\/article>\n\t\t\t\t<article class=\"elementor-post elementor-grid-item post-3811 post type-post status-publish format-standard has-post-thumbnail hentry category-geen-onderdeel-van-een-categorie\">\n\t\t\t<div class=\"elementor-post__card\">\n\t\t\t\t<a class=\"elementor-post__thumbnail__link\" href=\"https:\/\/transportinghighway.shudesign.nl\/ro\/6-conferinte-si-evenimente-europene-privind-gestionarea-flotelor-la-care-trebuie-sa-participati\/\" tabindex=\"-1\" ><div class=\"elementor-post__thumbnail\"><img decoding=\"async\" width=\"500\" height=\"429\" src=\"https:\/\/transportinghighway.shudesign.nl\/wp-content\/uploads\/2024\/10\/image-2.png\" class=\"attachment-large size-large wp-image-3739\" alt=\"\" \/><\/div><\/a>\n\t\t\t\t<div class=\"elementor-post__text\">\n\t\t\t\t<h4 class=\"elementor-post__title\">\n\t\t\t<a href=\"https:\/\/transportinghighway.shudesign.nl\/ro\/6-conferinte-si-evenimente-europene-privind-gestionarea-flotelor-la-care-trebuie-sa-participati\/\" >\n\t\t\t\t6 conferin\u021be \u0219i evenimente europene privind gestionarea flotelor la care trebuie s\u0103 participa\u021bi\t\t\t<\/a>\n\t\t<\/h4>\n\t\t\t\t<div class=\"elementor-post__excerpt\">\n\t\t\t<p>Poate c\u0103 nu este u\u0219or s\u0103 gestionezi o flot\u0103 de vehicule. \u021ainerea costurilor sub control, asigurarea satisfac\u021biei \u0219oferilor \u0219i men\u021binerea fiabilit\u0103\u021bii vehiculelor este complicat\u0103. Pentru a dep\u0103\u0219i aceste provoc\u0103ri \u0219i<\/p>\n\t\t<\/div>\n\t\t\n\t\t<a class=\"elementor-post__read-more\" href=\"https:\/\/transportinghighway.shudesign.nl\/ro\/6-conferinte-si-evenimente-europene-privind-gestionarea-flotelor-la-care-trebuie-sa-participati\/\" aria-label=\"Read more about 6 conferin\u021be \u0219i evenimente europene privind gestionarea flotelor la care trebuie s\u0103 participa\u021bi\" tabindex=\"-1\" >\n\t\t\tCite\u0219te mai mult\t\t<\/a>\n\n\t\t\t\t<\/div>\n\t\t\t\t\t<\/div>\n\t\t<\/article>\n\t\t\t\t<article class=\"elementor-post elementor-grid-item post-3371 post type-post status-publish format-standard has-post-thumbnail hentry category-geen-onderdeel-van-een-categorie\">\n\t\t\t<div class=\"elementor-post__card\">\n\t\t\t\t<a class=\"elementor-post__thumbnail__link\" href=\"https:\/\/transportinghighway.shudesign.nl\/ro\/cum-afecteaza-sezonalitatea-serviciile-de-transport-auto\/\" tabindex=\"-1\" ><div class=\"elementor-post__thumbnail\"><img decoding=\"async\" width=\"800\" height=\"557\" src=\"https:\/\/transportinghighway.shudesign.nl\/wp-content\/uploads\/2024\/08\/Captura-de-pantalla-2024-08-28-a-las-16.15.09.png\" class=\"attachment-large size-large wp-image-3071\" alt=\"\" srcset=\"https:\/\/transportinghighway.shudesign.nl\/wp-content\/uploads\/2024\/08\/Captura-de-pantalla-2024-08-28-a-las-16.15.09.png 1492w, https:\/\/transportinghighway.shudesign.nl\/wp-content\/uploads\/2024\/08\/Captura-de-pantalla-2024-08-28-a-las-16.15.09-1024x712.png 1024w, https:\/\/transportinghighway.shudesign.nl\/wp-content\/uploads\/2024\/08\/Captura-de-pantalla-2024-08-28-a-las-16.15.09-768x534.png 768w, https:\/\/transportinghighway.shudesign.nl\/wp-content\/uploads\/2024\/08\/Captura-de-pantalla-2024-08-28-a-las-16.15.09-1320x918.png 1320w\" sizes=\"(max-width: 800px) 100vw, 800px\" \/><\/div><\/a>\n\t\t\t\t<div class=\"elementor-post__text\">\n\t\t\t\t<h4 class=\"elementor-post__title\">\n\t\t\t<a href=\"https:\/\/transportinghighway.shudesign.nl\/ro\/cum-afecteaza-sezonalitatea-serviciile-de-transport-auto\/\" >\n\t\t\t\tCum afecteaz\u0103 sezonalitatea serviciile de transport auto\t\t\t<\/a>\n\t\t<\/h4>\n\t\t\t\t<div class=\"elementor-post__excerpt\">\n\t\t\t<p>Serviciile de transport auto sunt la fel ca orice alt\u0103 industrie; foarte sensibile la varia\u021biile sezoniere. Fiecare sezon are propriile provoc\u0103ri \u0219i \u0219anse. Sezoanele de v\u00e2rf \u0219i sezoniere, vremea nefavorabil\u0103<\/p>\n\t\t<\/div>\n\t\t\n\t\t<a class=\"elementor-post__read-more\" href=\"https:\/\/transportinghighway.shudesign.nl\/ro\/cum-afecteaza-sezonalitatea-serviciile-de-transport-auto\/\" aria-label=\"Read more about Cum afecteaz\u0103 sezonalitatea serviciile de transport auto\" tabindex=\"-1\" >\n\t\t\tCite\u0219te mai mult\t\t<\/a>\n\n\t\t\t\t<\/div>\n\t\t\t\t\t<\/div>\n\t\t<\/article>\n\t\t\t\t<article class=\"elementor-post elementor-grid-item post-2734 post type-post status-publish format-standard has-post-thumbnail hentry category-geen-onderdeel-van-een-categorie\">\n\t\t\t<div class=\"elementor-post__card\">\n\t\t\t\t<a class=\"elementor-post__thumbnail__link\" href=\"https:\/\/transportinghighway.shudesign.nl\/ro\/rolul-transportului-maritim-de-masini-in-extinderea-razei-de-actiune-pe-piata-a-dealerilor-auto\/\" tabindex=\"-1\" ><div class=\"elementor-post__thumbnail\"><img loading=\"lazy\" decoding=\"async\" width=\"800\" height=\"533\" src=\"https:\/\/transportinghighway.shudesign.nl\/wp-content\/uploads\/2024\/07\/car-dealers_car-showroom.jpg\" class=\"attachment-large size-large wp-image-2721\" alt=\"car dealer\" srcset=\"https:\/\/transportinghighway.shudesign.nl\/wp-content\/uploads\/2024\/07\/car-dealers_car-showroom.jpg 1200w, https:\/\/transportinghighway.shudesign.nl\/wp-content\/uploads\/2024\/07\/car-dealers_car-showroom-1024x683.jpg 1024w, https:\/\/transportinghighway.shudesign.nl\/wp-content\/uploads\/2024\/07\/car-dealers_car-showroom-768x512.jpg 768w\" sizes=\"(max-width: 800px) 100vw, 800px\" \/><\/div><\/a>\n\t\t\t\t<div class=\"elementor-post__text\">\n\t\t\t\t<h4 class=\"elementor-post__title\">\n\t\t\t<a href=\"https:\/\/transportinghighway.shudesign.nl\/ro\/rolul-transportului-maritim-de-masini-in-extinderea-razei-de-actiune-pe-piata-a-dealerilor-auto\/\" >\n\t\t\t\tRolul transportului maritim de ma\u0219ini \u00een extinderea razei de ac\u021biune pe pia\u021b\u0103 a dealerilor auto\t\t\t<\/a>\n\t\t<\/h4>\n\t\t\t\t<div class=\"elementor-post__excerpt\">\n\t\t\t<p>Dorin\u021bele clien\u021bilor se schimb\u0103 \u00een timp, ceea ce face mai dificil\u0103 r\u0103m\u00e2nerea \u00een afaceri a parcurilor auto. Serviciile de transport auto sunt disponibile imediat dealerilor pentru a r\u0103m\u00e2ne competitivi \u0219i<\/p>\n\t\t<\/div>\n\t\t\n\t\t<a class=\"elementor-post__read-more\" href=\"https:\/\/transportinghighway.shudesign.nl\/ro\/rolul-transportului-maritim-de-masini-in-extinderea-razei-de-actiune-pe-piata-a-dealerilor-auto\/\" aria-label=\"Read more about Rolul transportului maritim de ma\u0219ini \u00een extinderea razei de ac\u021biune pe pia\u021b\u0103 a dealerilor auto\" tabindex=\"-1\" >\n\t\t\tCite\u0219te mai mult\t\t<\/a>\n\n\t\t\t\t<\/div>\n\t\t\t\t\t<\/div>\n\t\t<\/article>\n\t\t\t\t<article class=\"elementor-post elementor-grid-item post-2693 post type-post status-publish format-standard has-post-thumbnail hentry category-geen-onderdeel-van-een-categorie\">\n\t\t\t<div class=\"elementor-post__card\">\n\t\t\t\t<a class=\"elementor-post__thumbnail__link\" href=\"https:\/\/transportinghighway.shudesign.nl\/ro\/maximizarea-profiturilor-cu-servicii-fiabile-de-transport-auto\/\" tabindex=\"-1\" ><div class=\"elementor-post__thumbnail\"><img loading=\"lazy\" decoding=\"async\" width=\"800\" height=\"593\" src=\"https:\/\/transportinghighway.shudesign.nl\/wp-content\/uploads\/2024\/07\/image-4-1456x1080.png\" class=\"attachment-large size-large wp-image-2668\" alt=\"\" srcset=\"https:\/\/transportinghighway.shudesign.nl\/wp-content\/uploads\/2024\/07\/image-4-1456x1080.png 1456w, https:\/\/transportinghighway.shudesign.nl\/wp-content\/uploads\/2024\/07\/image-4-1024x760.png 1024w, https:\/\/transportinghighway.shudesign.nl\/wp-content\/uploads\/2024\/07\/image-4-768x570.png 768w, https:\/\/transportinghighway.shudesign.nl\/wp-content\/uploads\/2024\/07\/image-4-1536x1139.png 1536w, https:\/\/transportinghighway.shudesign.nl\/wp-content\/uploads\/2024\/07\/image-4-1320x979.png 1320w, https:\/\/transportinghighway.shudesign.nl\/wp-content\/uploads\/2024\/07\/image-4.png 1840w\" sizes=\"(max-width: 800px) 100vw, 800px\" \/><\/div><\/a>\n\t\t\t\t<div class=\"elementor-post__text\">\n\t\t\t\t<h4 class=\"elementor-post__title\">\n\t\t\t<a href=\"https:\/\/transportinghighway.shudesign.nl\/ro\/maximizarea-profiturilor-cu-servicii-fiabile-de-transport-auto\/\" >\n\t\t\t\tMaximizarea profiturilor cu servicii fiabile de transport auto\t\t\t<\/a>\n\t\t<\/h4>\n\t\t\t\t<div class=\"elementor-post__excerpt\">\n\t\t\t<p>Transportul auto eficient \u0219i fiabil este coloana vertebral\u0103 care formeaz\u0103 \u0219i produce rota\u021bia stocurilor \u0219i satisfac\u021bia clien\u021bilor. O reprezentan\u021b\u0103 auto de succes implic\u0103 livrarea la timp a vehiculelor. Aceasta nu<\/p>\n\t\t<\/div>\n\t\t\n\t\t<a class=\"elementor-post__read-more\" href=\"https:\/\/transportinghighway.shudesign.nl\/ro\/maximizarea-profiturilor-cu-servicii-fiabile-de-transport-auto\/\" aria-label=\"Read more about Maximizarea profiturilor cu servicii fiabile de transport auto\" tabindex=\"-1\" >\n\t\t\tCite\u0219te mai mult\t\t<\/a>\n\n\t\t\t\t<\/div>\n\t\t\t\t\t<\/div>\n\t\t<\/article>\n\t\t\t\t<article class=\"elementor-post elementor-grid-item post-2681 post type-post status-publish format-standard has-post-thumbnail hentry category-geen-onderdeel-van-een-categorie\">\n\t\t\t<div class=\"elementor-post__card\">\n\t\t\t\t<a class=\"elementor-post__thumbnail__link\" href=\"https:\/\/transportinghighway.shudesign.nl\/ro\/lantul-dumneavoastra-de-aprovizionare-auto-cu-transport-auto-eficient\/\" tabindex=\"-1\" ><div class=\"elementor-post__thumbnail\"><img loading=\"lazy\" decoding=\"async\" width=\"800\" height=\"377\" src=\"https:\/\/transportinghighway.shudesign.nl\/wp-content\/uploads\/2024\/07\/shutterstock_2255577621-1-scaled-1-1920x904.jpg\" class=\"attachment-large size-large wp-image-2645\" alt=\"car transport supply chain\" srcset=\"https:\/\/transportinghighway.shudesign.nl\/wp-content\/uploads\/2024\/07\/shutterstock_2255577621-1-scaled-1-1920x904.jpg 1920w, https:\/\/transportinghighway.shudesign.nl\/wp-content\/uploads\/2024\/07\/shutterstock_2255577621-1-scaled-1-1024x482.jpg 1024w, https:\/\/transportinghighway.shudesign.nl\/wp-content\/uploads\/2024\/07\/shutterstock_2255577621-1-scaled-1-768x362.jpg 768w, https:\/\/transportinghighway.shudesign.nl\/wp-content\/uploads\/2024\/07\/shutterstock_2255577621-1-scaled-1-1536x723.jpg 1536w, https:\/\/transportinghighway.shudesign.nl\/wp-content\/uploads\/2024\/07\/shutterstock_2255577621-1-scaled-1-2048x964.jpg 2048w, https:\/\/transportinghighway.shudesign.nl\/wp-content\/uploads\/2024\/07\/shutterstock_2255577621-1-scaled-1-1320x621.jpg 1320w\" sizes=\"(max-width: 800px) 100vw, 800px\" \/><\/div><\/a>\n\t\t\t\t<div class=\"elementor-post__text\">\n\t\t\t\t<h4 class=\"elementor-post__title\">\n\t\t\t<a href=\"https:\/\/transportinghighway.shudesign.nl\/ro\/lantul-dumneavoastra-de-aprovizionare-auto-cu-transport-auto-eficient\/\" >\n\t\t\t\tLan\u021bul dumneavoastr\u0103 de aprovizionare auto cu transport auto eficient\t\t\t<\/a>\n\t\t<\/h4>\n\t\t\t\t<div class=\"elementor-post__excerpt\">\n\t\t\t<p>Lan\u021bul de aprovizionare al sectorului auto este foarte complex din cauza proceselor de fabrica\u021bie detaliate \u0219i a re\u021belelor de distribu\u021bie extinse. \u00cens\u0103 \u00eentreruperile sunt considerate cel mai mare risc pentru<\/p>\n\t\t<\/div>\n\t\t\n\t\t<a class=\"elementor-post__read-more\" href=\"https:\/\/transportinghighway.shudesign.nl\/ro\/lantul-dumneavoastra-de-aprovizionare-auto-cu-transport-auto-eficient\/\" aria-label=\"Read more about Lan\u021bul dumneavoastr\u0103 de aprovizionare auto cu transport auto eficient\" tabindex=\"-1\" >\n\t\t\tCite\u0219te mai mult\t\t<\/a>\n\n\t\t\t\t<\/div>\n\t\t\t\t\t<\/div>\n\t\t<\/article>\n\t\t\t\t<\/div>\n\t\t\n\t\t\t\t<div class=\"e-load-more-anchor\" data-page=\"1\" data-max-page=\"4\" data-next-page=\"https:\/\/transportinghighway.shudesign.nl\/ro\/wp-json\/wp\/v2\/pages\/1047\/page\/2\/\"><\/div>\n\t\t\t\t<nav class=\"elementor-pagination\" aria-label=\"Pagination\">\n\t\t\t<span class=\"page-numbers prev\">Anterior<\/span>\n<span aria-current=\"page\" class=\"page-numbers current\"><span class=\"elementor-screen-only\">Page<\/span>1<\/span>\n<a class=\"page-numbers\" href=\"https:\/\/transportinghighway.shudesign.nl\/ro\/wp-json\/wp\/v2\/pages\/1047\/page\/2\/\"><span class=\"elementor-screen-only\">Page<\/span>2<\/a>\n<a class=\"page-numbers\" href=\"https:\/\/transportinghighway.shudesign.nl\/ro\/wp-json\/wp\/v2\/pages\/1047\/page\/3\/\"><span class=\"elementor-screen-only\">Page<\/span>3<\/a>\n<a class=\"page-numbers\" href=\"https:\/\/transportinghighway.shudesign.nl\/ro\/wp-json\/wp\/v2\/pages\/1047\/page\/4\/\"><span class=\"elementor-screen-only\">Page<\/span>4<\/a>\n<a class=\"page-numbers next\" href=\"https:\/\/transportinghighway.shudesign.nl\/ro\/wp-json\/wp\/v2\/pages\/1047\/page\/2\/\">Urm\u0103torul<\/a>\t\t<\/nav>\n\t\t\t\t\t\t<\/div>\n\t\t\t\t<\/div>\n\t\t\t\t\t<\/div>\n\t\t\t\t<\/div>\n\t\t\t\t<\/div>\n\t\t","protected":false},"excerpt":{"rendered":"<p>Blog<\/p>\n","protected":false},"author":1,"featured_media":0,"parent":0,"menu_order":0,"comment_status":"closed","ping_status":"closed","template":"","meta":{"inline_featured_image":false,"_joinchat":[],"footnotes":""},"class_list":["post-1047","page","type-page","status-publish","hentry"],"yoast_head":"<!-- This site is optimized with the Yoast SEO plugin v27.5 - https:\/\/yoast.com\/product\/yoast-seo-wordpress\/ -->\n<title>Blog - Transporting Highway<\/title>\n<meta name=\"robots\" content=\"index, follow, max-snippet:-1, max-image-preview:large, max-video-preview:-1\" \/>\n<link rel=\"canonical\" href=\"https:\/\/transportinghighway.shudesign.nl\/ro\/blog\/\" \/>\n<meta property=\"og:locale\" content=\"ro_RO\" \/>\n<meta property=\"og:type\" content=\"article\" \/>\n<meta property=\"og:title\" content=\"Blog - Transporting Highway\" \/>\n<meta property=\"og:description\" content=\"Blog\" \/>\n<meta property=\"og:url\" content=\"https:\/\/transportinghighway.shudesign.nl\/ro\/blog\/\" \/>\n<meta property=\"og:site_name\" content=\"Transporting Highway\" \/>\n<meta property=\"article:modified_time\" content=\"2024-06-25T19:25:58+00:00\" \/>\n<meta name=\"twitter:card\" content=\"summary_large_image\" \/>\n<meta name=\"twitter:label1\" content=\"Timp estimat pentru citire\" \/>\n\t<meta name=\"twitter:data1\" content=\"5 minute\" \/>\n<script type=\"application\/ld+json\" class=\"yoast-schema-graph\">{\"@context\":\"https:\\\/\\\/schema.org\",\"@graph\":[{\"@type\":\"WebPage\",\"@id\":\"https:\\\/\\\/transportinghighway.shudesign.nl\\\/ro\\\/blog\\\/\",\"url\":\"https:\\\/\\\/transportinghighway.shudesign.nl\\\/ro\\\/blog\\\/\",\"name\":\"Blog - Transporting Highway\",\"isPartOf\":{\"@id\":\"https:\\\/\\\/transportinghighway.shudesign.nl\\\/ro\\\/#website\"},\"datePublished\":\"2024-04-13T19:46:41+00:00\",\"dateModified\":\"2024-06-25T19:25:58+00:00\",\"breadcrumb\":{\"@id\":\"https:\\\/\\\/transportinghighway.shudesign.nl\\\/ro\\\/blog\\\/#breadcrumb\"},\"inLanguage\":\"ro-RO\",\"potentialAction\":[{\"@type\":\"ReadAction\",\"target\":[\"https:\\\/\\\/transportinghighway.shudesign.nl\\\/ro\\\/blog\\\/\"]}]},{\"@type\":\"BreadcrumbList\",\"@id\":\"https:\\\/\\\/transportinghighway.shudesign.nl\\\/ro\\\/blog\\\/#breadcrumb\",\"itemListElement\":[{\"@type\":\"ListItem\",\"position\":1,\"name\":\"Home\",\"item\":\"https:\\\/\\\/transportinghighway.shudesign.nl\\\/ro\\\/acasa\\\/\"},{\"@type\":\"ListItem\",\"position\":2,\"name\":\"Blog\"}]},{\"@type\":\"WebSite\",\"@id\":\"https:\\\/\\\/transportinghighway.shudesign.nl\\\/ro\\\/#website\",\"url\":\"https:\\\/\\\/transportinghighway.shudesign.nl\\\/ro\\\/\",\"name\":\"Transporting Highway\",\"description\":\"Vervoer uw auto&#039;s door Europa\",\"publisher\":{\"@id\":\"https:\\\/\\\/transportinghighway.shudesign.nl\\\/ro\\\/#organization\"},\"potentialAction\":[{\"@type\":\"SearchAction\",\"target\":{\"@type\":\"EntryPoint\",\"urlTemplate\":\"https:\\\/\\\/transportinghighway.shudesign.nl\\\/ro\\\/?s={search_term_string}\"},\"query-input\":{\"@type\":\"PropertyValueSpecification\",\"valueRequired\":true,\"valueName\":\"search_term_string\"}}],\"inLanguage\":\"ro-RO\"},{\"@type\":\"Organization\",\"@id\":\"https:\\\/\\\/transportinghighway.shudesign.nl\\\/ro\\\/#organization\",\"name\":\"Transporting Highway\",\"url\":\"https:\\\/\\\/transportinghighway.shudesign.nl\\\/ro\\\/\",\"logo\":{\"@type\":\"ImageObject\",\"inLanguage\":\"ro-RO\",\"@id\":\"https:\\\/\\\/transportinghighway.shudesign.nl\\\/ro\\\/#\\\/schema\\\/logo\\\/image\\\/\",\"url\":\"https:\\\/\\\/transportinghighway.shudesign.nl\\\/wp-content\\\/uploads\\\/2023\\\/05\\\/transporting-highway-logo.svg\",\"contentUrl\":\"https:\\\/\\\/transportinghighway.shudesign.nl\\\/wp-content\\\/uploads\\\/2023\\\/05\\\/transporting-highway-logo.svg\",\"width\":\"1920\",\"height\":\"1080\",\"caption\":\"Transporting Highway\"},\"image\":{\"@id\":\"https:\\\/\\\/transportinghighway.shudesign.nl\\\/ro\\\/#\\\/schema\\\/logo\\\/image\\\/\"}}]}<\/script>\n<!-- \/ Yoast SEO plugin. -->","yoast_head_json":{"title":"Blog - Transporting Highway","robots":{"index":"index","follow":"follow","max-snippet":"max-snippet:-1","max-image-preview":"max-image-preview:large","max-video-preview":"max-video-preview:-1"},"canonical":"https:\/\/transportinghighway.shudesign.nl\/ro\/blog\/","og_locale":"ro_RO","og_type":"article","og_title":"Blog - Transporting Highway","og_description":"Blog","og_url":"https:\/\/transportinghighway.shudesign.nl\/ro\/blog\/","og_site_name":"Transporting Highway","article_modified_time":"2024-06-25T19:25:58+00:00","twitter_card":"summary_large_image","twitter_misc":{"Timp estimat pentru citire":"5 minute"},"schema":{"@context":"https:\/\/schema.org","@graph":[{"@type":"WebPage","@id":"https:\/\/transportinghighway.shudesign.nl\/ro\/blog\/","url":"https:\/\/transportinghighway.shudesign.nl\/ro\/blog\/","name":"Blog - Transporting Highway","isPartOf":{"@id":"https:\/\/transportinghighway.shudesign.nl\/ro\/#website"},"datePublished":"2024-04-13T19:46:41+00:00","dateModified":"2024-06-25T19:25:58+00:00","breadcrumb":{"@id":"https:\/\/transportinghighway.shudesign.nl\/ro\/blog\/#breadcrumb"},"inLanguage":"ro-RO","potentialAction":[{"@type":"ReadAction","target":["https:\/\/transportinghighway.shudesign.nl\/ro\/blog\/"]}]},{"@type":"BreadcrumbList","@id":"https:\/\/transportinghighway.shudesign.nl\/ro\/blog\/#breadcrumb","itemListElement":[{"@type":"ListItem","position":1,"name":"Home","item":"https:\/\/transportinghighway.shudesign.nl\/ro\/acasa\/"},{"@type":"ListItem","position":2,"name":"Blog"}]},{"@type":"WebSite","@id":"https:\/\/transportinghighway.shudesign.nl\/ro\/#website","url":"https:\/\/transportinghighway.shudesign.nl\/ro\/","name":"Transporting Highway","description":"Vervoer uw auto&#039;s door Europa","publisher":{"@id":"https:\/\/transportinghighway.shudesign.nl\/ro\/#organization"},"potentialAction":[{"@type":"SearchAction","target":{"@type":"EntryPoint","urlTemplate":"https:\/\/transportinghighway.shudesign.nl\/ro\/?s={search_term_string}"},"query-input":{"@type":"PropertyValueSpecification","valueRequired":true,"valueName":"search_term_string"}}],"inLanguage":"ro-RO"},{"@type":"Organization","@id":"https:\/\/transportinghighway.shudesign.nl\/ro\/#organization","name":"Transporting Highway","url":"https:\/\/transportinghighway.shudesign.nl\/ro\/","logo":{"@type":"ImageObject","inLanguage":"ro-RO","@id":"https:\/\/transportinghighway.shudesign.nl\/ro\/#\/schema\/logo\/image\/","url":"https:\/\/transportinghighway.shudesign.nl\/wp-content\/uploads\/2023\/05\/transporting-highway-logo.svg","contentUrl":"https:\/\/transportinghighway.shudesign.nl\/wp-content\/uploads\/2023\/05\/transporting-highway-logo.svg","width":"1920","height":"1080","caption":"Transporting Highway"},"image":{"@id":"https:\/\/transportinghighway.shudesign.nl\/ro\/#\/schema\/logo\/image\/"}}]}},"_links":{"self":[{"href":"https:\/\/transportinghighway.shudesign.nl\/ro\/wp-json\/wp\/v2\/pages\/1047","targetHints":{"allow":["GET"]}}],"collection":[{"href":"https:\/\/transportinghighway.shudesign.nl\/ro\/wp-json\/wp\/v2\/pages"}],"about":[{"href":"https:\/\/transportinghighway.shudesign.nl\/ro\/wp-json\/wp\/v2\/types\/page"}],"author":[{"embeddable":true,"href":"https:\/\/transportinghighway.shudesign.nl\/ro\/wp-json\/wp\/v2\/users\/1"}],"replies":[{"embeddable":true,"href":"https:\/\/transportinghighway.shudesign.nl\/ro\/wp-json\/wp\/v2\/comments?post=1047"}],"version-history":[{"count":8,"href":"https:\/\/transportinghighway.shudesign.nl\/ro\/wp-json\/wp\/v2\/pages\/1047\/revisions"}],"predecessor-version":[{"id":2432,"href":"https:\/\/transportinghighway.shudesign.nl\/ro\/wp-json\/wp\/v2\/pages\/1047\/revisions\/2432"}],"wp:attachment":[{"href":"https:\/\/transportinghighway.shudesign.nl\/ro\/wp-json\/wp\/v2\/media?parent=1047"}],"curies":[{"name":"wp","href":"https:\/\/api.w.org\/{rel}","templated":true}]}}