{"id":5506,"date":"2024-12-12T13:22:05","date_gmt":"2024-12-12T13:22:05","guid":{"rendered":"https:\/\/transportinghighway.com\/zarezerwuj-demo\/"},"modified":"2025-02-19T16:02:29","modified_gmt":"2025-02-19T16:02:29","slug":"zarezerwuj-demo","status":"publish","type":"page","link":"https:\/\/transportinghighway.shudesign.nl\/pl\/zarezerwuj-demo\/","title":{"rendered":"Zarezerwuj demo"},"content":{"rendered":"\t\t<div data-elementor-type=\"wp-page\" data-elementor-id=\"5506\" class=\"elementor elementor-5506 elementor-4950\" data-elementor-post-type=\"page\">\n\t\t\t\t<div class=\"elementor-element elementor-element-53ffd335 e-flex e-con-boxed e-con e-parent\" data-id=\"53ffd335\" data-element_type=\"container\" data-e-type=\"container\" data-settings=\"{&quot;background_background&quot;:&quot;classic&quot;}\">\n\t\t\t\t\t<div class=\"e-con-inner\">\n\t\t<div class=\"elementor-element elementor-element-71cacc5d e-con-full e-flex e-con e-child\" data-id=\"71cacc5d\" data-element_type=\"container\" data-e-type=\"container\">\n\t\t\t\t<div class=\"elementor-element elementor-element-69a04fe2 elementor-widget elementor-widget-heading\" data-id=\"69a04fe2\" data-element_type=\"widget\" data-e-type=\"widget\" data-widget_type=\"heading.default\">\n\t\t\t\t<div class=\"elementor-widget-container\">\n\t\t\t\t\t<h1 class=\"elementor-heading-title elementor-size-default\">Zarezerwuj demo<\/h1>\t\t\t\t<\/div>\n\t\t\t\t<\/div>\n\t\t\t\t<div class=\"elementor-element elementor-element-5c8979f9 elementor-widget__width-initial elementor-widget elementor-widget-text-editor\" data-id=\"5c8979f9\" data-element_type=\"widget\" data-e-type=\"widget\" data-widget_type=\"text-editor.default\">\n\t\t\t\t<div class=\"elementor-widget-container\">\n\t\t\t\t\t\t\t\t\t<p>Nasza platforma zosta\u0142a zaprojektowana tak, aby zaspokoi\u0107 potrzeby ka\u017cdej firmy motoryzacyjnej, od startup\u00f3w po du\u017ce przedsi\u0119biorstwa.<\/p>\n\t\t\t\t\t\t\t\t<\/div>\n\t\t\t\t<\/div>\n\t\t\t\t<div class=\"elementor-element elementor-element-a9e3c88 elementor-widget__width-auto elementor-absolute elementor-view-default elementor-invisible elementor-widget elementor-widget-icon\" data-id=\"a9e3c88\" data-element_type=\"widget\" data-e-type=\"widget\" data-settings=\"{&quot;_animation&quot;:&quot;rotateIn&quot;,&quot;_position&quot;:&quot;absolute&quot;}\" data-widget_type=\"icon.default\">\n\t\t\t\t<div class=\"elementor-widget-container\">\n\t\t\t\t\t\t\t<div class=\"elementor-icon-wrapper\">\n\t\t\t<div class=\"elementor-icon\">\n\t\t\t<svg xmlns=\"http:\/\/www.w3.org\/2000\/svg\" id=\"a1a11a61-cb91-4734-8f8d-23aca7909f2d\" data-name=\"Layer 1\" width=\"108.334\" height=\"111.58\" viewBox=\"0 0 108.334 111.58\"><defs><style>.bd2ca748-f90b-462d-8fab-3fe91df730f1{fill-rule:evenodd;}<\/style><\/defs><path class=\"bd2ca748-f90b-462d-8fab-3fe91df730f1\" d=\"M107.442,111.58H0V.508A99.4354,99.4354,0,0,1,10.0542,0a98.28,98.28,0,0,1,98.28,98.28A99.2413,99.2413,0,0,1,107.442,111.58Z\"><\/path><\/svg>\t\t\t<\/div>\n\t\t<\/div>\n\t\t\t\t\t\t<\/div>\n\t\t\t\t<\/div>\n\t\t\t\t<div class=\"elementor-element elementor-element-4b056d5e elementor-widget__width-auto elementor-absolute elementor-view-default elementor-invisible elementor-widget elementor-widget-icon\" data-id=\"4b056d5e\" data-element_type=\"widget\" data-e-type=\"widget\" data-settings=\"{&quot;_animation&quot;:&quot;rotateIn&quot;,&quot;_position&quot;:&quot;absolute&quot;}\" data-widget_type=\"icon.default\">\n\t\t\t\t<div class=\"elementor-widget-container\">\n\t\t\t\t\t\t\t<div class=\"elementor-icon-wrapper\">\n\t\t\t<div class=\"elementor-icon elementor-animation-pulse\">\n\t\t\t<svg xmlns=\"http:\/\/www.w3.org\/2000\/svg\" id=\"a8eb4335-8e9b-47f1-beca-ff78a2b48142\" data-name=\"Layer 1\" width=\"126\" height=\"126\" viewBox=\"0 0 126 126\"><rect width=\"126\" height=\"126\"><\/rect><\/svg>\t\t\t<\/div>\n\t\t<\/div>\n\t\t\t\t\t\t<\/div>\n\t\t\t\t<\/div>\n\t\t\t\t<div class=\"elementor-element elementor-element-330edd95 elementor-widget__width-initial elementor-absolute elementor-widget elementor-widget-image\" data-id=\"330edd95\" data-element_type=\"widget\" data-e-type=\"widget\" data-settings=\"{&quot;_position&quot;:&quot;absolute&quot;}\" data-widget_type=\"image.default\">\n\t\t\t\t<div class=\"elementor-widget-container\">\n\t\t\t\t\t\t\t\t\t\t\t\t\t\t\t<img fetchpriority=\"high\" decoding=\"async\" width=\"253\" height=\"220\" src=\"https:\/\/transportinghighway.shudesign.nl\/wp-content\/uploads\/2024\/12\/30_Pricing_Candidate_Recruitment_Platform-person_77.jpg\" class=\"elementor-animation-float attachment-full size-full wp-image-5012\" alt=\"\" \/>\t\t\t\t\t\t\t\t\t\t\t\t\t\t\t<\/div>\n\t\t\t\t<\/div>\n\t\t\t\t<div class=\"elementor-element elementor-element-6eaa3b3c elementor-widget__width-initial elementor-absolute elementor-widget elementor-widget-image\" data-id=\"6eaa3b3c\" data-element_type=\"widget\" data-e-type=\"widget\" data-settings=\"{&quot;_position&quot;:&quot;absolute&quot;}\" data-widget_type=\"image.default\">\n\t\t\t\t<div class=\"elementor-widget-container\">\n\t\t\t\t\t\t\t\t\t\t\t\t\t\t\t<img decoding=\"async\" width=\"116\" height=\"112\" src=\"https:\/\/transportinghighway.shudesign.nl\/wp-content\/uploads\/2024\/12\/30_Pricing_Candidate_Recruitment_Platform-person_66.jpg\" class=\"elementor-animation-float attachment-full size-full wp-image-5005\" alt=\"\" \/>\t\t\t\t\t\t\t\t\t\t\t\t\t\t\t<\/div>\n\t\t\t\t<\/div>\n\t\t\t\t<div class=\"elementor-element elementor-element-33e70fab elementor-widget__width-initial elementor-absolute elementor-widget elementor-widget-image\" data-id=\"33e70fab\" data-element_type=\"widget\" data-e-type=\"widget\" data-settings=\"{&quot;_position&quot;:&quot;absolute&quot;}\" data-widget_type=\"image.default\">\n\t\t\t\t<div class=\"elementor-widget-container\">\n\t\t\t\t\t\t\t\t\t\t\t\t\t\t\t<img decoding=\"async\" width=\"2560\" height=\"2560\" src=\"https:\/\/transportinghighway.shudesign.nl\/wp-content\/uploads\/2024\/12\/IMG_5490-scaled.jpg\" class=\"elementor-animation-float attachment-full size-full wp-image-4621\" alt=\"\" srcset=\"https:\/\/transportinghighway.shudesign.nl\/wp-content\/uploads\/2024\/12\/IMG_5490-scaled.jpg 2560w, https:\/\/transportinghighway.shudesign.nl\/wp-content\/uploads\/2024\/12\/IMG_5490-768x768.jpg 768w, https:\/\/transportinghighway.shudesign.nl\/wp-content\/uploads\/2024\/12\/IMG_5490-1080x1080.jpg 1080w, https:\/\/transportinghighway.shudesign.nl\/wp-content\/uploads\/2024\/12\/IMG_5490-1536x1536.jpg 1536w, https:\/\/transportinghighway.shudesign.nl\/wp-content\/uploads\/2024\/12\/IMG_5490-2048x2048.jpg 2048w, https:\/\/transportinghighway.shudesign.nl\/wp-content\/uploads\/2024\/12\/IMG_5490-1320x1320.jpg 1320w\" sizes=\"(max-width: 2560px) 100vw, 2560px\" \/>\t\t\t\t\t\t\t\t\t\t\t\t\t\t\t<\/div>\n\t\t\t\t<\/div>\n\t\t\t\t<div class=\"elementor-element elementor-element-436d69fc elementor-widget__width-initial elementor-absolute elementor-widget elementor-widget-image\" data-id=\"436d69fc\" data-element_type=\"widget\" data-e-type=\"widget\" data-settings=\"{&quot;_position&quot;:&quot;absolute&quot;}\" data-widget_type=\"image.default\">\n\t\t\t\t<div class=\"elementor-widget-container\">\n\t\t\t\t\t\t\t\t\t\t\t\t\t\t\t<img loading=\"lazy\" decoding=\"async\" width=\"2560\" height=\"2560\" src=\"https:\/\/transportinghighway.shudesign.nl\/wp-content\/uploads\/2024\/12\/IMG_5602-scaled.jpg\" class=\"elementor-animation-float attachment-full size-full wp-image-4607\" alt=\"\" srcset=\"https:\/\/transportinghighway.shudesign.nl\/wp-content\/uploads\/2024\/12\/IMG_5602-scaled.jpg 2560w, https:\/\/transportinghighway.shudesign.nl\/wp-content\/uploads\/2024\/12\/IMG_5602-768x768.jpg 768w, https:\/\/transportinghighway.shudesign.nl\/wp-content\/uploads\/2024\/12\/IMG_5602-1080x1080.jpg 1080w, https:\/\/transportinghighway.shudesign.nl\/wp-content\/uploads\/2024\/12\/IMG_5602-1536x1536.jpg 1536w, https:\/\/transportinghighway.shudesign.nl\/wp-content\/uploads\/2024\/12\/IMG_5602-2048x2048.jpg 2048w, https:\/\/transportinghighway.shudesign.nl\/wp-content\/uploads\/2024\/12\/IMG_5602-1320x1320.jpg 1320w\" sizes=\"(max-width: 2560px) 100vw, 2560px\" \/>\t\t\t\t\t\t\t\t\t\t\t\t\t\t\t<\/div>\n\t\t\t\t<\/div>\n\t\t\t\t<\/div>\n\t\t\t\t\t<\/div>\n\t\t\t\t<\/div>\n\t\t<div class=\"elementor-element elementor-element-5ebebacf e-flex e-con-boxed e-con e-parent\" data-id=\"5ebebacf\" data-element_type=\"container\" data-e-type=\"container\" data-settings=\"{&quot;background_background&quot;:&quot;gradient&quot;}\">\n\t\t\t\t\t<div class=\"e-con-inner\">\n\t\t\t\t<div class=\"elementor-element elementor-element-20f9f4b elementor-widget__width-initial elementor-widget elementor-widget-wpforms\" data-id=\"20f9f4b\" data-element_type=\"widget\" data-e-type=\"widget\" data-widget_type=\"wpforms.default\">\n\t\t\t\t<div class=\"elementor-widget-container\">\n\t\t\t\t\t<div class=\"wpforms-container wpforms-container-full wpforms-render-modern\" id=\"wpforms-5092\"><form id=\"wpforms-form-5092\" class=\"wpforms-validate wpforms-form wpforms-ajax-form\" data-formid=\"5092\" method=\"post\" enctype=\"multipart\/form-data\" action=\"\/pl\/wp-json\/wp\/v2\/pages\/5506\" data-token=\"bfbd014df093eaf9db294bf6df191a03\" data-token-time=\"1778909767\"><noscript class=\"wpforms-error-noscript\">Aby wype\u0142ni\u0107 ten formularz, w\u0142\u0105cz obs\u0142ug\u0119 JavaScript w przegl\u0105darce.<\/noscript><div id=\"wpforms-error-noscript\" style=\"display: none;\">Aby wype\u0142ni\u0107 ten formularz, w\u0142\u0105cz obs\u0142ug\u0119 JavaScript w przegl\u0105darce.<\/div><div class=\"wpforms-field-container\"><div id=\"wpforms-5092-field_0-container\" class=\"wpforms-field wpforms-field-name\" data-field-id=\"0\"><fieldset><legend class=\"wpforms-field-label\">Name <span class=\"wpforms-required-label\" aria-hidden=\"true\">*<\/span><\/legend><div class=\"wpforms-field-row wpforms-field-large\"><div class=\"wpforms-field-row-block wpforms-first wpforms-one-half\"><input type=\"text\" id=\"wpforms-5092-field_0\" class=\"wpforms-field-name-first wpforms-field-required\" name=\"wpforms[fields][0][first]\" aria-errormessage=\"wpforms-5092-field_0-error\" required><label for=\"wpforms-5092-field_0\" class=\"wpforms-field-sublabel after\">First<\/label><\/div><div class=\"wpforms-field-row-block wpforms-one-half\"><input type=\"text\" id=\"wpforms-5092-field_0-last\" class=\"wpforms-field-name-last wpforms-field-required\" name=\"wpforms[fields][0][last]\" aria-errormessage=\"wpforms-5092-field_0-last-error\" required><label for=\"wpforms-5092-field_0-last\" class=\"wpforms-field-sublabel after\">Last<\/label><\/div><\/div><\/fieldset><\/div>\t\t<div id=\"wpforms-5092-field_2-container\"\n\t\t\tclass=\"wpforms-field wpforms-field-text\"\n\t\t\tdata-field-type=\"text\"\n\t\t\tdata-field-id=\"2\"\n\t\t\t>\n\t\t\t<label class=\"wpforms-field-label\" for=\"wpforms-5092-field_2\" >would comments you<\/label>\n\t\t\t<input type=\"text\" id=\"wpforms-5092-field_2\" class=\"wpforms-field-medium\" name=\"wpforms[fields][2]\" >\n\t\t<\/div>\n\t\t<div id=\"wpforms-5092-field_1-container\" class=\"wpforms-field wpforms-field-email\" data-field-id=\"1\"><label class=\"wpforms-field-label\" for=\"wpforms-5092-field_1\">Email <span class=\"wpforms-required-label\" aria-hidden=\"true\">*<\/span><\/label><input type=\"email\" id=\"wpforms-5092-field_1\" class=\"wpforms-field-medium wpforms-field-required\" name=\"wpforms[fields][1]\" spellcheck=\"false\" aria-errormessage=\"wpforms-5092-field_1-error\" required><\/div><div id=\"wpforms-5092-field_14-container\" class=\"wpforms-field wpforms-field-text\" data-field-id=\"14\"><label class=\"wpforms-field-label\" for=\"wpforms-5092-field_14\">Phone <span class=\"wpforms-required-label\" aria-hidden=\"true\">*<\/span><\/label><input type=\"text\" id=\"wpforms-5092-field_14\" class=\"wpforms-field-medium wpforms-field-required\" name=\"wpforms[fields][14]\" aria-errormessage=\"wpforms-5092-field_14-error\" aria-describedby=\"wpforms-5092-field_14-description\" required><div id=\"wpforms-5092-field_14-description\" class=\"wpforms-field-description\">Add country code<\/div><\/div><div id=\"wpforms-5092-field_7-container\" class=\"wpforms-field wpforms-field-radio\" data-field-id=\"7\"><fieldset><legend class=\"wpforms-field-label\">How long would you like the demo to be? <span class=\"wpforms-required-label\" aria-hidden=\"true\">*<\/span><\/legend><ul id=\"wpforms-5092-field_7\" class=\"wpforms-field-required\"><li class=\"choice-1 depth-1\"><input type=\"radio\" id=\"wpforms-5092-field_7_1\" name=\"wpforms[fields][7]\" value=\"15 minute introductory call\" aria-errormessage=\"wpforms-5092-field_7_1-error\" required ><label class=\"wpforms-field-label-inline\" for=\"wpforms-5092-field_7_1\">15 minute introductory call<\/label><\/li><li class=\"choice-2 depth-1\"><input type=\"radio\" id=\"wpforms-5092-field_7_2\" name=\"wpforms[fields][7]\" value=\"30 minute screen share summary\" aria-errormessage=\"wpforms-5092-field_7_2-error\" required ><label class=\"wpforms-field-label-inline\" for=\"wpforms-5092-field_7_2\">30 minute screen share summary<\/label><\/li><li class=\"choice-3 depth-1\"><input type=\"radio\" id=\"wpforms-5092-field_7_3\" name=\"wpforms[fields][7]\" value=\"45 minute full presentation\" aria-errormessage=\"wpforms-5092-field_7_3-error\" required ><label class=\"wpforms-field-label-inline\" for=\"wpforms-5092-field_7_3\">45 minute full presentation<\/label><\/li><\/ul><\/fieldset><\/div><div id=\"wpforms-5092-field_13-container\" class=\"wpforms-field wpforms-field-textarea\" data-field-id=\"13\"><label class=\"wpforms-field-label\" for=\"wpforms-5092-field_13\">Additional comments or message:<\/label><textarea id=\"wpforms-5092-field_13\" class=\"wpforms-field-medium\" name=\"wpforms[fields][13]\" aria-errormessage=\"wpforms-5092-field_13-error\" ><\/textarea><\/div><script>\n\t\t\t\t( function() {\n\t\t\t\t\tconst style = document.createElement( 'style' );\n\t\t\t\t\tstyle.appendChild( document.createTextNode( '#wpforms-5092-field_2-container { position: absolute !important; overflow: hidden !important; display: inline !important; height: 1px !important; width: 1px !important; z-index: -1000 !important; padding: 0 !important; } #wpforms-5092-field_2-container input { visibility: hidden; } #wpforms-conversational-form-page #wpforms-5092-field_2-container label { counter-increment: none; }' ) );\n\t\t\t\t\tdocument.head.appendChild( style );\n\t\t\t\t\tdocument.currentScript?.remove();\n\t\t\t\t} )();\n\t\t\t<\/script><\/div><!-- .wpforms-field-container --><div class=\"wpforms-submit-container\" ><input type=\"hidden\" name=\"wpforms[id]\" value=\"5092\"><input type=\"hidden\" name=\"page_title\" value=\"\"><input type=\"hidden\" name=\"page_url\" value=\"https:\/\/transportinghighway.shudesign.nl\/pl\/wp-json\/wp\/v2\/pages\/5506\"><input type=\"hidden\" name=\"url_referer\" value=\"\"><button type=\"submit\" name=\"wpforms[submit]\" id=\"wpforms-submit-5092\" class=\"wpforms-submit\" data-alt-text=\"Sending...\" data-submit-text=\"Submit\" aria-live=\"assertive\" value=\"wpforms-submit\">Submit<\/button><img loading=\"lazy\" decoding=\"async\" src=\"https:\/\/transportinghighway.shudesign.nl\/wp-content\/plugins\/wpforms-lite\/assets\/images\/submit-spin.svg\" class=\"wpforms-submit-spinner\" style=\"display: none;\" width=\"26\" height=\"26\" alt=\"Wczytywanie\"><\/div><\/form><\/div>  <!-- .wpforms-container -->\t\t\t\t<\/div>\n\t\t\t\t<\/div>\n\t\t\t\t\t<\/div>\n\t\t\t\t<\/div>\n\t\t\t\t<\/div>\n\t\t","protected":false},"excerpt":{"rendered":"<p>Zarezerwuj demo Nasza platforma zosta\u0142a zaprojektowana tak, aby zaspokoi\u0107 potrzeby ka\u017cdej firmy motoryzacyjnej, od startup\u00f3w po du\u017ce przedsi\u0119biorstwa. Schakel JavaScript in je browser in om dit formulier in te vullen.Schakel JavaScript in je browser in om dit formulier in te vullen. Name * FirstLast Email *Phone *Add country code How long would you like the [&hellip;]<\/p>\n","protected":false},"author":1,"featured_media":0,"parent":0,"menu_order":0,"comment_status":"closed","ping_status":"closed","template":"","meta":{"inline_featured_image":false,"_joinchat":[],"footnotes":""},"class_list":["post-5506","page","type-page","status-publish","hentry"],"yoast_head":"<!-- This site is optimized with the Yoast SEO plugin v27.5 - https:\/\/yoast.com\/product\/yoast-seo-wordpress\/ -->\n<title>Zarezerwuj demo - Transporting Highway<\/title>\n<meta name=\"robots\" content=\"index, follow, max-snippet:-1, max-image-preview:large, max-video-preview:-1\" \/>\n<link rel=\"canonical\" href=\"https:\/\/transportinghighway.shudesign.nl\/pl\/zarezerwuj-demo\/\" \/>\n<meta property=\"og:locale\" content=\"pl_PL\" \/>\n<meta property=\"og:type\" content=\"article\" \/>\n<meta property=\"og:title\" content=\"Zarezerwuj demo - Transporting Highway\" \/>\n<meta property=\"og:description\" content=\"Zarezerwuj demo Nasza platforma zosta\u0142a zaprojektowana tak, aby zaspokoi\u0107 potrzeby ka\u017cdej firmy motoryzacyjnej, od startup\u00f3w po du\u017ce przedsi\u0119biorstwa. Schakel JavaScript in je browser in om dit formulier in te vullen.Schakel JavaScript in je browser in om dit formulier in te vullen. Name * FirstLast Email *Phone *Add country code How long would you like the [&hellip;]\" \/>\n<meta property=\"og:url\" content=\"https:\/\/transportinghighway.shudesign.nl\/pl\/zarezerwuj-demo\/\" \/>\n<meta property=\"og:site_name\" content=\"Transporting Highway\" \/>\n<meta property=\"article:modified_time\" content=\"2025-02-19T16:02:29+00:00\" \/>\n<meta property=\"og:image\" content=\"https:\/\/transportinghighway.shudesign.nl\/wp-content\/uploads\/2024\/12\/30_Pricing_Candidate_Recruitment_Platform-person_77.jpg\" \/>\n\t<meta property=\"og:image:width\" content=\"253\" \/>\n\t<meta property=\"og:image:height\" content=\"220\" \/>\n\t<meta property=\"og:image:type\" content=\"image\/jpeg\" \/>\n<meta name=\"twitter:card\" content=\"summary_large_image\" \/>\n<script type=\"application\/ld+json\" class=\"yoast-schema-graph\">{\"@context\":\"https:\\\/\\\/schema.org\",\"@graph\":[{\"@type\":\"WebPage\",\"@id\":\"https:\\\/\\\/transportinghighway.shudesign.nl\\\/pl\\\/zarezerwuj-demo\\\/\",\"url\":\"https:\\\/\\\/transportinghighway.shudesign.nl\\\/pl\\\/zarezerwuj-demo\\\/\",\"name\":\"Zarezerwuj demo - Transporting Highway\",\"isPartOf\":{\"@id\":\"https:\\\/\\\/transportinghighway.shudesign.nl\\\/pl\\\/#website\"},\"primaryImageOfPage\":{\"@id\":\"https:\\\/\\\/transportinghighway.shudesign.nl\\\/pl\\\/zarezerwuj-demo\\\/#primaryimage\"},\"image\":{\"@id\":\"https:\\\/\\\/transportinghighway.shudesign.nl\\\/pl\\\/zarezerwuj-demo\\\/#primaryimage\"},\"thumbnailUrl\":\"https:\\\/\\\/transportinghighway.shudesign.nl\\\/wp-content\\\/uploads\\\/2024\\\/12\\\/30_Pricing_Candidate_Recruitment_Platform-person_77.jpg\",\"datePublished\":\"2024-12-12T13:22:05+00:00\",\"dateModified\":\"2025-02-19T16:02:29+00:00\",\"breadcrumb\":{\"@id\":\"https:\\\/\\\/transportinghighway.shudesign.nl\\\/pl\\\/zarezerwuj-demo\\\/#breadcrumb\"},\"inLanguage\":\"pl-PL\",\"potentialAction\":[{\"@type\":\"ReadAction\",\"target\":[\"https:\\\/\\\/transportinghighway.shudesign.nl\\\/pl\\\/zarezerwuj-demo\\\/\"]}]},{\"@type\":\"ImageObject\",\"inLanguage\":\"pl-PL\",\"@id\":\"https:\\\/\\\/transportinghighway.shudesign.nl\\\/pl\\\/zarezerwuj-demo\\\/#primaryimage\",\"url\":\"https:\\\/\\\/transportinghighway.shudesign.nl\\\/wp-content\\\/uploads\\\/2024\\\/12\\\/30_Pricing_Candidate_Recruitment_Platform-person_77.jpg\",\"contentUrl\":\"https:\\\/\\\/transportinghighway.shudesign.nl\\\/wp-content\\\/uploads\\\/2024\\\/12\\\/30_Pricing_Candidate_Recruitment_Platform-person_77.jpg\"},{\"@type\":\"BreadcrumbList\",\"@id\":\"https:\\\/\\\/transportinghighway.shudesign.nl\\\/pl\\\/zarezerwuj-demo\\\/#breadcrumb\",\"itemListElement\":[{\"@type\":\"ListItem\",\"position\":1,\"name\":\"Home\",\"item\":\"https:\\\/\\\/transportinghighway.shudesign.nl\\\/pl\\\/strona-glowna\\\/\"},{\"@type\":\"ListItem\",\"position\":2,\"name\":\"Zarezerwuj demo\"}]},{\"@type\":\"WebSite\",\"@id\":\"https:\\\/\\\/transportinghighway.shudesign.nl\\\/pl\\\/#website\",\"url\":\"https:\\\/\\\/transportinghighway.shudesign.nl\\\/pl\\\/\",\"name\":\"Transporting Highway\",\"description\":\"Vervoer uw auto&#039;s door Europa\",\"publisher\":{\"@id\":\"https:\\\/\\\/transportinghighway.shudesign.nl\\\/pl\\\/#organization\"},\"potentialAction\":[{\"@type\":\"SearchAction\",\"target\":{\"@type\":\"EntryPoint\",\"urlTemplate\":\"https:\\\/\\\/transportinghighway.shudesign.nl\\\/pl\\\/?s={search_term_string}\"},\"query-input\":{\"@type\":\"PropertyValueSpecification\",\"valueRequired\":true,\"valueName\":\"search_term_string\"}}],\"inLanguage\":\"pl-PL\"},{\"@type\":\"Organization\",\"@id\":\"https:\\\/\\\/transportinghighway.shudesign.nl\\\/pl\\\/#organization\",\"name\":\"Transporting Highway\",\"url\":\"https:\\\/\\\/transportinghighway.shudesign.nl\\\/pl\\\/\",\"logo\":{\"@type\":\"ImageObject\",\"inLanguage\":\"pl-PL\",\"@id\":\"https:\\\/\\\/transportinghighway.shudesign.nl\\\/pl\\\/#\\\/schema\\\/logo\\\/image\\\/\",\"url\":\"https:\\\/\\\/transportinghighway.shudesign.nl\\\/wp-content\\\/uploads\\\/2023\\\/05\\\/transporting-highway-logo.svg\",\"contentUrl\":\"https:\\\/\\\/transportinghighway.shudesign.nl\\\/wp-content\\\/uploads\\\/2023\\\/05\\\/transporting-highway-logo.svg\",\"width\":\"1920\",\"height\":\"1080\",\"caption\":\"Transporting Highway\"},\"image\":{\"@id\":\"https:\\\/\\\/transportinghighway.shudesign.nl\\\/pl\\\/#\\\/schema\\\/logo\\\/image\\\/\"}}]}<\/script>\n<!-- \/ Yoast SEO plugin. -->","yoast_head_json":{"title":"Zarezerwuj demo - Transporting Highway","robots":{"index":"index","follow":"follow","max-snippet":"max-snippet:-1","max-image-preview":"max-image-preview:large","max-video-preview":"max-video-preview:-1"},"canonical":"https:\/\/transportinghighway.shudesign.nl\/pl\/zarezerwuj-demo\/","og_locale":"pl_PL","og_type":"article","og_title":"Zarezerwuj demo - Transporting Highway","og_description":"Zarezerwuj demo Nasza platforma zosta\u0142a zaprojektowana tak, aby zaspokoi\u0107 potrzeby ka\u017cdej firmy motoryzacyjnej, od startup\u00f3w po du\u017ce przedsi\u0119biorstwa. Schakel JavaScript in je browser in om dit formulier in te vullen.Schakel JavaScript in je browser in om dit formulier in te vullen. Name * FirstLast Email *Phone *Add country code How long would you like the [&hellip;]","og_url":"https:\/\/transportinghighway.shudesign.nl\/pl\/zarezerwuj-demo\/","og_site_name":"Transporting Highway","article_modified_time":"2025-02-19T16:02:29+00:00","og_image":[{"width":253,"height":220,"url":"https:\/\/transportinghighway.shudesign.nl\/wp-content\/uploads\/2024\/12\/30_Pricing_Candidate_Recruitment_Platform-person_77.jpg","type":"image\/jpeg"}],"twitter_card":"summary_large_image","schema":{"@context":"https:\/\/schema.org","@graph":[{"@type":"WebPage","@id":"https:\/\/transportinghighway.shudesign.nl\/pl\/zarezerwuj-demo\/","url":"https:\/\/transportinghighway.shudesign.nl\/pl\/zarezerwuj-demo\/","name":"Zarezerwuj demo - Transporting Highway","isPartOf":{"@id":"https:\/\/transportinghighway.shudesign.nl\/pl\/#website"},"primaryImageOfPage":{"@id":"https:\/\/transportinghighway.shudesign.nl\/pl\/zarezerwuj-demo\/#primaryimage"},"image":{"@id":"https:\/\/transportinghighway.shudesign.nl\/pl\/zarezerwuj-demo\/#primaryimage"},"thumbnailUrl":"https:\/\/transportinghighway.shudesign.nl\/wp-content\/uploads\/2024\/12\/30_Pricing_Candidate_Recruitment_Platform-person_77.jpg","datePublished":"2024-12-12T13:22:05+00:00","dateModified":"2025-02-19T16:02:29+00:00","breadcrumb":{"@id":"https:\/\/transportinghighway.shudesign.nl\/pl\/zarezerwuj-demo\/#breadcrumb"},"inLanguage":"pl-PL","potentialAction":[{"@type":"ReadAction","target":["https:\/\/transportinghighway.shudesign.nl\/pl\/zarezerwuj-demo\/"]}]},{"@type":"ImageObject","inLanguage":"pl-PL","@id":"https:\/\/transportinghighway.shudesign.nl\/pl\/zarezerwuj-demo\/#primaryimage","url":"https:\/\/transportinghighway.shudesign.nl\/wp-content\/uploads\/2024\/12\/30_Pricing_Candidate_Recruitment_Platform-person_77.jpg","contentUrl":"https:\/\/transportinghighway.shudesign.nl\/wp-content\/uploads\/2024\/12\/30_Pricing_Candidate_Recruitment_Platform-person_77.jpg"},{"@type":"BreadcrumbList","@id":"https:\/\/transportinghighway.shudesign.nl\/pl\/zarezerwuj-demo\/#breadcrumb","itemListElement":[{"@type":"ListItem","position":1,"name":"Home","item":"https:\/\/transportinghighway.shudesign.nl\/pl\/strona-glowna\/"},{"@type":"ListItem","position":2,"name":"Zarezerwuj demo"}]},{"@type":"WebSite","@id":"https:\/\/transportinghighway.shudesign.nl\/pl\/#website","url":"https:\/\/transportinghighway.shudesign.nl\/pl\/","name":"Transporting Highway","description":"Vervoer uw auto&#039;s door Europa","publisher":{"@id":"https:\/\/transportinghighway.shudesign.nl\/pl\/#organization"},"potentialAction":[{"@type":"SearchAction","target":{"@type":"EntryPoint","urlTemplate":"https:\/\/transportinghighway.shudesign.nl\/pl\/?s={search_term_string}"},"query-input":{"@type":"PropertyValueSpecification","valueRequired":true,"valueName":"search_term_string"}}],"inLanguage":"pl-PL"},{"@type":"Organization","@id":"https:\/\/transportinghighway.shudesign.nl\/pl\/#organization","name":"Transporting Highway","url":"https:\/\/transportinghighway.shudesign.nl\/pl\/","logo":{"@type":"ImageObject","inLanguage":"pl-PL","@id":"https:\/\/transportinghighway.shudesign.nl\/pl\/#\/schema\/logo\/image\/","url":"https:\/\/transportinghighway.shudesign.nl\/wp-content\/uploads\/2023\/05\/transporting-highway-logo.svg","contentUrl":"https:\/\/transportinghighway.shudesign.nl\/wp-content\/uploads\/2023\/05\/transporting-highway-logo.svg","width":"1920","height":"1080","caption":"Transporting Highway"},"image":{"@id":"https:\/\/transportinghighway.shudesign.nl\/pl\/#\/schema\/logo\/image\/"}}]}},"_links":{"self":[{"href":"https:\/\/transportinghighway.shudesign.nl\/pl\/wp-json\/wp\/v2\/pages\/5506","targetHints":{"allow":["GET"]}}],"collection":[{"href":"https:\/\/transportinghighway.shudesign.nl\/pl\/wp-json\/wp\/v2\/pages"}],"about":[{"href":"https:\/\/transportinghighway.shudesign.nl\/pl\/wp-json\/wp\/v2\/types\/page"}],"author":[{"embeddable":true,"href":"https:\/\/transportinghighway.shudesign.nl\/pl\/wp-json\/wp\/v2\/users\/1"}],"replies":[{"embeddable":true,"href":"https:\/\/transportinghighway.shudesign.nl\/pl\/wp-json\/wp\/v2\/comments?post=5506"}],"version-history":[{"count":1,"href":"https:\/\/transportinghighway.shudesign.nl\/pl\/wp-json\/wp\/v2\/pages\/5506\/revisions"}],"predecessor-version":[{"id":5507,"href":"https:\/\/transportinghighway.shudesign.nl\/pl\/wp-json\/wp\/v2\/pages\/5506\/revisions\/5507"}],"wp:attachment":[{"href":"https:\/\/transportinghighway.shudesign.nl\/pl\/wp-json\/wp\/v2\/media?parent=5506"}],"curies":[{"name":"wp","href":"https:\/\/api.w.org\/{rel}","templated":true}]}}