{"id":1044,"date":"2024-04-13T19:46:41","date_gmt":"2024-04-13T19:46:41","guid":{"rendered":"https:\/\/transportinghighway.com\/blog\/"},"modified":"2024-06-25T19:30:49","modified_gmt":"2024-06-25T19:30:49","slug":"blog","status":"publish","type":"page","link":"https:\/\/transportinghighway.shudesign.nl\/pl\/blog\/","title":{"rendered":"Blog"},"content":{"rendered":"\t\t<div data-elementor-type=\"wp-page\" data-elementor-id=\"1044\" class=\"elementor elementor-1044 elementor-776\" data-elementor-post-type=\"page\">\n\t\t\t\t<div class=\"elementor-element elementor-element-6fd7321b e-flex e-con-boxed e-con e-parent\" data-id=\"6fd7321b\" data-element_type=\"container\" data-e-type=\"container\" data-settings=\"{&quot;background_background&quot;:&quot;classic&quot;}\">\n\t\t\t\t\t<div class=\"e-con-inner\">\n\t\t\t\t<div class=\"elementor-element elementor-element-8575dc1 elementor-widget elementor-widget-heading\" data-id=\"8575dc1\" data-element_type=\"widget\" data-e-type=\"widget\" data-widget_type=\"heading.default\">\n\t\t\t\t<div class=\"elementor-widget-container\">\n\t\t\t\t\t<h1 class=\"elementor-heading-title elementor-size-default\"><span class=\"orange-text\">Blog<\/span><\/h1>\t\t\t\t<\/div>\n\t\t\t\t<\/div>\n\t\t\t\t\t<\/div>\n\t\t\t\t<\/div>\n\t\t<div class=\"elementor-element elementor-element-3b592950 e-flex e-con-boxed e-con e-parent\" data-id=\"3b592950\" data-element_type=\"container\" data-e-type=\"container\">\n\t\t\t\t\t<div class=\"e-con-inner\">\n\t\t\t\t<div class=\"elementor-element elementor-element-67b8309b elementor-grid-3 elementor-grid-tablet-2 elementor-grid-mobile-1 elementor-posts--thumbnail-top elementor-posts__hover-gradient elementor-widget elementor-widget-posts\" data-id=\"67b8309b\" data-element_type=\"widget\" data-e-type=\"widget\" data-settings=\"{&quot;cards_row_gap&quot;:{&quot;unit&quot;:&quot;px&quot;,&quot;size&quot;:80,&quot;sizes&quot;:[]},&quot;cards_row_gap_tablet&quot;:{&quot;unit&quot;:&quot;px&quot;,&quot;size&quot;:71,&quot;sizes&quot;:[]},&quot;cards_row_gap_mobile&quot;:{&quot;unit&quot;:&quot;px&quot;,&quot;size&quot;:30,&quot;sizes&quot;:[]},&quot;pagination_type&quot;:&quot;numbers_and_prev_next&quot;,&quot;cards_columns&quot;:&quot;3&quot;,&quot;cards_columns_tablet&quot;:&quot;2&quot;,&quot;cards_columns_mobile&quot;:&quot;1&quot;}\" data-widget_type=\"posts.cards\">\n\t\t\t\t<div class=\"elementor-widget-container\">\n\t\t\t\t\t\t\t<div class=\"elementor-posts-container elementor-posts elementor-posts--skin-cards elementor-grid\">\n\t\t\t\t<article class=\"elementor-post elementor-grid-item post-4491 post type-post status-publish format-standard has-post-thumbnail hentry category-bez-kategorii\">\n\t\t\t<div class=\"elementor-post__card\">\n\t\t\t\t<a class=\"elementor-post__thumbnail__link\" href=\"https:\/\/transportinghighway.shudesign.nl\/pl\/dlaczego-ubezpieczenie-ma-znaczenie-dla-bezpieczenstwa-w-transporcie-pojazdow\/\" tabindex=\"-1\" ><div class=\"elementor-post__thumbnail\"><img fetchpriority=\"high\" decoding=\"async\" width=\"800\" height=\"800\" src=\"https:\/\/transportinghighway.shudesign.nl\/wp-content\/uploads\/2024\/11\/car-insurance-document-flat-style-licence-vehicle-checklist-folder-security-agreement-automobile-company-transport-report-187031583.webp\" class=\"attachment-large size-large wp-image-4474\" alt=\"insurance vehicle transport\" srcset=\"https:\/\/transportinghighway.shudesign.nl\/wp-content\/uploads\/2024\/11\/car-insurance-document-flat-style-licence-vehicle-checklist-folder-security-agreement-automobile-company-transport-report-187031583.webp 800w, https:\/\/transportinghighway.shudesign.nl\/wp-content\/uploads\/2024\/11\/car-insurance-document-flat-style-licence-vehicle-checklist-folder-security-agreement-automobile-company-transport-report-187031583-768x768.webp 768w\" sizes=\"(max-width: 800px) 100vw, 800px\" \/><\/div><\/a>\n\t\t\t\t<div class=\"elementor-post__text\">\n\t\t\t\t<h4 class=\"elementor-post__title\">\n\t\t\t<a href=\"https:\/\/transportinghighway.shudesign.nl\/pl\/dlaczego-ubezpieczenie-ma-znaczenie-dla-bezpieczenstwa-w-transporcie-pojazdow\/\" >\n\t\t\t\tDlaczego ubezpieczenie ma znaczenie dla bezpiecze\u0144stwa w transporcie pojazd\u00f3w:\t\t\t<\/a>\n\t\t<\/h4>\n\t\t\t\t<div class=\"elementor-post__excerpt\">\n\t\t\t<p>Je\u015bli chodzi o ubezpieczony transport pojazd\u00f3w, upewnienie si\u0119, \u017ce ca\u0142y \u0142adunek jest w pe\u0142ni chroniony, nie podlega negocjacjom. W Transporting Highway jeste\u015bmy dumni z zapewniania niezawodnego, ubezpieczonego transportu dla ka\u017cdego<\/p>\n\t\t<\/div>\n\t\t\n\t\t<a class=\"elementor-post__read-more\" href=\"https:\/\/transportinghighway.shudesign.nl\/pl\/dlaczego-ubezpieczenie-ma-znaczenie-dla-bezpieczenstwa-w-transporcie-pojazdow\/\" aria-label=\"Read more about Dlaczego ubezpieczenie ma znaczenie dla bezpiecze\u0144stwa w transporcie pojazd\u00f3w:\" tabindex=\"-1\" >\n\t\t\tCzytaj wi\u0119cej\t\t<\/a>\n\n\t\t\t\t<\/div>\n\t\t\t\t\t<\/div>\n\t\t<\/article>\n\t\t\t\t<article class=\"elementor-post elementor-grid-item post-3807 post type-post status-publish format-standard has-post-thumbnail hentry category-bez-kategorii\">\n\t\t\t<div class=\"elementor-post__card\">\n\t\t\t\t<a class=\"elementor-post__thumbnail__link\" href=\"https:\/\/transportinghighway.shudesign.nl\/pl\/6-europejskich-konferencji-i-wydarzen-zwiazanych-z-zarzadzaniem-flota-w-ktorych-musisz-wziac-udzial\/\" tabindex=\"-1\" ><div class=\"elementor-post__thumbnail\"><img decoding=\"async\" width=\"500\" height=\"429\" src=\"https:\/\/transportinghighway.shudesign.nl\/wp-content\/uploads\/2024\/10\/image-2.png\" class=\"attachment-large size-large wp-image-3738\" alt=\"\" \/><\/div><\/a>\n\t\t\t\t<div class=\"elementor-post__text\">\n\t\t\t\t<h4 class=\"elementor-post__title\">\n\t\t\t<a href=\"https:\/\/transportinghighway.shudesign.nl\/pl\/6-europejskich-konferencji-i-wydarzen-zwiazanych-z-zarzadzaniem-flota-w-ktorych-musisz-wziac-udzial\/\" >\n\t\t\t\t6 europejskich konferencji i wydarze\u0144 zwi\u0105zanych z zarz\u0105dzaniem flot\u0105, w kt\u00f3rych musisz wzi\u0105\u0107 udzia\u0142\t\t\t<\/a>\n\t\t<\/h4>\n\t\t\t\t<div class=\"elementor-post__excerpt\">\n\t\t\t<p>Zarz\u0105dzanie flot\u0105 pojazd\u00f3w mo\u017ce nie by\u0107 \u0142atwe. Kontrolowanie koszt\u00f3w, zapewnianie zadowolenia kierowc\u00f3w i utrzymywanie niezawodno\u015bci pojazd\u00f3w jest trudne. Aby sprosta\u0107 tym wyzwaniom i zoptymalizowa\u0107 dzia\u0142anie floty, nale\u017cy posiada\u0107 odpowiedni\u0105 wiedz\u0119.<\/p>\n\t\t<\/div>\n\t\t\n\t\t<a class=\"elementor-post__read-more\" href=\"https:\/\/transportinghighway.shudesign.nl\/pl\/6-europejskich-konferencji-i-wydarzen-zwiazanych-z-zarzadzaniem-flota-w-ktorych-musisz-wziac-udzial\/\" aria-label=\"Read more about 6 europejskich konferencji i wydarze\u0144 zwi\u0105zanych z zarz\u0105dzaniem flot\u0105, w kt\u00f3rych musisz wzi\u0105\u0107 udzia\u0142\" tabindex=\"-1\" >\n\t\t\tCzytaj wi\u0119cej\t\t<\/a>\n\n\t\t\t\t<\/div>\n\t\t\t\t\t<\/div>\n\t\t<\/article>\n\t\t\t\t<article class=\"elementor-post elementor-grid-item post-3363 post type-post status-publish format-standard has-post-thumbnail hentry category-bez-kategorii\">\n\t\t\t<div class=\"elementor-post__card\">\n\t\t\t\t<a class=\"elementor-post__thumbnail__link\" href=\"https:\/\/transportinghighway.shudesign.nl\/pl\/jak-sezonowosc-wplywa-na-uslugi-transportu-samochodowego\/\" tabindex=\"-1\" ><div class=\"elementor-post__thumbnail\"><img decoding=\"async\" width=\"800\" height=\"557\" src=\"https:\/\/transportinghighway.shudesign.nl\/wp-content\/uploads\/2024\/08\/Captura-de-pantalla-2024-08-28-a-las-16.15.09.png\" class=\"attachment-large size-large wp-image-3070\" alt=\"\" srcset=\"https:\/\/transportinghighway.shudesign.nl\/wp-content\/uploads\/2024\/08\/Captura-de-pantalla-2024-08-28-a-las-16.15.09.png 1492w, https:\/\/transportinghighway.shudesign.nl\/wp-content\/uploads\/2024\/08\/Captura-de-pantalla-2024-08-28-a-las-16.15.09-1024x712.png 1024w, https:\/\/transportinghighway.shudesign.nl\/wp-content\/uploads\/2024\/08\/Captura-de-pantalla-2024-08-28-a-las-16.15.09-768x534.png 768w, https:\/\/transportinghighway.shudesign.nl\/wp-content\/uploads\/2024\/08\/Captura-de-pantalla-2024-08-28-a-las-16.15.09-1320x918.png 1320w\" sizes=\"(max-width: 800px) 100vw, 800px\" \/><\/div><\/a>\n\t\t\t\t<div class=\"elementor-post__text\">\n\t\t\t\t<h4 class=\"elementor-post__title\">\n\t\t\t<a href=\"https:\/\/transportinghighway.shudesign.nl\/pl\/jak-sezonowosc-wplywa-na-uslugi-transportu-samochodowego\/\" >\n\t\t\t\tJak sezonowo\u015b\u0107 wp\u0142ywa na us\u0142ugi transportu samochodowego\t\t\t<\/a>\n\t\t<\/h4>\n\t\t\t\t<div class=\"elementor-post__excerpt\">\n\t\t\t<p>Us\u0142ugi transportu samochodowego s\u0105 jak ka\u017cda inna bran\u017ca; bardzo podatne na zmiany sezonowe. Ka\u017cdy sezon ma swoje w\u0142asne wyzwania i szanse. Szczytowe i pozaszczytowe sezony, niesprzyjaj\u0105ca pogoda i inne wydarzenia<\/p>\n\t\t<\/div>\n\t\t\n\t\t<a class=\"elementor-post__read-more\" href=\"https:\/\/transportinghighway.shudesign.nl\/pl\/jak-sezonowosc-wplywa-na-uslugi-transportu-samochodowego\/\" aria-label=\"Read more about Jak sezonowo\u015b\u0107 wp\u0142ywa na us\u0142ugi transportu samochodowego\" tabindex=\"-1\" >\n\t\t\tCzytaj wi\u0119cej\t\t<\/a>\n\n\t\t\t\t<\/div>\n\t\t\t\t\t<\/div>\n\t\t<\/article>\n\t\t\t\t<article class=\"elementor-post elementor-grid-item post-2726 post type-post status-publish format-standard has-post-thumbnail hentry category-bez-kategorii\">\n\t\t\t<div class=\"elementor-post__card\">\n\t\t\t\t<a class=\"elementor-post__thumbnail__link\" href=\"https:\/\/transportinghighway.shudesign.nl\/pl\/rola-transportu-samochodowego-w-zwiekszaniu-zasiegu-rynkowego-dealerow-samochodowych\/\" tabindex=\"-1\" ><div class=\"elementor-post__thumbnail\"><img loading=\"lazy\" decoding=\"async\" width=\"800\" height=\"533\" src=\"https:\/\/transportinghighway.shudesign.nl\/wp-content\/uploads\/2024\/07\/car-dealers_car-showroom.jpg\" class=\"attachment-large size-large wp-image-2720\" alt=\"car dealer\" srcset=\"https:\/\/transportinghighway.shudesign.nl\/wp-content\/uploads\/2024\/07\/car-dealers_car-showroom.jpg 1200w, https:\/\/transportinghighway.shudesign.nl\/wp-content\/uploads\/2024\/07\/car-dealers_car-showroom-1024x683.jpg 1024w, https:\/\/transportinghighway.shudesign.nl\/wp-content\/uploads\/2024\/07\/car-dealers_car-showroom-768x512.jpg 768w\" sizes=\"(max-width: 800px) 100vw, 800px\" \/><\/div><\/a>\n\t\t\t\t<div class=\"elementor-post__text\">\n\t\t\t\t<h4 class=\"elementor-post__title\">\n\t\t\t<a href=\"https:\/\/transportinghighway.shudesign.nl\/pl\/rola-transportu-samochodowego-w-zwiekszaniu-zasiegu-rynkowego-dealerow-samochodowych\/\" >\n\t\t\t\tRola transportu samochodowego w zwi\u0119kszaniu zasi\u0119gu rynkowego dealer\u00f3w samochodowych\t\t\t<\/a>\n\t\t<\/h4>\n\t\t\t\t<div class=\"elementor-post__excerpt\">\n\t\t\t<p>Potrzeby klient\u00f3w zmieniaj\u0105 si\u0119 wraz z up\u0142ywem czasu, co utrudnia warsztatom samochodowym utrzymanie si\u0119 na rynku. Us\u0142ugi wysy\u0142ki samochod\u00f3w s\u0105 \u0142atwo dost\u0119pne dla dealer\u00f3w, aby zachowa\u0107 konkurencyjno\u015b\u0107 i rozwija\u0107 swoj\u0105<\/p>\n\t\t<\/div>\n\t\t\n\t\t<a class=\"elementor-post__read-more\" href=\"https:\/\/transportinghighway.shudesign.nl\/pl\/rola-transportu-samochodowego-w-zwiekszaniu-zasiegu-rynkowego-dealerow-samochodowych\/\" aria-label=\"Read more about Rola transportu samochodowego w zwi\u0119kszaniu zasi\u0119gu rynkowego dealer\u00f3w samochodowych\" tabindex=\"-1\" >\n\t\t\tCzytaj wi\u0119cej\t\t<\/a>\n\n\t\t\t\t<\/div>\n\t\t\t\t\t<\/div>\n\t\t<\/article>\n\t\t\t\t<article class=\"elementor-post elementor-grid-item post-2691 post type-post status-publish format-standard has-post-thumbnail hentry category-bez-kategorii\">\n\t\t\t<div class=\"elementor-post__card\">\n\t\t\t\t<a class=\"elementor-post__thumbnail__link\" href=\"https:\/\/transportinghighway.shudesign.nl\/pl\/maksymalizacja-zyskow-dzieki-niezawodnym-uslugom-transportu-samochodowego\/\" tabindex=\"-1\" ><div class=\"elementor-post__thumbnail\"><img loading=\"lazy\" decoding=\"async\" width=\"800\" height=\"593\" src=\"https:\/\/transportinghighway.shudesign.nl\/wp-content\/uploads\/2024\/07\/image-4-1456x1080.png\" class=\"attachment-large size-large wp-image-2667\" alt=\"\" srcset=\"https:\/\/transportinghighway.shudesign.nl\/wp-content\/uploads\/2024\/07\/image-4-1456x1080.png 1456w, https:\/\/transportinghighway.shudesign.nl\/wp-content\/uploads\/2024\/07\/image-4-1024x760.png 1024w, https:\/\/transportinghighway.shudesign.nl\/wp-content\/uploads\/2024\/07\/image-4-768x570.png 768w, https:\/\/transportinghighway.shudesign.nl\/wp-content\/uploads\/2024\/07\/image-4-1536x1139.png 1536w, https:\/\/transportinghighway.shudesign.nl\/wp-content\/uploads\/2024\/07\/image-4-1320x979.png 1320w, https:\/\/transportinghighway.shudesign.nl\/wp-content\/uploads\/2024\/07\/image-4.png 1840w\" sizes=\"(max-width: 800px) 100vw, 800px\" \/><\/div><\/a>\n\t\t\t\t<div class=\"elementor-post__text\">\n\t\t\t\t<h4 class=\"elementor-post__title\">\n\t\t\t<a href=\"https:\/\/transportinghighway.shudesign.nl\/pl\/maksymalizacja-zyskow-dzieki-niezawodnym-uslugom-transportu-samochodowego\/\" >\n\t\t\t\tMaksymalizacja zysk\u00f3w dzi\u0119ki niezawodnym us\u0142ugom transportu samochodowego\t\t\t<\/a>\n\t\t<\/h4>\n\t\t\t\t<div class=\"elementor-post__excerpt\">\n\t\t\t<p>Wydajny i niezawodny transport samochodowy jest kr\u0119gos\u0142upem, kt\u00f3ry kszta\u0142tuje i generuje obroty magazynowe oraz zadowolenie klient\u00f3w. Sukces salonu samochodowego wi\u0105\u017ce si\u0119 z terminow\u0105 dostaw\u0105 pojazd\u00f3w. Prowadzi to nie tylko do<\/p>\n\t\t<\/div>\n\t\t\n\t\t<a class=\"elementor-post__read-more\" href=\"https:\/\/transportinghighway.shudesign.nl\/pl\/maksymalizacja-zyskow-dzieki-niezawodnym-uslugom-transportu-samochodowego\/\" aria-label=\"Read more about Maksymalizacja zysk\u00f3w dzi\u0119ki niezawodnym us\u0142ugom transportu samochodowego\" tabindex=\"-1\" >\n\t\t\tCzytaj wi\u0119cej\t\t<\/a>\n\n\t\t\t\t<\/div>\n\t\t\t\t\t<\/div>\n\t\t<\/article>\n\t\t\t\t<article class=\"elementor-post elementor-grid-item post-2677 post type-post status-publish format-standard has-post-thumbnail hentry category-bez-kategorii\">\n\t\t\t<div class=\"elementor-post__card\">\n\t\t\t\t<a class=\"elementor-post__thumbnail__link\" href=\"https:\/\/transportinghighway.shudesign.nl\/pl\/lancuch-dostaw-dla-branzy-motoryzacyjnej-dzieki-wydajnemu-transportowi-samochodow\/\" tabindex=\"-1\" ><div class=\"elementor-post__thumbnail\"><img loading=\"lazy\" decoding=\"async\" width=\"800\" height=\"377\" src=\"https:\/\/transportinghighway.shudesign.nl\/wp-content\/uploads\/2024\/07\/shutterstock_2255577621-1-scaled-1-1920x904.jpg\" class=\"attachment-large size-large wp-image-2644\" alt=\"car transport supply chain\" srcset=\"https:\/\/transportinghighway.shudesign.nl\/wp-content\/uploads\/2024\/07\/shutterstock_2255577621-1-scaled-1-1920x904.jpg 1920w, https:\/\/transportinghighway.shudesign.nl\/wp-content\/uploads\/2024\/07\/shutterstock_2255577621-1-scaled-1-1024x482.jpg 1024w, https:\/\/transportinghighway.shudesign.nl\/wp-content\/uploads\/2024\/07\/shutterstock_2255577621-1-scaled-1-768x362.jpg 768w, https:\/\/transportinghighway.shudesign.nl\/wp-content\/uploads\/2024\/07\/shutterstock_2255577621-1-scaled-1-1536x723.jpg 1536w, https:\/\/transportinghighway.shudesign.nl\/wp-content\/uploads\/2024\/07\/shutterstock_2255577621-1-scaled-1-2048x964.jpg 2048w, https:\/\/transportinghighway.shudesign.nl\/wp-content\/uploads\/2024\/07\/shutterstock_2255577621-1-scaled-1-1320x621.jpg 1320w\" sizes=\"(max-width: 800px) 100vw, 800px\" \/><\/div><\/a>\n\t\t\t\t<div class=\"elementor-post__text\">\n\t\t\t\t<h4 class=\"elementor-post__title\">\n\t\t\t<a href=\"https:\/\/transportinghighway.shudesign.nl\/pl\/lancuch-dostaw-dla-branzy-motoryzacyjnej-dzieki-wydajnemu-transportowi-samochodow\/\" >\n\t\t\t\t\u0141a\u0144cuch dostaw dla bran\u017cy motoryzacyjnej dzi\u0119ki wydajnemu transportowi samochod\u00f3w\t\t\t<\/a>\n\t\t<\/h4>\n\t\t\t\t<div class=\"elementor-post__excerpt\">\n\t\t\t<p>\u0141a\u0144cuch dostaw w bran\u017cy motoryzacyjnej jest bardzo z\u0142o\u017cony ze wzgl\u0119du na szczeg\u00f3\u0142owe procesy produkcyjne i rozleg\u0142e sieci dystrybucji. Zak\u0142\u00f3cenia s\u0105 jednak postrzegane jako najwi\u0119ksze ryzyko dla rozwoju biznesu, nawet bardziej<\/p>\n\t\t<\/div>\n\t\t\n\t\t<a class=\"elementor-post__read-more\" href=\"https:\/\/transportinghighway.shudesign.nl\/pl\/lancuch-dostaw-dla-branzy-motoryzacyjnej-dzieki-wydajnemu-transportowi-samochodow\/\" aria-label=\"Read more about \u0141a\u0144cuch dostaw dla bran\u017cy motoryzacyjnej dzi\u0119ki wydajnemu transportowi samochod\u00f3w\" tabindex=\"-1\" >\n\t\t\tCzytaj wi\u0119cej\t\t<\/a>\n\n\t\t\t\t<\/div>\n\t\t\t\t\t<\/div>\n\t\t<\/article>\n\t\t\t\t<\/div>\n\t\t\n\t\t\t\t<div class=\"e-load-more-anchor\" data-page=\"1\" data-max-page=\"3\" data-next-page=\"https:\/\/transportinghighway.shudesign.nl\/pl\/wp-json\/wp\/v2\/pages\/1044\/page\/2\/\"><\/div>\n\t\t\t\t<nav class=\"elementor-pagination\" aria-label=\"Paginacja\">\n\t\t\t<span class=\"page-numbers prev\">Poprzedni<\/span>\n<span aria-current=\"page\" class=\"page-numbers current\"><span class=\"elementor-screen-only\">Strona<\/span>1<\/span>\n<a class=\"page-numbers\" href=\"https:\/\/transportinghighway.shudesign.nl\/pl\/wp-json\/wp\/v2\/pages\/1044\/page\/2\/\"><span class=\"elementor-screen-only\">Strona<\/span>2<\/a>\n<a class=\"page-numbers\" href=\"https:\/\/transportinghighway.shudesign.nl\/pl\/wp-json\/wp\/v2\/pages\/1044\/page\/3\/\"><span class=\"elementor-screen-only\">Strona<\/span>3<\/a>\n<a class=\"page-numbers next\" href=\"https:\/\/transportinghighway.shudesign.nl\/pl\/wp-json\/wp\/v2\/pages\/1044\/page\/2\/\">Nast\u0119pny<\/a>\t\t<\/nav>\n\t\t\t\t\t\t<\/div>\n\t\t\t\t<\/div>\n\t\t\t\t\t<\/div>\n\t\t\t\t<\/div>\n\t\t\t\t<\/div>\n\t\t","protected":false},"excerpt":{"rendered":"<p>Blog<\/p>\n","protected":false},"author":1,"featured_media":0,"parent":0,"menu_order":0,"comment_status":"closed","ping_status":"closed","template":"","meta":{"inline_featured_image":false,"_joinchat":[],"footnotes":""},"class_list":["post-1044","page","type-page","status-publish","hentry"],"yoast_head":"<!-- This site is optimized with the Yoast SEO plugin v27.5 - https:\/\/yoast.com\/product\/yoast-seo-wordpress\/ -->\n<title>Blog - Transporting Highway<\/title>\n<meta name=\"robots\" content=\"index, follow, max-snippet:-1, max-image-preview:large, max-video-preview:-1\" \/>\n<link rel=\"canonical\" href=\"https:\/\/transportinghighway.shudesign.nl\/pl\/blog\/\" \/>\n<meta property=\"og:locale\" content=\"pl_PL\" \/>\n<meta property=\"og:type\" content=\"article\" \/>\n<meta property=\"og:title\" content=\"Blog - Transporting Highway\" \/>\n<meta property=\"og:description\" content=\"Blog\" \/>\n<meta property=\"og:url\" content=\"https:\/\/transportinghighway.shudesign.nl\/pl\/blog\/\" \/>\n<meta property=\"og:site_name\" content=\"Transporting Highway\" \/>\n<meta property=\"article:modified_time\" content=\"2024-06-25T19:30:49+00:00\" \/>\n<meta name=\"twitter:card\" content=\"summary_large_image\" \/>\n<meta name=\"twitter:label1\" content=\"Szacowany czas czytania\" \/>\n\t<meta name=\"twitter:data1\" content=\"6 minut\" \/>\n<script type=\"application\/ld+json\" class=\"yoast-schema-graph\">{\"@context\":\"https:\\\/\\\/schema.org\",\"@graph\":[{\"@type\":\"WebPage\",\"@id\":\"https:\\\/\\\/transportinghighway.shudesign.nl\\\/pl\\\/blog\\\/\",\"url\":\"https:\\\/\\\/transportinghighway.shudesign.nl\\\/pl\\\/blog\\\/\",\"name\":\"Blog - Transporting Highway\",\"isPartOf\":{\"@id\":\"https:\\\/\\\/transportinghighway.shudesign.nl\\\/pl\\\/#website\"},\"datePublished\":\"2024-04-13T19:46:41+00:00\",\"dateModified\":\"2024-06-25T19:30:49+00:00\",\"breadcrumb\":{\"@id\":\"https:\\\/\\\/transportinghighway.shudesign.nl\\\/pl\\\/blog\\\/#breadcrumb\"},\"inLanguage\":\"pl-PL\",\"potentialAction\":[{\"@type\":\"ReadAction\",\"target\":[\"https:\\\/\\\/transportinghighway.shudesign.nl\\\/pl\\\/blog\\\/\"]}]},{\"@type\":\"BreadcrumbList\",\"@id\":\"https:\\\/\\\/transportinghighway.shudesign.nl\\\/pl\\\/blog\\\/#breadcrumb\",\"itemListElement\":[{\"@type\":\"ListItem\",\"position\":1,\"name\":\"Home\",\"item\":\"https:\\\/\\\/transportinghighway.shudesign.nl\\\/pl\\\/strona-glowna\\\/\"},{\"@type\":\"ListItem\",\"position\":2,\"name\":\"Blog\"}]},{\"@type\":\"WebSite\",\"@id\":\"https:\\\/\\\/transportinghighway.shudesign.nl\\\/pl\\\/#website\",\"url\":\"https:\\\/\\\/transportinghighway.shudesign.nl\\\/pl\\\/\",\"name\":\"Transporting Highway\",\"description\":\"Vervoer uw auto&#039;s door Europa\",\"publisher\":{\"@id\":\"https:\\\/\\\/transportinghighway.shudesign.nl\\\/pl\\\/#organization\"},\"potentialAction\":[{\"@type\":\"SearchAction\",\"target\":{\"@type\":\"EntryPoint\",\"urlTemplate\":\"https:\\\/\\\/transportinghighway.shudesign.nl\\\/pl\\\/?s={search_term_string}\"},\"query-input\":{\"@type\":\"PropertyValueSpecification\",\"valueRequired\":true,\"valueName\":\"search_term_string\"}}],\"inLanguage\":\"pl-PL\"},{\"@type\":\"Organization\",\"@id\":\"https:\\\/\\\/transportinghighway.shudesign.nl\\\/pl\\\/#organization\",\"name\":\"Transporting Highway\",\"url\":\"https:\\\/\\\/transportinghighway.shudesign.nl\\\/pl\\\/\",\"logo\":{\"@type\":\"ImageObject\",\"inLanguage\":\"pl-PL\",\"@id\":\"https:\\\/\\\/transportinghighway.shudesign.nl\\\/pl\\\/#\\\/schema\\\/logo\\\/image\\\/\",\"url\":\"https:\\\/\\\/transportinghighway.shudesign.nl\\\/wp-content\\\/uploads\\\/2023\\\/05\\\/transporting-highway-logo.svg\",\"contentUrl\":\"https:\\\/\\\/transportinghighway.shudesign.nl\\\/wp-content\\\/uploads\\\/2023\\\/05\\\/transporting-highway-logo.svg\",\"width\":\"1920\",\"height\":\"1080\",\"caption\":\"Transporting Highway\"},\"image\":{\"@id\":\"https:\\\/\\\/transportinghighway.shudesign.nl\\\/pl\\\/#\\\/schema\\\/logo\\\/image\\\/\"}}]}<\/script>\n<!-- \/ Yoast SEO plugin. -->","yoast_head_json":{"title":"Blog - Transporting Highway","robots":{"index":"index","follow":"follow","max-snippet":"max-snippet:-1","max-image-preview":"max-image-preview:large","max-video-preview":"max-video-preview:-1"},"canonical":"https:\/\/transportinghighway.shudesign.nl\/pl\/blog\/","og_locale":"pl_PL","og_type":"article","og_title":"Blog - Transporting Highway","og_description":"Blog","og_url":"https:\/\/transportinghighway.shudesign.nl\/pl\/blog\/","og_site_name":"Transporting Highway","article_modified_time":"2024-06-25T19:30:49+00:00","twitter_card":"summary_large_image","twitter_misc":{"Szacowany czas czytania":"6 minut"},"schema":{"@context":"https:\/\/schema.org","@graph":[{"@type":"WebPage","@id":"https:\/\/transportinghighway.shudesign.nl\/pl\/blog\/","url":"https:\/\/transportinghighway.shudesign.nl\/pl\/blog\/","name":"Blog - Transporting Highway","isPartOf":{"@id":"https:\/\/transportinghighway.shudesign.nl\/pl\/#website"},"datePublished":"2024-04-13T19:46:41+00:00","dateModified":"2024-06-25T19:30:49+00:00","breadcrumb":{"@id":"https:\/\/transportinghighway.shudesign.nl\/pl\/blog\/#breadcrumb"},"inLanguage":"pl-PL","potentialAction":[{"@type":"ReadAction","target":["https:\/\/transportinghighway.shudesign.nl\/pl\/blog\/"]}]},{"@type":"BreadcrumbList","@id":"https:\/\/transportinghighway.shudesign.nl\/pl\/blog\/#breadcrumb","itemListElement":[{"@type":"ListItem","position":1,"name":"Home","item":"https:\/\/transportinghighway.shudesign.nl\/pl\/strona-glowna\/"},{"@type":"ListItem","position":2,"name":"Blog"}]},{"@type":"WebSite","@id":"https:\/\/transportinghighway.shudesign.nl\/pl\/#website","url":"https:\/\/transportinghighway.shudesign.nl\/pl\/","name":"Transporting Highway","description":"Vervoer uw auto&#039;s door Europa","publisher":{"@id":"https:\/\/transportinghighway.shudesign.nl\/pl\/#organization"},"potentialAction":[{"@type":"SearchAction","target":{"@type":"EntryPoint","urlTemplate":"https:\/\/transportinghighway.shudesign.nl\/pl\/?s={search_term_string}"},"query-input":{"@type":"PropertyValueSpecification","valueRequired":true,"valueName":"search_term_string"}}],"inLanguage":"pl-PL"},{"@type":"Organization","@id":"https:\/\/transportinghighway.shudesign.nl\/pl\/#organization","name":"Transporting Highway","url":"https:\/\/transportinghighway.shudesign.nl\/pl\/","logo":{"@type":"ImageObject","inLanguage":"pl-PL","@id":"https:\/\/transportinghighway.shudesign.nl\/pl\/#\/schema\/logo\/image\/","url":"https:\/\/transportinghighway.shudesign.nl\/wp-content\/uploads\/2023\/05\/transporting-highway-logo.svg","contentUrl":"https:\/\/transportinghighway.shudesign.nl\/wp-content\/uploads\/2023\/05\/transporting-highway-logo.svg","width":"1920","height":"1080","caption":"Transporting Highway"},"image":{"@id":"https:\/\/transportinghighway.shudesign.nl\/pl\/#\/schema\/logo\/image\/"}}]}},"_links":{"self":[{"href":"https:\/\/transportinghighway.shudesign.nl\/pl\/wp-json\/wp\/v2\/pages\/1044","targetHints":{"allow":["GET"]}}],"collection":[{"href":"https:\/\/transportinghighway.shudesign.nl\/pl\/wp-json\/wp\/v2\/pages"}],"about":[{"href":"https:\/\/transportinghighway.shudesign.nl\/pl\/wp-json\/wp\/v2\/types\/page"}],"author":[{"embeddable":true,"href":"https:\/\/transportinghighway.shudesign.nl\/pl\/wp-json\/wp\/v2\/users\/1"}],"replies":[{"embeddable":true,"href":"https:\/\/transportinghighway.shudesign.nl\/pl\/wp-json\/wp\/v2\/comments?post=1044"}],"version-history":[{"count":11,"href":"https:\/\/transportinghighway.shudesign.nl\/pl\/wp-json\/wp\/v2\/pages\/1044\/revisions"}],"predecessor-version":[{"id":2456,"href":"https:\/\/transportinghighway.shudesign.nl\/pl\/wp-json\/wp\/v2\/pages\/1044\/revisions\/2456"}],"wp:attachment":[{"href":"https:\/\/transportinghighway.shudesign.nl\/pl\/wp-json\/wp\/v2\/media?parent=1044"}],"curies":[{"name":"wp","href":"https:\/\/api.w.org\/{rel}","templated":true}]}}