{"id":1059,"date":"2024-04-13T19:46:41","date_gmt":"2024-04-13T19:46:41","guid":{"rendered":"https:\/\/transportinghighway.com\/blog\/"},"modified":"2024-06-25T19:28:56","modified_gmt":"2024-06-25T19:28:56","slug":"blog","status":"publish","type":"page","link":"https:\/\/transportinghighway.shudesign.nl\/fr\/blog\/","title":{"rendered":"Blog"},"content":{"rendered":"\t\t<div data-elementor-type=\"wp-page\" data-elementor-id=\"1059\" class=\"elementor elementor-1059 elementor-776\" data-elementor-post-type=\"page\">\n\t\t\t\t<div class=\"elementor-element elementor-element-6fd7321b e-flex e-con-boxed e-con e-parent\" data-id=\"6fd7321b\" data-element_type=\"container\" data-e-type=\"container\" data-settings=\"{&quot;background_background&quot;:&quot;classic&quot;}\">\n\t\t\t\t\t<div class=\"e-con-inner\">\n\t\t\t\t<div class=\"elementor-element elementor-element-8575dc1 elementor-widget elementor-widget-heading\" data-id=\"8575dc1\" data-element_type=\"widget\" data-e-type=\"widget\" data-widget_type=\"heading.default\">\n\t\t\t\t<div class=\"elementor-widget-container\">\n\t\t\t\t\t<h1 class=\"elementor-heading-title elementor-size-default\"><span class=\"orange-text\">Blog<\/span><\/h1>\t\t\t\t<\/div>\n\t\t\t\t<\/div>\n\t\t\t\t\t<\/div>\n\t\t\t\t<\/div>\n\t\t<div class=\"elementor-element elementor-element-3b592950 e-flex e-con-boxed e-con e-parent\" data-id=\"3b592950\" data-element_type=\"container\" data-e-type=\"container\">\n\t\t\t\t\t<div class=\"e-con-inner\">\n\t\t\t\t<div class=\"elementor-element elementor-element-67b8309b elementor-grid-3 elementor-grid-tablet-2 elementor-grid-mobile-1 elementor-posts--thumbnail-top elementor-posts__hover-gradient elementor-widget elementor-widget-posts\" data-id=\"67b8309b\" data-element_type=\"widget\" data-e-type=\"widget\" data-settings=\"{&quot;cards_row_gap&quot;:{&quot;unit&quot;:&quot;px&quot;,&quot;size&quot;:80,&quot;sizes&quot;:[]},&quot;cards_row_gap_tablet&quot;:{&quot;unit&quot;:&quot;px&quot;,&quot;size&quot;:71,&quot;sizes&quot;:[]},&quot;cards_row_gap_mobile&quot;:{&quot;unit&quot;:&quot;px&quot;,&quot;size&quot;:30,&quot;sizes&quot;:[]},&quot;pagination_type&quot;:&quot;numbers_and_prev_next&quot;,&quot;cards_columns&quot;:&quot;3&quot;,&quot;cards_columns_tablet&quot;:&quot;2&quot;,&quot;cards_columns_mobile&quot;:&quot;1&quot;}\" data-widget_type=\"posts.cards\">\n\t\t\t\t<div class=\"elementor-widget-container\">\n\t\t\t\t\t\t\t<div class=\"elementor-posts-container elementor-posts elementor-posts--skin-cards elementor-grid\">\n\t\t\t\t<article class=\"elementor-post elementor-grid-item post-4489 post type-post status-publish format-standard has-post-thumbnail hentry category-non-classifiee\">\n\t\t\t<div class=\"elementor-post__card\">\n\t\t\t\t<a class=\"elementor-post__thumbnail__link\" href=\"https:\/\/transportinghighway.shudesign.nl\/fr\/limportance-de-lassurance-pour-la-securite-du-transport-de-vehicules\/\" tabindex=\"-1\" ><div class=\"elementor-post__thumbnail\"><img fetchpriority=\"high\" decoding=\"async\" width=\"800\" height=\"800\" src=\"https:\/\/transportinghighway.shudesign.nl\/wp-content\/uploads\/2024\/11\/car-insurance-document-flat-style-licence-vehicle-checklist-folder-security-agreement-automobile-company-transport-report-187031583.webp\" class=\"attachment-large size-large wp-image-4472\" alt=\"insurance vehicle transport\" srcset=\"https:\/\/transportinghighway.shudesign.nl\/wp-content\/uploads\/2024\/11\/car-insurance-document-flat-style-licence-vehicle-checklist-folder-security-agreement-automobile-company-transport-report-187031583.webp 800w, https:\/\/transportinghighway.shudesign.nl\/wp-content\/uploads\/2024\/11\/car-insurance-document-flat-style-licence-vehicle-checklist-folder-security-agreement-automobile-company-transport-report-187031583-768x768.webp 768w\" sizes=\"(max-width: 800px) 100vw, 800px\" \/><\/div><\/a>\n\t\t\t\t<div class=\"elementor-post__text\">\n\t\t\t\t<h4 class=\"elementor-post__title\">\n\t\t\t<a href=\"https:\/\/transportinghighway.shudesign.nl\/fr\/limportance-de-lassurance-pour-la-securite-du-transport-de-vehicules\/\" >\n\t\t\t\tL&rsquo;importance de l&rsquo;assurance pour la s\u00e9curit\u00e9 du transport de v\u00e9hicules :\t\t\t<\/a>\n\t\t<\/h4>\n\t\t\t\t<div class=\"elementor-post__excerpt\">\n\t\t\t<p>Lorsqu&rsquo;il s&rsquo;agit d&rsquo;assurer le transport de v\u00e9hicules, il n&rsquo;est pas n\u00e9gociable de s&rsquo;assurer que toutes les cargaisons sont enti\u00e8rement prot\u00e9g\u00e9es. Chez Transporting Highway, nous sommes fiers d&rsquo;offrir une exp\u00e9rience de<\/p>\n\t\t<\/div>\n\t\t\n\t\t<a class=\"elementor-post__read-more\" href=\"https:\/\/transportinghighway.shudesign.nl\/fr\/limportance-de-lassurance-pour-la-securite-du-transport-de-vehicules\/\" aria-label=\"En savoir plus sur L&rsquo;importance de l&rsquo;assurance pour la s\u00e9curit\u00e9 du transport de v\u00e9hicules :\" tabindex=\"-1\" >\n\t\t\tLire la suite\t\t<\/a>\n\n\t\t\t\t<\/div>\n\t\t\t\t\t<\/div>\n\t\t<\/article>\n\t\t\t\t<article class=\"elementor-post elementor-grid-item post-3803 post type-post status-publish format-standard has-post-thumbnail hentry category-non-classifiee\">\n\t\t\t<div class=\"elementor-post__card\">\n\t\t\t\t<a class=\"elementor-post__thumbnail__link\" href=\"https:\/\/transportinghighway.shudesign.nl\/fr\/6-conferences-et-evenements-europeens-sur-la-gestion-de-flotte-auxquels-vous-devez-absolument-assister\/\" tabindex=\"-1\" ><div class=\"elementor-post__thumbnail\"><img decoding=\"async\" width=\"500\" height=\"429\" src=\"https:\/\/transportinghighway.shudesign.nl\/wp-content\/uploads\/2024\/10\/image-2.png\" class=\"attachment-large size-large wp-image-3736\" alt=\"\" \/><\/div><\/a>\n\t\t\t\t<div class=\"elementor-post__text\">\n\t\t\t\t<h4 class=\"elementor-post__title\">\n\t\t\t<a href=\"https:\/\/transportinghighway.shudesign.nl\/fr\/6-conferences-et-evenements-europeens-sur-la-gestion-de-flotte-auxquels-vous-devez-absolument-assister\/\" >\n\t\t\t\t6 conf\u00e9rences et \u00e9v\u00e9nements europ\u00e9ens sur la gestion de flotte auxquels vous devez absolument assister\t\t\t<\/a>\n\t\t<\/h4>\n\t\t\t\t<div class=\"elementor-post__excerpt\">\n\t\t\t<p>Il n&rsquo;est pas toujours facile de g\u00e9rer une flotte de v\u00e9hicules. Ma\u00eetriser les co\u00fbts, assurer la satisfaction des conducteurs et maintenir la fiabilit\u00e9 des v\u00e9hicules n&rsquo;est pas chose ais\u00e9e. Pour<\/p>\n\t\t<\/div>\n\t\t\n\t\t<a class=\"elementor-post__read-more\" href=\"https:\/\/transportinghighway.shudesign.nl\/fr\/6-conferences-et-evenements-europeens-sur-la-gestion-de-flotte-auxquels-vous-devez-absolument-assister\/\" aria-label=\"En savoir plus sur 6 conf\u00e9rences et \u00e9v\u00e9nements europ\u00e9ens sur la gestion de flotte auxquels vous devez absolument assister\" tabindex=\"-1\" >\n\t\t\tLire la suite\t\t<\/a>\n\n\t\t\t\t<\/div>\n\t\t\t\t\t<\/div>\n\t\t<\/article>\n\t\t\t\t<article class=\"elementor-post elementor-grid-item post-3367 post type-post status-publish format-standard has-post-thumbnail hentry category-non-classifiee\">\n\t\t\t<div class=\"elementor-post__card\">\n\t\t\t\t<a class=\"elementor-post__thumbnail__link\" href=\"https:\/\/transportinghighway.shudesign.nl\/fr\/comment-la-saisonnalite-affecte-les-services-de-transport-de-voitures\/\" tabindex=\"-1\" ><div class=\"elementor-post__thumbnail\"><img decoding=\"async\" width=\"800\" height=\"557\" src=\"https:\/\/transportinghighway.shudesign.nl\/wp-content\/uploads\/2024\/08\/Captura-de-pantalla-2024-08-28-a-las-16.15.09.png\" class=\"attachment-large size-large wp-image-3068\" alt=\"\" srcset=\"https:\/\/transportinghighway.shudesign.nl\/wp-content\/uploads\/2024\/08\/Captura-de-pantalla-2024-08-28-a-las-16.15.09.png 1492w, https:\/\/transportinghighway.shudesign.nl\/wp-content\/uploads\/2024\/08\/Captura-de-pantalla-2024-08-28-a-las-16.15.09-1024x712.png 1024w, https:\/\/transportinghighway.shudesign.nl\/wp-content\/uploads\/2024\/08\/Captura-de-pantalla-2024-08-28-a-las-16.15.09-768x534.png 768w, https:\/\/transportinghighway.shudesign.nl\/wp-content\/uploads\/2024\/08\/Captura-de-pantalla-2024-08-28-a-las-16.15.09-1320x918.png 1320w\" sizes=\"(max-width: 800px) 100vw, 800px\" \/><\/div><\/a>\n\t\t\t\t<div class=\"elementor-post__text\">\n\t\t\t\t<h4 class=\"elementor-post__title\">\n\t\t\t<a href=\"https:\/\/transportinghighway.shudesign.nl\/fr\/comment-la-saisonnalite-affecte-les-services-de-transport-de-voitures\/\" >\n\t\t\t\tComment la saisonnalit\u00e9 affecte les services de transport de voitures\t\t\t<\/a>\n\t\t<\/h4>\n\t\t\t\t<div class=\"elementor-post__excerpt\">\n\t\t\t<p>Les services de transport de voitures sont, comme tout autre secteur, tr\u00e8s sensibles aux variations saisonni\u00e8res. Chaque saison comporte ses propres d\u00e9fis et ses propres opportunit\u00e9s. Les p\u00e9riodes de pointe<\/p>\n\t\t<\/div>\n\t\t\n\t\t<a class=\"elementor-post__read-more\" href=\"https:\/\/transportinghighway.shudesign.nl\/fr\/comment-la-saisonnalite-affecte-les-services-de-transport-de-voitures\/\" aria-label=\"En savoir plus sur Comment la saisonnalit\u00e9 affecte les services de transport de voitures\" tabindex=\"-1\" >\n\t\t\tLire la suite\t\t<\/a>\n\n\t\t\t\t<\/div>\n\t\t\t\t\t<\/div>\n\t\t<\/article>\n\t\t\t\t<article class=\"elementor-post elementor-grid-item post-2730 post type-post status-publish format-standard has-post-thumbnail hentry category-non-classifiee\">\n\t\t\t<div class=\"elementor-post__card\">\n\t\t\t\t<a class=\"elementor-post__thumbnail__link\" href=\"https:\/\/transportinghighway.shudesign.nl\/fr\/le-role-de-lexpedition-de-voitures-dans-lextension-de-la-portee-du-marche-des-concessionnaires-automobiles\/\" tabindex=\"-1\" ><div class=\"elementor-post__thumbnail\"><img loading=\"lazy\" decoding=\"async\" width=\"800\" height=\"533\" src=\"https:\/\/transportinghighway.shudesign.nl\/wp-content\/uploads\/2024\/07\/car-dealers_car-showroom.jpg\" class=\"attachment-large size-large wp-image-2718\" alt=\"car dealer\" srcset=\"https:\/\/transportinghighway.shudesign.nl\/wp-content\/uploads\/2024\/07\/car-dealers_car-showroom.jpg 1200w, https:\/\/transportinghighway.shudesign.nl\/wp-content\/uploads\/2024\/07\/car-dealers_car-showroom-1024x683.jpg 1024w, https:\/\/transportinghighway.shudesign.nl\/wp-content\/uploads\/2024\/07\/car-dealers_car-showroom-768x512.jpg 768w\" sizes=\"(max-width: 800px) 100vw, 800px\" \/><\/div><\/a>\n\t\t\t\t<div class=\"elementor-post__text\">\n\t\t\t\t<h4 class=\"elementor-post__title\">\n\t\t\t<a href=\"https:\/\/transportinghighway.shudesign.nl\/fr\/le-role-de-lexpedition-de-voitures-dans-lextension-de-la-portee-du-marche-des-concessionnaires-automobiles\/\" >\n\t\t\t\tLe r\u00f4le de l&rsquo;exp\u00e9dition de voitures dans l&rsquo;extension de la port\u00e9e du march\u00e9 des concessionnaires automobiles\t\t\t<\/a>\n\t\t<\/h4>\n\t\t\t\t<div class=\"elementor-post__excerpt\">\n\t\t\t<p>Les souhaits des clients \u00e9voluent avec le temps, ce qui complique la t\u00e2che des concessionnaires automobiles. Les services d&rsquo;exp\u00e9dition de voitures sont facilement accessibles aux concessionnaires pour qu&rsquo;ils restent comp\u00e9titifs<\/p>\n\t\t<\/div>\n\t\t\n\t\t<a class=\"elementor-post__read-more\" href=\"https:\/\/transportinghighway.shudesign.nl\/fr\/le-role-de-lexpedition-de-voitures-dans-lextension-de-la-portee-du-marche-des-concessionnaires-automobiles\/\" aria-label=\"En savoir plus sur Le r\u00f4le de l&rsquo;exp\u00e9dition de voitures dans l&rsquo;extension de la port\u00e9e du march\u00e9 des concessionnaires automobiles\" tabindex=\"-1\" >\n\t\t\tLire la suite\t\t<\/a>\n\n\t\t\t\t<\/div>\n\t\t\t\t\t<\/div>\n\t\t<\/article>\n\t\t\t\t<article class=\"elementor-post elementor-grid-item post-2687 post type-post status-publish format-standard has-post-thumbnail hentry category-non-classifiee\">\n\t\t\t<div class=\"elementor-post__card\">\n\t\t\t\t<a class=\"elementor-post__thumbnail__link\" href=\"https:\/\/transportinghighway.shudesign.nl\/fr\/maximiser-les-profits-grace-a-des-services-de-transport-de-voitures-fiables\/\" tabindex=\"-1\" ><div class=\"elementor-post__thumbnail\"><img loading=\"lazy\" decoding=\"async\" width=\"800\" height=\"593\" src=\"https:\/\/transportinghighway.shudesign.nl\/wp-content\/uploads\/2024\/07\/image-4-1456x1080.png\" class=\"attachment-large size-large wp-image-2665\" alt=\"\" srcset=\"https:\/\/transportinghighway.shudesign.nl\/wp-content\/uploads\/2024\/07\/image-4-1456x1080.png 1456w, https:\/\/transportinghighway.shudesign.nl\/wp-content\/uploads\/2024\/07\/image-4-1024x760.png 1024w, https:\/\/transportinghighway.shudesign.nl\/wp-content\/uploads\/2024\/07\/image-4-768x570.png 768w, https:\/\/transportinghighway.shudesign.nl\/wp-content\/uploads\/2024\/07\/image-4-1536x1139.png 1536w, https:\/\/transportinghighway.shudesign.nl\/wp-content\/uploads\/2024\/07\/image-4-1320x979.png 1320w, https:\/\/transportinghighway.shudesign.nl\/wp-content\/uploads\/2024\/07\/image-4.png 1840w\" sizes=\"(max-width: 800px) 100vw, 800px\" \/><\/div><\/a>\n\t\t\t\t<div class=\"elementor-post__text\">\n\t\t\t\t<h4 class=\"elementor-post__title\">\n\t\t\t<a href=\"https:\/\/transportinghighway.shudesign.nl\/fr\/maximiser-les-profits-grace-a-des-services-de-transport-de-voitures-fiables\/\" >\n\t\t\t\tMaximiser les profits gr\u00e2ce \u00e0 des services de transport de voitures fiables\t\t\t<\/a>\n\t\t<\/h4>\n\t\t\t\t<div class=\"elementor-post__excerpt\">\n\t\t\t<p>Un transport de voitures efficace et fiable est la colonne vert\u00e9brale qui fa\u00e7onne et produit la rotation des stocks et la satisfaction des clients. La r\u00e9ussite d&rsquo;une concession automobile passe<\/p>\n\t\t<\/div>\n\t\t\n\t\t<a class=\"elementor-post__read-more\" href=\"https:\/\/transportinghighway.shudesign.nl\/fr\/maximiser-les-profits-grace-a-des-services-de-transport-de-voitures-fiables\/\" aria-label=\"En savoir plus sur Maximiser les profits gr\u00e2ce \u00e0 des services de transport de voitures fiables\" tabindex=\"-1\" >\n\t\t\tLire la suite\t\t<\/a>\n\n\t\t\t\t<\/div>\n\t\t\t\t\t<\/div>\n\t\t<\/article>\n\t\t\t\t<article class=\"elementor-post elementor-grid-item post-2675 post type-post status-publish format-standard has-post-thumbnail hentry category-non-classifiee\">\n\t\t\t<div class=\"elementor-post__card\">\n\t\t\t\t<a class=\"elementor-post__thumbnail__link\" href=\"https:\/\/transportinghighway.shudesign.nl\/fr\/votre-chaine-dapprovisionnement-automobile-grace-a-un-transport-de-voitures-efficace\/\" tabindex=\"-1\" ><div class=\"elementor-post__thumbnail\"><img loading=\"lazy\" decoding=\"async\" width=\"800\" height=\"377\" src=\"https:\/\/transportinghighway.shudesign.nl\/wp-content\/uploads\/2024\/07\/shutterstock_2255577621-1-scaled-1-1920x904.jpg\" class=\"attachment-large size-large wp-image-2642\" alt=\"car transport supply chain\" srcset=\"https:\/\/transportinghighway.shudesign.nl\/wp-content\/uploads\/2024\/07\/shutterstock_2255577621-1-scaled-1-1920x904.jpg 1920w, https:\/\/transportinghighway.shudesign.nl\/wp-content\/uploads\/2024\/07\/shutterstock_2255577621-1-scaled-1-1024x482.jpg 1024w, https:\/\/transportinghighway.shudesign.nl\/wp-content\/uploads\/2024\/07\/shutterstock_2255577621-1-scaled-1-768x362.jpg 768w, https:\/\/transportinghighway.shudesign.nl\/wp-content\/uploads\/2024\/07\/shutterstock_2255577621-1-scaled-1-1536x723.jpg 1536w, https:\/\/transportinghighway.shudesign.nl\/wp-content\/uploads\/2024\/07\/shutterstock_2255577621-1-scaled-1-2048x964.jpg 2048w, https:\/\/transportinghighway.shudesign.nl\/wp-content\/uploads\/2024\/07\/shutterstock_2255577621-1-scaled-1-1320x621.jpg 1320w\" sizes=\"(max-width: 800px) 100vw, 800px\" \/><\/div><\/a>\n\t\t\t\t<div class=\"elementor-post__text\">\n\t\t\t\t<h4 class=\"elementor-post__title\">\n\t\t\t<a href=\"https:\/\/transportinghighway.shudesign.nl\/fr\/votre-chaine-dapprovisionnement-automobile-grace-a-un-transport-de-voitures-efficace\/\" >\n\t\t\t\tVotre cha\u00eene d&rsquo;approvisionnement automobile gr\u00e2ce \u00e0 un transport de voitures efficace\t\t\t<\/a>\n\t\t<\/h4>\n\t\t\t\t<div class=\"elementor-post__excerpt\">\n\t\t\t<p>La cha\u00eene d&rsquo;approvisionnement automobile est tr\u00e8s complexe en raison des processus de fabrication d\u00e9taill\u00e9s et des vastes r\u00e9seaux de distribution. Mais les perturbations sont consid\u00e9r\u00e9es comme le plus grand risque<\/p>\n\t\t<\/div>\n\t\t\n\t\t<a class=\"elementor-post__read-more\" href=\"https:\/\/transportinghighway.shudesign.nl\/fr\/votre-chaine-dapprovisionnement-automobile-grace-a-un-transport-de-voitures-efficace\/\" aria-label=\"En savoir plus sur Votre cha\u00eene d&rsquo;approvisionnement automobile gr\u00e2ce \u00e0 un transport de voitures efficace\" tabindex=\"-1\" >\n\t\t\tLire la suite\t\t<\/a>\n\n\t\t\t\t<\/div>\n\t\t\t\t\t<\/div>\n\t\t<\/article>\n\t\t\t\t<\/div>\n\t\t\n\t\t\t\t<div class=\"e-load-more-anchor\" data-page=\"1\" data-max-page=\"3\" data-next-page=\"https:\/\/transportinghighway.shudesign.nl\/fr\/wp-json\/wp\/v2\/pages\/1059\/page\/2\/\"><\/div>\n\t\t\t\t<nav class=\"elementor-pagination\" aria-label=\"Pagination\">\n\t\t\t<span class=\"page-numbers prev\">Pr\u00e9c\u00e9dent<\/span>\n<span aria-current=\"page\" class=\"page-numbers current\"><span class=\"elementor-screen-only\">Page<\/span>1<\/span>\n<a class=\"page-numbers\" href=\"https:\/\/transportinghighway.shudesign.nl\/fr\/wp-json\/wp\/v2\/pages\/1059\/page\/2\/\"><span class=\"elementor-screen-only\">Page<\/span>2<\/a>\n<a class=\"page-numbers\" href=\"https:\/\/transportinghighway.shudesign.nl\/fr\/wp-json\/wp\/v2\/pages\/1059\/page\/3\/\"><span class=\"elementor-screen-only\">Page<\/span>3<\/a>\n<a class=\"page-numbers next\" href=\"https:\/\/transportinghighway.shudesign.nl\/fr\/wp-json\/wp\/v2\/pages\/1059\/page\/2\/\">Suivant<\/a>\t\t<\/nav>\n\t\t\t\t\t\t<\/div>\n\t\t\t\t<\/div>\n\t\t\t\t\t<\/div>\n\t\t\t\t<\/div>\n\t\t\t\t<\/div>\n\t\t","protected":false},"excerpt":{"rendered":"<p>Blog<\/p>\n","protected":false},"author":1,"featured_media":0,"parent":0,"menu_order":0,"comment_status":"closed","ping_status":"closed","template":"","meta":{"inline_featured_image":false,"_joinchat":[],"footnotes":""},"class_list":["post-1059","page","type-page","status-publish","hentry"],"yoast_head":"<!-- This site is optimized with the Yoast SEO plugin v27.5 - https:\/\/yoast.com\/product\/yoast-seo-wordpress\/ -->\n<title>Blog - Transporting Highway<\/title>\n<meta name=\"robots\" content=\"index, follow, max-snippet:-1, max-image-preview:large, max-video-preview:-1\" \/>\n<link rel=\"canonical\" href=\"https:\/\/transportinghighway.shudesign.nl\/fr\/blog\/\" \/>\n<meta property=\"og:locale\" content=\"fr_FR\" \/>\n<meta property=\"og:type\" content=\"article\" \/>\n<meta property=\"og:title\" content=\"Blog - Transporting Highway\" \/>\n<meta property=\"og:description\" content=\"Blog\" \/>\n<meta property=\"og:url\" content=\"https:\/\/transportinghighway.shudesign.nl\/fr\/blog\/\" \/>\n<meta property=\"og:site_name\" content=\"Transporting Highway\" \/>\n<meta property=\"article:modified_time\" content=\"2024-06-25T19:28:56+00:00\" \/>\n<meta name=\"twitter:card\" content=\"summary_large_image\" \/>\n<meta name=\"twitter:label1\" content=\"Dur\u00e9e de lecture estim\u00e9e\" \/>\n\t<meta name=\"twitter:data1\" content=\"5 minutes\" \/>\n<script type=\"application\/ld+json\" class=\"yoast-schema-graph\">{\"@context\":\"https:\\\/\\\/schema.org\",\"@graph\":[{\"@type\":\"WebPage\",\"@id\":\"https:\\\/\\\/transportinghighway.shudesign.nl\\\/fr\\\/blog\\\/\",\"url\":\"https:\\\/\\\/transportinghighway.shudesign.nl\\\/fr\\\/blog\\\/\",\"name\":\"Blog - Transporting Highway\",\"isPartOf\":{\"@id\":\"https:\\\/\\\/transportinghighway.shudesign.nl\\\/fr\\\/#website\"},\"datePublished\":\"2024-04-13T19:46:41+00:00\",\"dateModified\":\"2024-06-25T19:28:56+00:00\",\"breadcrumb\":{\"@id\":\"https:\\\/\\\/transportinghighway.shudesign.nl\\\/fr\\\/blog\\\/#breadcrumb\"},\"inLanguage\":\"fr-FR\",\"potentialAction\":[{\"@type\":\"ReadAction\",\"target\":[\"https:\\\/\\\/transportinghighway.shudesign.nl\\\/fr\\\/blog\\\/\"]}]},{\"@type\":\"BreadcrumbList\",\"@id\":\"https:\\\/\\\/transportinghighway.shudesign.nl\\\/fr\\\/blog\\\/#breadcrumb\",\"itemListElement\":[{\"@type\":\"ListItem\",\"position\":1,\"name\":\"Home\",\"item\":\"https:\\\/\\\/transportinghighway.shudesign.nl\\\/fr\\\/accueil\\\/\"},{\"@type\":\"ListItem\",\"position\":2,\"name\":\"Blog\"}]},{\"@type\":\"WebSite\",\"@id\":\"https:\\\/\\\/transportinghighway.shudesign.nl\\\/fr\\\/#website\",\"url\":\"https:\\\/\\\/transportinghighway.shudesign.nl\\\/fr\\\/\",\"name\":\"Transporting Highway\",\"description\":\"Vervoer uw auto&#039;s door Europa\",\"publisher\":{\"@id\":\"https:\\\/\\\/transportinghighway.shudesign.nl\\\/fr\\\/#organization\"},\"potentialAction\":[{\"@type\":\"SearchAction\",\"target\":{\"@type\":\"EntryPoint\",\"urlTemplate\":\"https:\\\/\\\/transportinghighway.shudesign.nl\\\/fr\\\/?s={search_term_string}\"},\"query-input\":{\"@type\":\"PropertyValueSpecification\",\"valueRequired\":true,\"valueName\":\"search_term_string\"}}],\"inLanguage\":\"fr-FR\"},{\"@type\":\"Organization\",\"@id\":\"https:\\\/\\\/transportinghighway.shudesign.nl\\\/fr\\\/#organization\",\"name\":\"Transporting Highway\",\"url\":\"https:\\\/\\\/transportinghighway.shudesign.nl\\\/fr\\\/\",\"logo\":{\"@type\":\"ImageObject\",\"inLanguage\":\"fr-FR\",\"@id\":\"https:\\\/\\\/transportinghighway.shudesign.nl\\\/fr\\\/#\\\/schema\\\/logo\\\/image\\\/\",\"url\":\"https:\\\/\\\/transportinghighway.shudesign.nl\\\/wp-content\\\/uploads\\\/2023\\\/05\\\/transporting-highway-logo.svg\",\"contentUrl\":\"https:\\\/\\\/transportinghighway.shudesign.nl\\\/wp-content\\\/uploads\\\/2023\\\/05\\\/transporting-highway-logo.svg\",\"width\":\"1920\",\"height\":\"1080\",\"caption\":\"Transporting Highway\"},\"image\":{\"@id\":\"https:\\\/\\\/transportinghighway.shudesign.nl\\\/fr\\\/#\\\/schema\\\/logo\\\/image\\\/\"}}]}<\/script>\n<!-- \/ Yoast SEO plugin. -->","yoast_head_json":{"title":"Blog - Transporting Highway","robots":{"index":"index","follow":"follow","max-snippet":"max-snippet:-1","max-image-preview":"max-image-preview:large","max-video-preview":"max-video-preview:-1"},"canonical":"https:\/\/transportinghighway.shudesign.nl\/fr\/blog\/","og_locale":"fr_FR","og_type":"article","og_title":"Blog - Transporting Highway","og_description":"Blog","og_url":"https:\/\/transportinghighway.shudesign.nl\/fr\/blog\/","og_site_name":"Transporting Highway","article_modified_time":"2024-06-25T19:28:56+00:00","twitter_card":"summary_large_image","twitter_misc":{"Dur\u00e9e de lecture estim\u00e9e":"5 minutes"},"schema":{"@context":"https:\/\/schema.org","@graph":[{"@type":"WebPage","@id":"https:\/\/transportinghighway.shudesign.nl\/fr\/blog\/","url":"https:\/\/transportinghighway.shudesign.nl\/fr\/blog\/","name":"Blog - Transporting Highway","isPartOf":{"@id":"https:\/\/transportinghighway.shudesign.nl\/fr\/#website"},"datePublished":"2024-04-13T19:46:41+00:00","dateModified":"2024-06-25T19:28:56+00:00","breadcrumb":{"@id":"https:\/\/transportinghighway.shudesign.nl\/fr\/blog\/#breadcrumb"},"inLanguage":"fr-FR","potentialAction":[{"@type":"ReadAction","target":["https:\/\/transportinghighway.shudesign.nl\/fr\/blog\/"]}]},{"@type":"BreadcrumbList","@id":"https:\/\/transportinghighway.shudesign.nl\/fr\/blog\/#breadcrumb","itemListElement":[{"@type":"ListItem","position":1,"name":"Home","item":"https:\/\/transportinghighway.shudesign.nl\/fr\/accueil\/"},{"@type":"ListItem","position":2,"name":"Blog"}]},{"@type":"WebSite","@id":"https:\/\/transportinghighway.shudesign.nl\/fr\/#website","url":"https:\/\/transportinghighway.shudesign.nl\/fr\/","name":"Transporting Highway","description":"Vervoer uw auto&#039;s door Europa","publisher":{"@id":"https:\/\/transportinghighway.shudesign.nl\/fr\/#organization"},"potentialAction":[{"@type":"SearchAction","target":{"@type":"EntryPoint","urlTemplate":"https:\/\/transportinghighway.shudesign.nl\/fr\/?s={search_term_string}"},"query-input":{"@type":"PropertyValueSpecification","valueRequired":true,"valueName":"search_term_string"}}],"inLanguage":"fr-FR"},{"@type":"Organization","@id":"https:\/\/transportinghighway.shudesign.nl\/fr\/#organization","name":"Transporting Highway","url":"https:\/\/transportinghighway.shudesign.nl\/fr\/","logo":{"@type":"ImageObject","inLanguage":"fr-FR","@id":"https:\/\/transportinghighway.shudesign.nl\/fr\/#\/schema\/logo\/image\/","url":"https:\/\/transportinghighway.shudesign.nl\/wp-content\/uploads\/2023\/05\/transporting-highway-logo.svg","contentUrl":"https:\/\/transportinghighway.shudesign.nl\/wp-content\/uploads\/2023\/05\/transporting-highway-logo.svg","width":"1920","height":"1080","caption":"Transporting Highway"},"image":{"@id":"https:\/\/transportinghighway.shudesign.nl\/fr\/#\/schema\/logo\/image\/"}}]}},"_links":{"self":[{"href":"https:\/\/transportinghighway.shudesign.nl\/fr\/wp-json\/wp\/v2\/pages\/1059","targetHints":{"allow":["GET"]}}],"collection":[{"href":"https:\/\/transportinghighway.shudesign.nl\/fr\/wp-json\/wp\/v2\/pages"}],"about":[{"href":"https:\/\/transportinghighway.shudesign.nl\/fr\/wp-json\/wp\/v2\/types\/page"}],"author":[{"embeddable":true,"href":"https:\/\/transportinghighway.shudesign.nl\/fr\/wp-json\/wp\/v2\/users\/1"}],"replies":[{"embeddable":true,"href":"https:\/\/transportinghighway.shudesign.nl\/fr\/wp-json\/wp\/v2\/comments?post=1059"}],"version-history":[{"count":11,"href":"https:\/\/transportinghighway.shudesign.nl\/fr\/wp-json\/wp\/v2\/pages\/1059\/revisions"}],"predecessor-version":[{"id":2450,"href":"https:\/\/transportinghighway.shudesign.nl\/fr\/wp-json\/wp\/v2\/pages\/1059\/revisions\/2450"}],"wp:attachment":[{"href":"https:\/\/transportinghighway.shudesign.nl\/fr\/wp-json\/wp\/v2\/media?parent=1059"}],"curies":[{"name":"wp","href":"https:\/\/api.w.org\/{rel}","templated":true}]}}