{"id":1580,"date":"2024-04-13T19:46:41","date_gmt":"2024-04-13T19:46:41","guid":{"rendered":"https:\/\/transportinghighway.com\/blog\/"},"modified":"2024-06-25T19:32:01","modified_gmt":"2024-06-25T19:32:01","slug":"blog","status":"publish","type":"page","link":"https:\/\/transportinghighway.shudesign.nl\/es\/blog\/","title":{"rendered":"Blog"},"content":{"rendered":"\t\t<div data-elementor-type=\"wp-page\" data-elementor-id=\"1580\" class=\"elementor elementor-1580 elementor-776\" data-elementor-post-type=\"page\">\n\t\t\t\t<div class=\"elementor-element elementor-element-6fd7321b e-flex e-con-boxed e-con e-parent\" data-id=\"6fd7321b\" data-element_type=\"container\" data-e-type=\"container\" data-settings=\"{&quot;background_background&quot;:&quot;classic&quot;}\">\n\t\t\t\t\t<div class=\"e-con-inner\">\n\t\t\t\t<div class=\"elementor-element elementor-element-8575dc1 elementor-widget elementor-widget-heading\" data-id=\"8575dc1\" data-element_type=\"widget\" data-e-type=\"widget\" data-widget_type=\"heading.default\">\n\t\t\t\t<div class=\"elementor-widget-container\">\n\t\t\t\t\t<h1 class=\"elementor-heading-title elementor-size-default\"><span class=\"orange-text\">Blog<\/span><\/h1>\t\t\t\t<\/div>\n\t\t\t\t<\/div>\n\t\t\t\t\t<\/div>\n\t\t\t\t<\/div>\n\t\t<div class=\"elementor-element elementor-element-3b592950 e-flex e-con-boxed e-con e-parent\" data-id=\"3b592950\" data-element_type=\"container\" data-e-type=\"container\">\n\t\t\t\t\t<div class=\"e-con-inner\">\n\t\t\t\t<div class=\"elementor-element elementor-element-67b8309b elementor-grid-3 elementor-grid-tablet-2 elementor-grid-mobile-1 elementor-posts--thumbnail-top elementor-posts__hover-gradient elementor-widget elementor-widget-posts\" data-id=\"67b8309b\" data-element_type=\"widget\" data-e-type=\"widget\" data-settings=\"{&quot;cards_row_gap&quot;:{&quot;unit&quot;:&quot;px&quot;,&quot;size&quot;:80,&quot;sizes&quot;:[]},&quot;cards_row_gap_tablet&quot;:{&quot;unit&quot;:&quot;px&quot;,&quot;size&quot;:71,&quot;sizes&quot;:[]},&quot;cards_row_gap_mobile&quot;:{&quot;unit&quot;:&quot;px&quot;,&quot;size&quot;:30,&quot;sizes&quot;:[]},&quot;pagination_type&quot;:&quot;numbers_and_prev_next&quot;,&quot;cards_columns&quot;:&quot;3&quot;,&quot;cards_columns_tablet&quot;:&quot;2&quot;,&quot;cards_columns_mobile&quot;:&quot;1&quot;}\" data-widget_type=\"posts.cards\">\n\t\t\t\t<div class=\"elementor-widget-container\">\n\t\t\t\t\t\t\t<div class=\"elementor-posts-container elementor-posts elementor-posts--skin-cards elementor-grid\">\n\t\t\t\t<article class=\"elementor-post elementor-grid-item post-5577 post type-post status-publish format-standard has-post-thumbnail hentry category-sin-categorizar\">\n\t\t\t<div class=\"elementor-post__card\">\n\t\t\t\t<a class=\"elementor-post__thumbnail__link\" href=\"https:\/\/transportinghighway.shudesign.nl\/es\/como-reducir-los-costes-de-la-flota-un-20\/\" tabindex=\"-1\" ><div class=\"elementor-post__thumbnail\"><img fetchpriority=\"high\" decoding=\"async\" width=\"800\" height=\"581\" src=\"https:\/\/transportinghighway.shudesign.nl\/wp-content\/uploads\/2025\/04\/adobestock-254154303.webp\" class=\"attachment-large size-large wp-image-5566\" alt=\"Reduce fleet costs\" srcset=\"https:\/\/transportinghighway.shudesign.nl\/wp-content\/uploads\/2025\/04\/adobestock-254154303.webp 1200w, https:\/\/transportinghighway.shudesign.nl\/wp-content\/uploads\/2025\/04\/adobestock-254154303-1024x744.webp 1024w, https:\/\/transportinghighway.shudesign.nl\/wp-content\/uploads\/2025\/04\/adobestock-254154303-768x558.webp 768w\" sizes=\"(max-width: 800px) 100vw, 800px\" \/><\/div><\/a>\n\t\t\t\t<div class=\"elementor-post__text\">\n\t\t\t\t<h4 class=\"elementor-post__title\">\n\t\t\t<a href=\"https:\/\/transportinghighway.shudesign.nl\/es\/como-reducir-los-costes-de-la-flota-un-20\/\" >\n\t\t\t\tC\u00f3mo reducir los costes de la flota un 20%\t\t\t<\/a>\n\t\t<\/h4>\n\t\t\t\t<div class=\"elementor-post__excerpt\">\n\t\t\t<p>Gestionar una flota, tanto si diriges una empresa de alquiler de coches, un concesionario o un equipo de movilidad corporativa, conlleva elevados costes operativos. Desde el combustible y el mantenimiento<\/p>\n\t\t<\/div>\n\t\t\n\t\t<a class=\"elementor-post__read-more\" href=\"https:\/\/transportinghighway.shudesign.nl\/es\/como-reducir-los-costes-de-la-flota-un-20\/\" aria-label=\"M\u00e1s informaci\u00f3n sobre C\u00f3mo reducir los costes de la flota un 20%\" tabindex=\"-1\" >\n\t\t\tSigue leyendo\t\t<\/a>\n\n\t\t\t\t<\/div>\n\t\t\t\t\t<\/div>\n\t\t<\/article>\n\t\t\t\t<article class=\"elementor-post elementor-grid-item post-4495 post type-post status-publish format-standard has-post-thumbnail hentry category-sin-categorizar\">\n\t\t\t<div class=\"elementor-post__card\">\n\t\t\t\t<a class=\"elementor-post__thumbnail__link\" href=\"https:\/\/transportinghighway.shudesign.nl\/es\/por-que-el-seguro-es-importante-para-la-seguridad-en-el-transporte-de-vehiculos\/\" tabindex=\"-1\" ><div class=\"elementor-post__thumbnail\"><img decoding=\"async\" width=\"800\" height=\"800\" src=\"https:\/\/transportinghighway.shudesign.nl\/wp-content\/uploads\/2024\/11\/car-insurance-document-flat-style-licence-vehicle-checklist-folder-security-agreement-automobile-company-transport-report-187031583.webp\" class=\"attachment-large size-large wp-image-4476\" alt=\"insurance vehicle transport\" srcset=\"https:\/\/transportinghighway.shudesign.nl\/wp-content\/uploads\/2024\/11\/car-insurance-document-flat-style-licence-vehicle-checklist-folder-security-agreement-automobile-company-transport-report-187031583.webp 800w, https:\/\/transportinghighway.shudesign.nl\/wp-content\/uploads\/2024\/11\/car-insurance-document-flat-style-licence-vehicle-checklist-folder-security-agreement-automobile-company-transport-report-187031583-768x768.webp 768w\" sizes=\"(max-width: 800px) 100vw, 800px\" \/><\/div><\/a>\n\t\t\t\t<div class=\"elementor-post__text\">\n\t\t\t\t<h4 class=\"elementor-post__title\">\n\t\t\t<a href=\"https:\/\/transportinghighway.shudesign.nl\/es\/por-que-el-seguro-es-importante-para-la-seguridad-en-el-transporte-de-vehiculos\/\" >\n\t\t\t\tPor qu\u00e9 el seguro es importante para la seguridad en el transporte de veh\u00edculos:\t\t\t<\/a>\n\t\t<\/h4>\n\t\t\t\t<div class=\"elementor-post__excerpt\">\n\t\t\t<p>Cuando se trata del transporte de veh\u00edculos con seguro, asegurarse de que toda la carga est\u00e1 totalmente protegida no es negociable. En Transporting Highway, nos enorgullecemos de ofrecer una experiencia<\/p>\n\t\t<\/div>\n\t\t\n\t\t<a class=\"elementor-post__read-more\" href=\"https:\/\/transportinghighway.shudesign.nl\/es\/por-que-el-seguro-es-importante-para-la-seguridad-en-el-transporte-de-vehiculos\/\" aria-label=\"M\u00e1s informaci\u00f3n sobre Por qu\u00e9 el seguro es importante para la seguridad en el transporte de veh\u00edculos:\" tabindex=\"-1\" >\n\t\t\tSigue leyendo\t\t<\/a>\n\n\t\t\t\t<\/div>\n\t\t\t\t\t<\/div>\n\t\t<\/article>\n\t\t\t\t<article class=\"elementor-post elementor-grid-item post-3809 post type-post status-publish format-standard has-post-thumbnail hentry category-sin-categorizar\">\n\t\t\t<div class=\"elementor-post__card\">\n\t\t\t\t<a class=\"elementor-post__thumbnail__link\" href=\"https:\/\/transportinghighway.shudesign.nl\/es\/6-conferencias-y-eventos-europeos-sobre-gestion-de-flotas-a-los-que-debes-asistir\/\" tabindex=\"-1\" ><div class=\"elementor-post__thumbnail\"><img decoding=\"async\" width=\"500\" height=\"429\" src=\"https:\/\/transportinghighway.shudesign.nl\/wp-content\/uploads\/2024\/10\/image-2.png\" class=\"attachment-large size-large wp-image-3740\" alt=\"\" \/><\/div><\/a>\n\t\t\t\t<div class=\"elementor-post__text\">\n\t\t\t\t<h4 class=\"elementor-post__title\">\n\t\t\t<a href=\"https:\/\/transportinghighway.shudesign.nl\/es\/6-conferencias-y-eventos-europeos-sobre-gestion-de-flotas-a-los-que-debes-asistir\/\" >\n\t\t\t\t6 conferencias y eventos europeos sobre gesti\u00f3n de flotas a los que debes asistir\t\t\t<\/a>\n\t\t<\/h4>\n\t\t\t\t<div class=\"elementor-post__excerpt\">\n\t\t\t<p>No es f\u00e1cil gestionar una flota de veh\u00edculos. Mantener los costes bajo control, garantizar la satisfacci\u00f3n de los conductores y mantener la fiabilidad de los veh\u00edculos es complicado. Para superar<\/p>\n\t\t<\/div>\n\t\t\n\t\t<a class=\"elementor-post__read-more\" href=\"https:\/\/transportinghighway.shudesign.nl\/es\/6-conferencias-y-eventos-europeos-sobre-gestion-de-flotas-a-los-que-debes-asistir\/\" aria-label=\"M\u00e1s informaci\u00f3n sobre 6 conferencias y eventos europeos sobre gesti\u00f3n de flotas a los que debes asistir\" tabindex=\"-1\" >\n\t\t\tSigue leyendo\t\t<\/a>\n\n\t\t\t\t<\/div>\n\t\t\t\t\t<\/div>\n\t\t<\/article>\n\t\t\t\t<article class=\"elementor-post elementor-grid-item post-3369 post type-post status-publish format-standard has-post-thumbnail hentry category-sin-categorizar\">\n\t\t\t<div class=\"elementor-post__card\">\n\t\t\t\t<a class=\"elementor-post__thumbnail__link\" href=\"https:\/\/transportinghighway.shudesign.nl\/es\/como-afecta-la-estacionalidad-a-los-servicios-de-transporte-de-coches\/\" tabindex=\"-1\" ><div class=\"elementor-post__thumbnail\"><img loading=\"lazy\" decoding=\"async\" width=\"800\" height=\"557\" src=\"https:\/\/transportinghighway.shudesign.nl\/wp-content\/uploads\/2024\/08\/Captura-de-pantalla-2024-08-28-a-las-16.15.09.png\" class=\"attachment-large size-large wp-image-3072\" alt=\"\" srcset=\"https:\/\/transportinghighway.shudesign.nl\/wp-content\/uploads\/2024\/08\/Captura-de-pantalla-2024-08-28-a-las-16.15.09.png 1492w, https:\/\/transportinghighway.shudesign.nl\/wp-content\/uploads\/2024\/08\/Captura-de-pantalla-2024-08-28-a-las-16.15.09-1024x712.png 1024w, https:\/\/transportinghighway.shudesign.nl\/wp-content\/uploads\/2024\/08\/Captura-de-pantalla-2024-08-28-a-las-16.15.09-768x534.png 768w, https:\/\/transportinghighway.shudesign.nl\/wp-content\/uploads\/2024\/08\/Captura-de-pantalla-2024-08-28-a-las-16.15.09-1320x918.png 1320w\" sizes=\"(max-width: 800px) 100vw, 800px\" \/><\/div><\/a>\n\t\t\t\t<div class=\"elementor-post__text\">\n\t\t\t\t<h4 class=\"elementor-post__title\">\n\t\t\t<a href=\"https:\/\/transportinghighway.shudesign.nl\/es\/como-afecta-la-estacionalidad-a-los-servicios-de-transporte-de-coches\/\" >\n\t\t\t\tC\u00f3mo afecta la estacionalidad a los servicios de transporte de coches\t\t\t<\/a>\n\t\t<\/h4>\n\t\t\t\t<div class=\"elementor-post__excerpt\">\n\t\t\t<p>Los servicios de transporte de coches son como cualquier otro sector: muy susceptibles a las variaciones estacionales. Cada estaci\u00f3n tiene sus propios retos y oportunidades. Las temporadas altas y bajas,<\/p>\n\t\t<\/div>\n\t\t\n\t\t<a class=\"elementor-post__read-more\" href=\"https:\/\/transportinghighway.shudesign.nl\/es\/como-afecta-la-estacionalidad-a-los-servicios-de-transporte-de-coches\/\" aria-label=\"M\u00e1s informaci\u00f3n sobre C\u00f3mo afecta la estacionalidad a los servicios de transporte de coches\" tabindex=\"-1\" >\n\t\t\tSigue leyendo\t\t<\/a>\n\n\t\t\t\t<\/div>\n\t\t\t\t\t<\/div>\n\t\t<\/article>\n\t\t\t\t<article class=\"elementor-post elementor-grid-item post-2732 post type-post status-publish format-standard has-post-thumbnail hentry category-sin-categorizar\">\n\t\t\t<div class=\"elementor-post__card\">\n\t\t\t\t<a class=\"elementor-post__thumbnail__link\" href=\"https:\/\/transportinghighway.shudesign.nl\/es\/el-papel-del-envio-de-coches-en-la-ampliacion-del-alcance-del-mercado-de-los-concesionarios-de-coches\/\" tabindex=\"-1\" ><div class=\"elementor-post__thumbnail\"><img loading=\"lazy\" decoding=\"async\" width=\"800\" height=\"533\" src=\"https:\/\/transportinghighway.shudesign.nl\/wp-content\/uploads\/2024\/07\/car-dealers_car-showroom.jpg\" class=\"attachment-large size-large wp-image-2722\" alt=\"car dealer\" srcset=\"https:\/\/transportinghighway.shudesign.nl\/wp-content\/uploads\/2024\/07\/car-dealers_car-showroom.jpg 1200w, https:\/\/transportinghighway.shudesign.nl\/wp-content\/uploads\/2024\/07\/car-dealers_car-showroom-1024x683.jpg 1024w, https:\/\/transportinghighway.shudesign.nl\/wp-content\/uploads\/2024\/07\/car-dealers_car-showroom-768x512.jpg 768w\" sizes=\"(max-width: 800px) 100vw, 800px\" \/><\/div><\/a>\n\t\t\t\t<div class=\"elementor-post__text\">\n\t\t\t\t<h4 class=\"elementor-post__title\">\n\t\t\t<a href=\"https:\/\/transportinghighway.shudesign.nl\/es\/el-papel-del-envio-de-coches-en-la-ampliacion-del-alcance-del-mercado-de-los-concesionarios-de-coches\/\" >\n\t\t\t\tEl papel del env\u00edo de coches en la ampliaci\u00f3n del alcance del mercado de los concesionarios de coches\t\t\t<\/a>\n\t\t<\/h4>\n\t\t\t\t<div class=\"elementor-post__excerpt\">\n\t\t\t<p>Los deseos de los clientes cambian con el tiempo, lo que hace m\u00e1s dif\u00edcil que los concesionarios se mantengan en activo. Los servicios de env\u00edo de coches est\u00e1n a disposici\u00f3n<\/p>\n\t\t<\/div>\n\t\t\n\t\t<a class=\"elementor-post__read-more\" href=\"https:\/\/transportinghighway.shudesign.nl\/es\/el-papel-del-envio-de-coches-en-la-ampliacion-del-alcance-del-mercado-de-los-concesionarios-de-coches\/\" aria-label=\"M\u00e1s informaci\u00f3n sobre El papel del env\u00edo de coches en la ampliaci\u00f3n del alcance del mercado de los concesionarios de coches\" tabindex=\"-1\" >\n\t\t\tSigue leyendo\t\t<\/a>\n\n\t\t\t\t<\/div>\n\t\t\t\t\t<\/div>\n\t\t<\/article>\n\t\t\t\t<article class=\"elementor-post elementor-grid-item post-2695 post type-post status-publish format-standard has-post-thumbnail hentry category-sin-categorizar\">\n\t\t\t<div class=\"elementor-post__card\">\n\t\t\t\t<a class=\"elementor-post__thumbnail__link\" href=\"https:\/\/transportinghighway.shudesign.nl\/es\/maximizar-los-beneficios-con-servicios-fiables-de-transporte-de-coches\/\" tabindex=\"-1\" ><div class=\"elementor-post__thumbnail\"><img loading=\"lazy\" decoding=\"async\" width=\"800\" height=\"593\" src=\"https:\/\/transportinghighway.shudesign.nl\/wp-content\/uploads\/2024\/07\/image-4-1456x1080.png\" class=\"attachment-large size-large wp-image-2669\" alt=\"\" srcset=\"https:\/\/transportinghighway.shudesign.nl\/wp-content\/uploads\/2024\/07\/image-4-1456x1080.png 1456w, https:\/\/transportinghighway.shudesign.nl\/wp-content\/uploads\/2024\/07\/image-4-1024x760.png 1024w, https:\/\/transportinghighway.shudesign.nl\/wp-content\/uploads\/2024\/07\/image-4-768x570.png 768w, https:\/\/transportinghighway.shudesign.nl\/wp-content\/uploads\/2024\/07\/image-4-1536x1139.png 1536w, https:\/\/transportinghighway.shudesign.nl\/wp-content\/uploads\/2024\/07\/image-4-1320x979.png 1320w, https:\/\/transportinghighway.shudesign.nl\/wp-content\/uploads\/2024\/07\/image-4.png 1840w\" sizes=\"(max-width: 800px) 100vw, 800px\" \/><\/div><\/a>\n\t\t\t\t<div class=\"elementor-post__text\">\n\t\t\t\t<h4 class=\"elementor-post__title\">\n\t\t\t<a href=\"https:\/\/transportinghighway.shudesign.nl\/es\/maximizar-los-beneficios-con-servicios-fiables-de-transporte-de-coches\/\" >\n\t\t\t\tMaximizar los beneficios con servicios fiables de transporte de coches\t\t\t<\/a>\n\t\t<\/h4>\n\t\t\t\t<div class=\"elementor-post__excerpt\">\n\t\t\t<p>Un transporte de coches eficiente y fiable es la columna vertebral que da forma y produce la rotaci\u00f3n de inventarios y la satisfacci\u00f3n del cliente. Un concesionario de coches de<\/p>\n\t\t<\/div>\n\t\t\n\t\t<a class=\"elementor-post__read-more\" href=\"https:\/\/transportinghighway.shudesign.nl\/es\/maximizar-los-beneficios-con-servicios-fiables-de-transporte-de-coches\/\" aria-label=\"M\u00e1s informaci\u00f3n sobre Maximizar los beneficios con servicios fiables de transporte de coches\" tabindex=\"-1\" >\n\t\t\tSigue leyendo\t\t<\/a>\n\n\t\t\t\t<\/div>\n\t\t\t\t\t<\/div>\n\t\t<\/article>\n\t\t\t\t<\/div>\n\t\t\n\t\t\t\t<div class=\"e-load-more-anchor\" data-page=\"1\" data-max-page=\"4\" data-next-page=\"https:\/\/transportinghighway.shudesign.nl\/es\/wp-json\/wp\/v2\/pages\/1580\/page\/2\/\"><\/div>\n\t\t\t\t<nav class=\"elementor-pagination\" aria-label=\"Paginaci\u00f3n\">\n\t\t\t<span class=\"page-numbers prev\">Anterior<\/span>\n<span aria-current=\"page\" class=\"page-numbers current\"><span class=\"elementor-screen-only\">P\u00e1gina<\/span>1<\/span>\n<a class=\"page-numbers\" href=\"https:\/\/transportinghighway.shudesign.nl\/es\/wp-json\/wp\/v2\/pages\/1580\/page\/2\/\"><span class=\"elementor-screen-only\">P\u00e1gina<\/span>2<\/a>\n<a class=\"page-numbers\" href=\"https:\/\/transportinghighway.shudesign.nl\/es\/wp-json\/wp\/v2\/pages\/1580\/page\/3\/\"><span class=\"elementor-screen-only\">P\u00e1gina<\/span>3<\/a>\n<a class=\"page-numbers\" href=\"https:\/\/transportinghighway.shudesign.nl\/es\/wp-json\/wp\/v2\/pages\/1580\/page\/4\/\"><span class=\"elementor-screen-only\">P\u00e1gina<\/span>4<\/a>\n<a class=\"page-numbers next\" href=\"https:\/\/transportinghighway.shudesign.nl\/es\/wp-json\/wp\/v2\/pages\/1580\/page\/2\/\">Siguiente<\/a>\t\t<\/nav>\n\t\t\t\t\t\t<\/div>\n\t\t\t\t<\/div>\n\t\t\t\t\t<\/div>\n\t\t\t\t<\/div>\n\t\t\t\t<\/div>\n\t\t","protected":false},"excerpt":{"rendered":"<p>Blog<\/p>\n","protected":false},"author":1,"featured_media":0,"parent":0,"menu_order":0,"comment_status":"closed","ping_status":"closed","template":"","meta":{"inline_featured_image":false,"_joinchat":[],"footnotes":""},"class_list":["post-1580","page","type-page","status-publish","hentry"],"yoast_head":"<!-- This site is optimized with the Yoast SEO plugin v27.5 - https:\/\/yoast.com\/product\/yoast-seo-wordpress\/ -->\n<title>Blog - Transporting Highway<\/title>\n<meta name=\"robots\" content=\"index, follow, max-snippet:-1, max-image-preview:large, max-video-preview:-1\" \/>\n<link rel=\"canonical\" href=\"https:\/\/transportinghighway.shudesign.nl\/es\/blog\/\" \/>\n<meta property=\"og:locale\" content=\"es_ES\" \/>\n<meta property=\"og:type\" content=\"article\" \/>\n<meta property=\"og:title\" content=\"Blog - Transporting Highway\" \/>\n<meta property=\"og:description\" content=\"Blog\" \/>\n<meta property=\"og:url\" content=\"https:\/\/transportinghighway.shudesign.nl\/es\/blog\/\" \/>\n<meta property=\"og:site_name\" content=\"Transporting Highway\" \/>\n<meta property=\"article:modified_time\" content=\"2024-06-25T19:32:01+00:00\" \/>\n<meta name=\"twitter:card\" content=\"summary_large_image\" \/>\n<meta name=\"twitter:label1\" content=\"Tiempo de lectura\" \/>\n\t<meta name=\"twitter:data1\" content=\"5 minutos\" \/>\n<script type=\"application\/ld+json\" class=\"yoast-schema-graph\">{\"@context\":\"https:\\\/\\\/schema.org\",\"@graph\":[{\"@type\":\"WebPage\",\"@id\":\"https:\\\/\\\/transportinghighway.shudesign.nl\\\/es\\\/blog\\\/\",\"url\":\"https:\\\/\\\/transportinghighway.shudesign.nl\\\/es\\\/blog\\\/\",\"name\":\"Blog - Transporting Highway\",\"isPartOf\":{\"@id\":\"https:\\\/\\\/transportinghighway.shudesign.nl\\\/es\\\/#website\"},\"datePublished\":\"2024-04-13T19:46:41+00:00\",\"dateModified\":\"2024-06-25T19:32:01+00:00\",\"breadcrumb\":{\"@id\":\"https:\\\/\\\/transportinghighway.shudesign.nl\\\/es\\\/blog\\\/#breadcrumb\"},\"inLanguage\":\"es\",\"potentialAction\":[{\"@type\":\"ReadAction\",\"target\":[\"https:\\\/\\\/transportinghighway.shudesign.nl\\\/es\\\/blog\\\/\"]}]},{\"@type\":\"BreadcrumbList\",\"@id\":\"https:\\\/\\\/transportinghighway.shudesign.nl\\\/es\\\/blog\\\/#breadcrumb\",\"itemListElement\":[{\"@type\":\"ListItem\",\"position\":1,\"name\":\"Home\",\"item\":\"https:\\\/\\\/transportinghighway.shudesign.nl\\\/es\\\/inicio\\\/\"},{\"@type\":\"ListItem\",\"position\":2,\"name\":\"Blog\"}]},{\"@type\":\"WebSite\",\"@id\":\"https:\\\/\\\/transportinghighway.shudesign.nl\\\/es\\\/#website\",\"url\":\"https:\\\/\\\/transportinghighway.shudesign.nl\\\/es\\\/\",\"name\":\"Transporting Highway\",\"description\":\"Vervoer uw auto&#039;s door Europa\",\"publisher\":{\"@id\":\"https:\\\/\\\/transportinghighway.shudesign.nl\\\/es\\\/#organization\"},\"potentialAction\":[{\"@type\":\"SearchAction\",\"target\":{\"@type\":\"EntryPoint\",\"urlTemplate\":\"https:\\\/\\\/transportinghighway.shudesign.nl\\\/es\\\/?s={search_term_string}\"},\"query-input\":{\"@type\":\"PropertyValueSpecification\",\"valueRequired\":true,\"valueName\":\"search_term_string\"}}],\"inLanguage\":\"es\"},{\"@type\":\"Organization\",\"@id\":\"https:\\\/\\\/transportinghighway.shudesign.nl\\\/es\\\/#organization\",\"name\":\"Transporting Highway\",\"url\":\"https:\\\/\\\/transportinghighway.shudesign.nl\\\/es\\\/\",\"logo\":{\"@type\":\"ImageObject\",\"inLanguage\":\"es\",\"@id\":\"https:\\\/\\\/transportinghighway.shudesign.nl\\\/es\\\/#\\\/schema\\\/logo\\\/image\\\/\",\"url\":\"https:\\\/\\\/transportinghighway.shudesign.nl\\\/wp-content\\\/uploads\\\/2023\\\/05\\\/transporting-highway-logo.svg\",\"contentUrl\":\"https:\\\/\\\/transportinghighway.shudesign.nl\\\/wp-content\\\/uploads\\\/2023\\\/05\\\/transporting-highway-logo.svg\",\"width\":\"1920\",\"height\":\"1080\",\"caption\":\"Transporting Highway\"},\"image\":{\"@id\":\"https:\\\/\\\/transportinghighway.shudesign.nl\\\/es\\\/#\\\/schema\\\/logo\\\/image\\\/\"}}]}<\/script>\n<!-- \/ Yoast SEO plugin. -->","yoast_head_json":{"title":"Blog - Transporting Highway","robots":{"index":"index","follow":"follow","max-snippet":"max-snippet:-1","max-image-preview":"max-image-preview:large","max-video-preview":"max-video-preview:-1"},"canonical":"https:\/\/transportinghighway.shudesign.nl\/es\/blog\/","og_locale":"es_ES","og_type":"article","og_title":"Blog - Transporting Highway","og_description":"Blog","og_url":"https:\/\/transportinghighway.shudesign.nl\/es\/blog\/","og_site_name":"Transporting Highway","article_modified_time":"2024-06-25T19:32:01+00:00","twitter_card":"summary_large_image","twitter_misc":{"Tiempo de lectura":"5 minutos"},"schema":{"@context":"https:\/\/schema.org","@graph":[{"@type":"WebPage","@id":"https:\/\/transportinghighway.shudesign.nl\/es\/blog\/","url":"https:\/\/transportinghighway.shudesign.nl\/es\/blog\/","name":"Blog - Transporting Highway","isPartOf":{"@id":"https:\/\/transportinghighway.shudesign.nl\/es\/#website"},"datePublished":"2024-04-13T19:46:41+00:00","dateModified":"2024-06-25T19:32:01+00:00","breadcrumb":{"@id":"https:\/\/transportinghighway.shudesign.nl\/es\/blog\/#breadcrumb"},"inLanguage":"es","potentialAction":[{"@type":"ReadAction","target":["https:\/\/transportinghighway.shudesign.nl\/es\/blog\/"]}]},{"@type":"BreadcrumbList","@id":"https:\/\/transportinghighway.shudesign.nl\/es\/blog\/#breadcrumb","itemListElement":[{"@type":"ListItem","position":1,"name":"Home","item":"https:\/\/transportinghighway.shudesign.nl\/es\/inicio\/"},{"@type":"ListItem","position":2,"name":"Blog"}]},{"@type":"WebSite","@id":"https:\/\/transportinghighway.shudesign.nl\/es\/#website","url":"https:\/\/transportinghighway.shudesign.nl\/es\/","name":"Transporting Highway","description":"Vervoer uw auto&#039;s door Europa","publisher":{"@id":"https:\/\/transportinghighway.shudesign.nl\/es\/#organization"},"potentialAction":[{"@type":"SearchAction","target":{"@type":"EntryPoint","urlTemplate":"https:\/\/transportinghighway.shudesign.nl\/es\/?s={search_term_string}"},"query-input":{"@type":"PropertyValueSpecification","valueRequired":true,"valueName":"search_term_string"}}],"inLanguage":"es"},{"@type":"Organization","@id":"https:\/\/transportinghighway.shudesign.nl\/es\/#organization","name":"Transporting Highway","url":"https:\/\/transportinghighway.shudesign.nl\/es\/","logo":{"@type":"ImageObject","inLanguage":"es","@id":"https:\/\/transportinghighway.shudesign.nl\/es\/#\/schema\/logo\/image\/","url":"https:\/\/transportinghighway.shudesign.nl\/wp-content\/uploads\/2023\/05\/transporting-highway-logo.svg","contentUrl":"https:\/\/transportinghighway.shudesign.nl\/wp-content\/uploads\/2023\/05\/transporting-highway-logo.svg","width":"1920","height":"1080","caption":"Transporting Highway"},"image":{"@id":"https:\/\/transportinghighway.shudesign.nl\/es\/#\/schema\/logo\/image\/"}}]}},"_links":{"self":[{"href":"https:\/\/transportinghighway.shudesign.nl\/es\/wp-json\/wp\/v2\/pages\/1580","targetHints":{"allow":["GET"]}}],"collection":[{"href":"https:\/\/transportinghighway.shudesign.nl\/es\/wp-json\/wp\/v2\/pages"}],"about":[{"href":"https:\/\/transportinghighway.shudesign.nl\/es\/wp-json\/wp\/v2\/types\/page"}],"author":[{"embeddable":true,"href":"https:\/\/transportinghighway.shudesign.nl\/es\/wp-json\/wp\/v2\/users\/1"}],"replies":[{"embeddable":true,"href":"https:\/\/transportinghighway.shudesign.nl\/es\/wp-json\/wp\/v2\/comments?post=1580"}],"version-history":[{"count":10,"href":"https:\/\/transportinghighway.shudesign.nl\/es\/wp-json\/wp\/v2\/pages\/1580\/revisions"}],"predecessor-version":[{"id":2459,"href":"https:\/\/transportinghighway.shudesign.nl\/es\/wp-json\/wp\/v2\/pages\/1580\/revisions\/2459"}],"wp:attachment":[{"href":"https:\/\/transportinghighway.shudesign.nl\/es\/wp-json\/wp\/v2\/media?parent=1580"}],"curies":[{"name":"wp","href":"https:\/\/api.w.org\/{rel}","templated":true}]}}