{"id":1043,"date":"2024-04-13T19:46:41","date_gmt":"2024-04-13T19:46:41","guid":{"rendered":"https:\/\/transportinghighway.com\/blog\/"},"modified":"2024-06-25T19:29:59","modified_gmt":"2024-06-25T19:29:59","slug":"blog","status":"publish","type":"page","link":"https:\/\/transportinghighway.shudesign.nl\/de\/blog\/","title":{"rendered":"Blog"},"content":{"rendered":"\t\t<div data-elementor-type=\"wp-page\" data-elementor-id=\"1043\" class=\"elementor elementor-1043 elementor-776\" data-elementor-post-type=\"page\">\n\t\t\t\t<div class=\"elementor-element elementor-element-6fd7321b e-flex e-con-boxed e-con e-parent\" data-id=\"6fd7321b\" data-element_type=\"container\" data-e-type=\"container\" data-settings=\"{&quot;background_background&quot;:&quot;classic&quot;}\">\n\t\t\t\t\t<div class=\"e-con-inner\">\n\t\t\t\t<div class=\"elementor-element elementor-element-8575dc1 elementor-widget elementor-widget-heading\" data-id=\"8575dc1\" data-element_type=\"widget\" data-e-type=\"widget\" data-widget_type=\"heading.default\">\n\t\t\t\t<div class=\"elementor-widget-container\">\n\t\t\t\t\t<h1 class=\"elementor-heading-title elementor-size-default\"><span class=\"orange-text\">Blog<\/span><\/h1>\t\t\t\t<\/div>\n\t\t\t\t<\/div>\n\t\t\t\t\t<\/div>\n\t\t\t\t<\/div>\n\t\t<div class=\"elementor-element elementor-element-3b592950 e-flex e-con-boxed e-con e-parent\" data-id=\"3b592950\" data-element_type=\"container\" data-e-type=\"container\">\n\t\t\t\t\t<div class=\"e-con-inner\">\n\t\t\t\t<div class=\"elementor-element elementor-element-67b8309b elementor-grid-3 elementor-grid-tablet-2 elementor-grid-mobile-1 elementor-posts--thumbnail-top elementor-posts__hover-gradient elementor-widget elementor-widget-posts\" data-id=\"67b8309b\" data-element_type=\"widget\" data-e-type=\"widget\" data-settings=\"{&quot;cards_row_gap&quot;:{&quot;unit&quot;:&quot;px&quot;,&quot;size&quot;:80,&quot;sizes&quot;:[]},&quot;cards_row_gap_tablet&quot;:{&quot;unit&quot;:&quot;px&quot;,&quot;size&quot;:71,&quot;sizes&quot;:[]},&quot;cards_row_gap_mobile&quot;:{&quot;unit&quot;:&quot;px&quot;,&quot;size&quot;:30,&quot;sizes&quot;:[]},&quot;pagination_type&quot;:&quot;numbers_and_prev_next&quot;,&quot;cards_columns&quot;:&quot;3&quot;,&quot;cards_columns_tablet&quot;:&quot;2&quot;,&quot;cards_columns_mobile&quot;:&quot;1&quot;}\" data-widget_type=\"posts.cards\">\n\t\t\t\t<div class=\"elementor-widget-container\">\n\t\t\t\t\t\t\t<div class=\"elementor-posts-container elementor-posts elementor-posts--skin-cards elementor-grid\">\n\t\t\t\t<article class=\"elementor-post elementor-grid-item post-4493 post type-post status-publish format-standard has-post-thumbnail hentry category-unkategorisiert\">\n\t\t\t<div class=\"elementor-post__card\">\n\t\t\t\t<a class=\"elementor-post__thumbnail__link\" href=\"https:\/\/transportinghighway.shudesign.nl\/de\/warum-versicherungen-fuer-die-sicherheit-im-fahrzeugtransport-wichtig-sind\/\" tabindex=\"-1\" ><div class=\"elementor-post__thumbnail\"><img fetchpriority=\"high\" decoding=\"async\" width=\"800\" height=\"800\" src=\"https:\/\/transportinghighway.shudesign.nl\/wp-content\/uploads\/2024\/11\/car-insurance-document-flat-style-licence-vehicle-checklist-folder-security-agreement-automobile-company-transport-report-187031583.webp\" class=\"attachment-large size-large wp-image-4473\" alt=\"insurance vehicle transport\" srcset=\"https:\/\/transportinghighway.shudesign.nl\/wp-content\/uploads\/2024\/11\/car-insurance-document-flat-style-licence-vehicle-checklist-folder-security-agreement-automobile-company-transport-report-187031583.webp 800w, https:\/\/transportinghighway.shudesign.nl\/wp-content\/uploads\/2024\/11\/car-insurance-document-flat-style-licence-vehicle-checklist-folder-security-agreement-automobile-company-transport-report-187031583-768x768.webp 768w\" sizes=\"(max-width: 800px) 100vw, 800px\" \/><\/div><\/a>\n\t\t\t\t<div class=\"elementor-post__text\">\n\t\t\t\t<h4 class=\"elementor-post__title\">\n\t\t\t<a href=\"https:\/\/transportinghighway.shudesign.nl\/de\/warum-versicherungen-fuer-die-sicherheit-im-fahrzeugtransport-wichtig-sind\/\" >\n\t\t\t\tWarum Versicherungen f\u00fcr die Sicherheit im Fahrzeugtransport wichtig sind:\t\t\t<\/a>\n\t\t<\/h4>\n\t\t\t\t<div class=\"elementor-post__excerpt\">\n\t\t\t<p>Wenn es um versicherte Fahrzeugtransporte geht, ist es unabdingbar, dass die gesamte Fracht vollst\u00e4ndig gesch\u00fctzt ist. Wir bei Transporting Highway sind stolz darauf, f\u00fcr jedes Fahrzeug, das wir transportieren, einen<\/p>\n\t\t<\/div>\n\t\t\n\t\t<a class=\"elementor-post__read-more\" href=\"https:\/\/transportinghighway.shudesign.nl\/de\/warum-versicherungen-fuer-die-sicherheit-im-fahrzeugtransport-wichtig-sind\/\" aria-label=\"Read more about Warum Versicherungen f\u00fcr die Sicherheit im Fahrzeugtransport wichtig sind:\" tabindex=\"-1\" >\n\t\t\tMehr lesen\t\t<\/a>\n\n\t\t\t\t<\/div>\n\t\t\t\t\t<\/div>\n\t\t<\/article>\n\t\t\t\t<article class=\"elementor-post elementor-grid-item post-3805 post type-post status-publish format-standard has-post-thumbnail hentry category-unkategorisiert\">\n\t\t\t<div class=\"elementor-post__card\">\n\t\t\t\t<a class=\"elementor-post__thumbnail__link\" href=\"https:\/\/transportinghighway.shudesign.nl\/de\/6-europaeische-fuhrparkmanagement-konferenzen-und-veranstaltungen-die-sie-unbedingt-besuchen-muessen\/\" tabindex=\"-1\" ><div class=\"elementor-post__thumbnail\"><img decoding=\"async\" width=\"500\" height=\"429\" src=\"https:\/\/transportinghighway.shudesign.nl\/wp-content\/uploads\/2024\/10\/image-2.png\" class=\"attachment-large size-large wp-image-3737\" alt=\"\" \/><\/div><\/a>\n\t\t\t\t<div class=\"elementor-post__text\">\n\t\t\t\t<h4 class=\"elementor-post__title\">\n\t\t\t<a href=\"https:\/\/transportinghighway.shudesign.nl\/de\/6-europaeische-fuhrparkmanagement-konferenzen-und-veranstaltungen-die-sie-unbedingt-besuchen-muessen\/\" >\n\t\t\t\t6 Europ\u00e4ische Fuhrparkmanagement-Konferenzen und -Veranstaltungen, die Sie unbedingt besuchen m\u00fcssen\t\t\t<\/a>\n\t\t<\/h4>\n\t\t\t\t<div class=\"elementor-post__excerpt\">\n\t\t\t<p>Es ist nicht einfach, eine Fahrzeugflotte zu verwalten. Die Kosten unter Kontrolle zu halten, die Zufriedenheit der Fahrer zu gew\u00e4hrleisten und die Zuverl\u00e4ssigkeit der Fahrzeuge aufrechtzuerhalten, ist nicht einfach. Um<\/p>\n\t\t<\/div>\n\t\t\n\t\t<a class=\"elementor-post__read-more\" href=\"https:\/\/transportinghighway.shudesign.nl\/de\/6-europaeische-fuhrparkmanagement-konferenzen-und-veranstaltungen-die-sie-unbedingt-besuchen-muessen\/\" aria-label=\"Read more about 6 Europ\u00e4ische Fuhrparkmanagement-Konferenzen und -Veranstaltungen, die Sie unbedingt besuchen m\u00fcssen\" tabindex=\"-1\" >\n\t\t\tMehr lesen\t\t<\/a>\n\n\t\t\t\t<\/div>\n\t\t\t\t\t<\/div>\n\t\t<\/article>\n\t\t\t\t<article class=\"elementor-post elementor-grid-item post-3365 post type-post status-publish format-standard has-post-thumbnail hentry category-unkategorisiert\">\n\t\t\t<div class=\"elementor-post__card\">\n\t\t\t\t<a class=\"elementor-post__thumbnail__link\" href=\"https:\/\/transportinghighway.shudesign.nl\/de\/wie-sich-die-saisonalitaet-auf-autotransportdienste-auswirkt\/\" tabindex=\"-1\" ><div class=\"elementor-post__thumbnail\"><img decoding=\"async\" width=\"800\" height=\"557\" src=\"https:\/\/transportinghighway.shudesign.nl\/wp-content\/uploads\/2024\/08\/Captura-de-pantalla-2024-08-28-a-las-16.15.09.png\" class=\"attachment-large size-large wp-image-3069\" alt=\"\" srcset=\"https:\/\/transportinghighway.shudesign.nl\/wp-content\/uploads\/2024\/08\/Captura-de-pantalla-2024-08-28-a-las-16.15.09.png 1492w, https:\/\/transportinghighway.shudesign.nl\/wp-content\/uploads\/2024\/08\/Captura-de-pantalla-2024-08-28-a-las-16.15.09-1024x712.png 1024w, https:\/\/transportinghighway.shudesign.nl\/wp-content\/uploads\/2024\/08\/Captura-de-pantalla-2024-08-28-a-las-16.15.09-768x534.png 768w, https:\/\/transportinghighway.shudesign.nl\/wp-content\/uploads\/2024\/08\/Captura-de-pantalla-2024-08-28-a-las-16.15.09-1320x918.png 1320w\" sizes=\"(max-width: 800px) 100vw, 800px\" \/><\/div><\/a>\n\t\t\t\t<div class=\"elementor-post__text\">\n\t\t\t\t<h4 class=\"elementor-post__title\">\n\t\t\t<a href=\"https:\/\/transportinghighway.shudesign.nl\/de\/wie-sich-die-saisonalitaet-auf-autotransportdienste-auswirkt\/\" >\n\t\t\t\tWie sich die Saisonalit\u00e4t auf Autotransportdienste auswirkt\t\t\t<\/a>\n\t\t<\/h4>\n\t\t\t\t<div class=\"elementor-post__excerpt\">\n\t\t\t<p>Autotransportdienste sind wie jede andere Branche auch, sehr anf\u00e4llig f\u00fcr saisonale Schwankungen. Jede Saison hat ihre eigenen Herausforderungen und Chancen. Hoch- und Nebensaison, schlechtes Wetter und andere branchenweite Ereignisse beeinflussen<\/p>\n\t\t<\/div>\n\t\t\n\t\t<a class=\"elementor-post__read-more\" href=\"https:\/\/transportinghighway.shudesign.nl\/de\/wie-sich-die-saisonalitaet-auf-autotransportdienste-auswirkt\/\" aria-label=\"Read more about Wie sich die Saisonalit\u00e4t auf Autotransportdienste auswirkt\" tabindex=\"-1\" >\n\t\t\tMehr lesen\t\t<\/a>\n\n\t\t\t\t<\/div>\n\t\t\t\t\t<\/div>\n\t\t<\/article>\n\t\t\t\t<article class=\"elementor-post elementor-grid-item post-2728 post type-post status-publish format-standard has-post-thumbnail hentry category-unkategorisiert\">\n\t\t\t<div class=\"elementor-post__card\">\n\t\t\t\t<a class=\"elementor-post__thumbnail__link\" href=\"https:\/\/transportinghighway.shudesign.nl\/de\/die-rolle-der-autoverschiffung-bei-der-ausweitung-der-marktreichweite-von-autohaendlern\/\" tabindex=\"-1\" ><div class=\"elementor-post__thumbnail\"><img loading=\"lazy\" decoding=\"async\" width=\"800\" height=\"533\" src=\"https:\/\/transportinghighway.shudesign.nl\/wp-content\/uploads\/2024\/07\/car-dealers_car-showroom.jpg\" class=\"attachment-large size-large wp-image-2719\" alt=\"car dealer\" srcset=\"https:\/\/transportinghighway.shudesign.nl\/wp-content\/uploads\/2024\/07\/car-dealers_car-showroom.jpg 1200w, https:\/\/transportinghighway.shudesign.nl\/wp-content\/uploads\/2024\/07\/car-dealers_car-showroom-1024x683.jpg 1024w, https:\/\/transportinghighway.shudesign.nl\/wp-content\/uploads\/2024\/07\/car-dealers_car-showroom-768x512.jpg 768w\" sizes=\"(max-width: 800px) 100vw, 800px\" \/><\/div><\/a>\n\t\t\t\t<div class=\"elementor-post__text\">\n\t\t\t\t<h4 class=\"elementor-post__title\">\n\t\t\t<a href=\"https:\/\/transportinghighway.shudesign.nl\/de\/die-rolle-der-autoverschiffung-bei-der-ausweitung-der-marktreichweite-von-autohaendlern\/\" >\n\t\t\t\tDie Rolle der Autoverschiffung bei der Ausweitung der Marktreichweite von Autoh\u00e4ndlern\t\t\t<\/a>\n\t\t<\/h4>\n\t\t\t\t<div class=\"elementor-post__excerpt\">\n\t\t\t<p>Die W\u00fcnsche der Kunden \u00e4ndern sich mit der Zeit, was es f\u00fcr Autoh\u00e4user schwieriger macht, im Gesch\u00e4ft zu bleiben. Autoverschiffungsdienste sind f\u00fcr Autoh\u00e4user leicht verf\u00fcgbar, um wettbewerbsf\u00e4hig zu bleiben und<\/p>\n\t\t<\/div>\n\t\t\n\t\t<a class=\"elementor-post__read-more\" href=\"https:\/\/transportinghighway.shudesign.nl\/de\/die-rolle-der-autoverschiffung-bei-der-ausweitung-der-marktreichweite-von-autohaendlern\/\" aria-label=\"Read more about Die Rolle der Autoverschiffung bei der Ausweitung der Marktreichweite von Autoh\u00e4ndlern\" tabindex=\"-1\" >\n\t\t\tMehr lesen\t\t<\/a>\n\n\t\t\t\t<\/div>\n\t\t\t\t\t<\/div>\n\t\t<\/article>\n\t\t\t\t<article class=\"elementor-post elementor-grid-item post-2689 post type-post status-publish format-standard has-post-thumbnail hentry category-unkategorisiert\">\n\t\t\t<div class=\"elementor-post__card\">\n\t\t\t\t<a class=\"elementor-post__thumbnail__link\" href=\"https:\/\/transportinghighway.shudesign.nl\/de\/maximierung-des-gewinns-mit-zuverlaessigen-autotransportdiensten\/\" tabindex=\"-1\" ><div class=\"elementor-post__thumbnail\"><img loading=\"lazy\" decoding=\"async\" width=\"800\" height=\"593\" src=\"https:\/\/transportinghighway.shudesign.nl\/wp-content\/uploads\/2024\/07\/image-4-1456x1080.png\" class=\"attachment-large size-large wp-image-2666\" alt=\"\" srcset=\"https:\/\/transportinghighway.shudesign.nl\/wp-content\/uploads\/2024\/07\/image-4-1456x1080.png 1456w, https:\/\/transportinghighway.shudesign.nl\/wp-content\/uploads\/2024\/07\/image-4-1024x760.png 1024w, https:\/\/transportinghighway.shudesign.nl\/wp-content\/uploads\/2024\/07\/image-4-768x570.png 768w, https:\/\/transportinghighway.shudesign.nl\/wp-content\/uploads\/2024\/07\/image-4-1536x1139.png 1536w, https:\/\/transportinghighway.shudesign.nl\/wp-content\/uploads\/2024\/07\/image-4-1320x979.png 1320w, https:\/\/transportinghighway.shudesign.nl\/wp-content\/uploads\/2024\/07\/image-4.png 1840w\" sizes=\"(max-width: 800px) 100vw, 800px\" \/><\/div><\/a>\n\t\t\t\t<div class=\"elementor-post__text\">\n\t\t\t\t<h4 class=\"elementor-post__title\">\n\t\t\t<a href=\"https:\/\/transportinghighway.shudesign.nl\/de\/maximierung-des-gewinns-mit-zuverlaessigen-autotransportdiensten\/\" >\n\t\t\t\tMaximierung des Gewinns mit zuverl\u00e4ssigen Autotransportdiensten\t\t\t<\/a>\n\t\t<\/h4>\n\t\t\t\t<div class=\"elementor-post__excerpt\">\n\t\t\t<p>Ein effizienter und zuverl\u00e4ssiger Autotransport ist das R\u00fcckgrat, das den Lagerumschlag und die Kundenzufriedenheit pr\u00e4gt und erzeugt. Zu einem erfolgreichen Autohaus geh\u00f6rt die p\u00fcnktliche Auslieferung von Fahrzeugen. Dies f\u00fchrt nicht<\/p>\n\t\t<\/div>\n\t\t\n\t\t<a class=\"elementor-post__read-more\" href=\"https:\/\/transportinghighway.shudesign.nl\/de\/maximierung-des-gewinns-mit-zuverlaessigen-autotransportdiensten\/\" aria-label=\"Read more about Maximierung des Gewinns mit zuverl\u00e4ssigen Autotransportdiensten\" tabindex=\"-1\" >\n\t\t\tMehr lesen\t\t<\/a>\n\n\t\t\t\t<\/div>\n\t\t\t\t\t<\/div>\n\t\t<\/article>\n\t\t\t\t<article class=\"elementor-post elementor-grid-item post-2679 post type-post status-publish format-standard has-post-thumbnail hentry category-unkategorisiert\">\n\t\t\t<div class=\"elementor-post__card\">\n\t\t\t\t<a class=\"elementor-post__thumbnail__link\" href=\"https:\/\/transportinghighway.shudesign.nl\/de\/ihre-automobil-lieferkette-mit-effizientem-autotransport\/\" tabindex=\"-1\" ><div class=\"elementor-post__thumbnail\"><img loading=\"lazy\" decoding=\"async\" width=\"800\" height=\"377\" src=\"https:\/\/transportinghighway.shudesign.nl\/wp-content\/uploads\/2024\/07\/shutterstock_2255577621-1-scaled-1-1920x904.jpg\" class=\"attachment-large size-large wp-image-2643\" alt=\"car transport supply chain\" srcset=\"https:\/\/transportinghighway.shudesign.nl\/wp-content\/uploads\/2024\/07\/shutterstock_2255577621-1-scaled-1-1920x904.jpg 1920w, https:\/\/transportinghighway.shudesign.nl\/wp-content\/uploads\/2024\/07\/shutterstock_2255577621-1-scaled-1-1024x482.jpg 1024w, https:\/\/transportinghighway.shudesign.nl\/wp-content\/uploads\/2024\/07\/shutterstock_2255577621-1-scaled-1-768x362.jpg 768w, https:\/\/transportinghighway.shudesign.nl\/wp-content\/uploads\/2024\/07\/shutterstock_2255577621-1-scaled-1-1536x723.jpg 1536w, https:\/\/transportinghighway.shudesign.nl\/wp-content\/uploads\/2024\/07\/shutterstock_2255577621-1-scaled-1-2048x964.jpg 2048w, https:\/\/transportinghighway.shudesign.nl\/wp-content\/uploads\/2024\/07\/shutterstock_2255577621-1-scaled-1-1320x621.jpg 1320w\" sizes=\"(max-width: 800px) 100vw, 800px\" \/><\/div><\/a>\n\t\t\t\t<div class=\"elementor-post__text\">\n\t\t\t\t<h4 class=\"elementor-post__title\">\n\t\t\t<a href=\"https:\/\/transportinghighway.shudesign.nl\/de\/ihre-automobil-lieferkette-mit-effizientem-autotransport\/\" >\n\t\t\t\tIhre Automobil-Lieferkette mit effizientem Autotransport\t\t\t<\/a>\n\t\t<\/h4>\n\t\t\t\t<div class=\"elementor-post__excerpt\">\n\t\t\t<p>Die Lieferkette in der Automobilindustrie ist aufgrund der detaillierten Herstellungsprozesse und der gro\u00dfen Vertriebsnetze sehr komplex. Aber Unterbrechungen werden als das gr\u00f6\u00dfte Risiko f\u00fcr das Unternehmenswachstum angesehen, sogar noch mehr<\/p>\n\t\t<\/div>\n\t\t\n\t\t<a class=\"elementor-post__read-more\" href=\"https:\/\/transportinghighway.shudesign.nl\/de\/ihre-automobil-lieferkette-mit-effizientem-autotransport\/\" aria-label=\"Read more about Ihre Automobil-Lieferkette mit effizientem Autotransport\" tabindex=\"-1\" >\n\t\t\tMehr lesen\t\t<\/a>\n\n\t\t\t\t<\/div>\n\t\t\t\t\t<\/div>\n\t\t<\/article>\n\t\t\t\t<\/div>\n\t\t\n\t\t\t\t<div class=\"e-load-more-anchor\" data-page=\"1\" data-max-page=\"3\" data-next-page=\"https:\/\/transportinghighway.shudesign.nl\/de\/wp-json\/wp\/v2\/pages\/1043\/page\/2\/\"><\/div>\n\t\t\t\t<nav class=\"elementor-pagination\" aria-label=\"Paginierung\">\n\t\t\t<span class=\"page-numbers prev\">Vorherige<\/span>\n<span aria-current=\"page\" class=\"page-numbers current\"><span class=\"elementor-screen-only\">Seite<\/span>1<\/span>\n<a class=\"page-numbers\" href=\"https:\/\/transportinghighway.shudesign.nl\/de\/wp-json\/wp\/v2\/pages\/1043\/page\/2\/\"><span class=\"elementor-screen-only\">Seite<\/span>2<\/a>\n<a class=\"page-numbers\" href=\"https:\/\/transportinghighway.shudesign.nl\/de\/wp-json\/wp\/v2\/pages\/1043\/page\/3\/\"><span class=\"elementor-screen-only\">Seite<\/span>3<\/a>\n<a class=\"page-numbers next\" href=\"https:\/\/transportinghighway.shudesign.nl\/de\/wp-json\/wp\/v2\/pages\/1043\/page\/2\/\">N\u00e4chste<\/a>\t\t<\/nav>\n\t\t\t\t\t\t<\/div>\n\t\t\t\t<\/div>\n\t\t\t\t\t<\/div>\n\t\t\t\t<\/div>\n\t\t\t\t<\/div>\n\t\t","protected":false},"excerpt":{"rendered":"<p>Blog<\/p>\n","protected":false},"author":1,"featured_media":0,"parent":0,"menu_order":0,"comment_status":"closed","ping_status":"closed","template":"","meta":{"inline_featured_image":false,"_joinchat":[],"footnotes":""},"class_list":["post-1043","page","type-page","status-publish","hentry"],"yoast_head":"<!-- This site is optimized with the Yoast SEO plugin v27.5 - https:\/\/yoast.com\/product\/yoast-seo-wordpress\/ -->\n<title>Blog - Transporting Highway<\/title>\n<meta name=\"robots\" content=\"index, follow, max-snippet:-1, max-image-preview:large, max-video-preview:-1\" \/>\n<link rel=\"canonical\" href=\"https:\/\/transportinghighway.shudesign.nl\/de\/blog\/\" \/>\n<meta property=\"og:locale\" content=\"de_DE\" \/>\n<meta property=\"og:type\" content=\"article\" \/>\n<meta property=\"og:title\" content=\"Blog - Transporting Highway\" \/>\n<meta property=\"og:description\" content=\"Blog\" \/>\n<meta property=\"og:url\" content=\"https:\/\/transportinghighway.shudesign.nl\/de\/blog\/\" \/>\n<meta property=\"og:site_name\" content=\"Transporting Highway\" \/>\n<meta property=\"article:modified_time\" content=\"2024-06-25T19:29:59+00:00\" \/>\n<meta name=\"twitter:card\" content=\"summary_large_image\" \/>\n<meta name=\"twitter:label1\" content=\"Gesch\u00e4tzte Lesezeit\" \/>\n\t<meta name=\"twitter:data1\" content=\"5\u00a0Minuten\" \/>\n<script type=\"application\/ld+json\" class=\"yoast-schema-graph\">{\"@context\":\"https:\\\/\\\/schema.org\",\"@graph\":[{\"@type\":\"WebPage\",\"@id\":\"https:\\\/\\\/transportinghighway.shudesign.nl\\\/de\\\/blog\\\/\",\"url\":\"https:\\\/\\\/transportinghighway.shudesign.nl\\\/de\\\/blog\\\/\",\"name\":\"Blog - Transporting Highway\",\"isPartOf\":{\"@id\":\"https:\\\/\\\/transportinghighway.shudesign.nl\\\/de\\\/#website\"},\"datePublished\":\"2024-04-13T19:46:41+00:00\",\"dateModified\":\"2024-06-25T19:29:59+00:00\",\"breadcrumb\":{\"@id\":\"https:\\\/\\\/transportinghighway.shudesign.nl\\\/de\\\/blog\\\/#breadcrumb\"},\"inLanguage\":\"de\",\"potentialAction\":[{\"@type\":\"ReadAction\",\"target\":[\"https:\\\/\\\/transportinghighway.shudesign.nl\\\/de\\\/blog\\\/\"]}]},{\"@type\":\"BreadcrumbList\",\"@id\":\"https:\\\/\\\/transportinghighway.shudesign.nl\\\/de\\\/blog\\\/#breadcrumb\",\"itemListElement\":[{\"@type\":\"ListItem\",\"position\":1,\"name\":\"Home\",\"item\":\"https:\\\/\\\/transportinghighway.shudesign.nl\\\/de\\\/startseite\\\/\"},{\"@type\":\"ListItem\",\"position\":2,\"name\":\"Blog\"}]},{\"@type\":\"WebSite\",\"@id\":\"https:\\\/\\\/transportinghighway.shudesign.nl\\\/de\\\/#website\",\"url\":\"https:\\\/\\\/transportinghighway.shudesign.nl\\\/de\\\/\",\"name\":\"Transporting Highway\",\"description\":\"Vervoer uw auto&#039;s door Europa\",\"publisher\":{\"@id\":\"https:\\\/\\\/transportinghighway.shudesign.nl\\\/de\\\/#organization\"},\"potentialAction\":[{\"@type\":\"SearchAction\",\"target\":{\"@type\":\"EntryPoint\",\"urlTemplate\":\"https:\\\/\\\/transportinghighway.shudesign.nl\\\/de\\\/?s={search_term_string}\"},\"query-input\":{\"@type\":\"PropertyValueSpecification\",\"valueRequired\":true,\"valueName\":\"search_term_string\"}}],\"inLanguage\":\"de\"},{\"@type\":\"Organization\",\"@id\":\"https:\\\/\\\/transportinghighway.shudesign.nl\\\/de\\\/#organization\",\"name\":\"Transporting Highway\",\"url\":\"https:\\\/\\\/transportinghighway.shudesign.nl\\\/de\\\/\",\"logo\":{\"@type\":\"ImageObject\",\"inLanguage\":\"de\",\"@id\":\"https:\\\/\\\/transportinghighway.shudesign.nl\\\/de\\\/#\\\/schema\\\/logo\\\/image\\\/\",\"url\":\"https:\\\/\\\/transportinghighway.shudesign.nl\\\/wp-content\\\/uploads\\\/2023\\\/05\\\/transporting-highway-logo.svg\",\"contentUrl\":\"https:\\\/\\\/transportinghighway.shudesign.nl\\\/wp-content\\\/uploads\\\/2023\\\/05\\\/transporting-highway-logo.svg\",\"width\":\"1920\",\"height\":\"1080\",\"caption\":\"Transporting Highway\"},\"image\":{\"@id\":\"https:\\\/\\\/transportinghighway.shudesign.nl\\\/de\\\/#\\\/schema\\\/logo\\\/image\\\/\"}}]}<\/script>\n<!-- \/ Yoast SEO plugin. -->","yoast_head_json":{"title":"Blog - Transporting Highway","robots":{"index":"index","follow":"follow","max-snippet":"max-snippet:-1","max-image-preview":"max-image-preview:large","max-video-preview":"max-video-preview:-1"},"canonical":"https:\/\/transportinghighway.shudesign.nl\/de\/blog\/","og_locale":"de_DE","og_type":"article","og_title":"Blog - Transporting Highway","og_description":"Blog","og_url":"https:\/\/transportinghighway.shudesign.nl\/de\/blog\/","og_site_name":"Transporting Highway","article_modified_time":"2024-06-25T19:29:59+00:00","twitter_card":"summary_large_image","twitter_misc":{"Gesch\u00e4tzte Lesezeit":"5\u00a0Minuten"},"schema":{"@context":"https:\/\/schema.org","@graph":[{"@type":"WebPage","@id":"https:\/\/transportinghighway.shudesign.nl\/de\/blog\/","url":"https:\/\/transportinghighway.shudesign.nl\/de\/blog\/","name":"Blog - Transporting Highway","isPartOf":{"@id":"https:\/\/transportinghighway.shudesign.nl\/de\/#website"},"datePublished":"2024-04-13T19:46:41+00:00","dateModified":"2024-06-25T19:29:59+00:00","breadcrumb":{"@id":"https:\/\/transportinghighway.shudesign.nl\/de\/blog\/#breadcrumb"},"inLanguage":"de","potentialAction":[{"@type":"ReadAction","target":["https:\/\/transportinghighway.shudesign.nl\/de\/blog\/"]}]},{"@type":"BreadcrumbList","@id":"https:\/\/transportinghighway.shudesign.nl\/de\/blog\/#breadcrumb","itemListElement":[{"@type":"ListItem","position":1,"name":"Home","item":"https:\/\/transportinghighway.shudesign.nl\/de\/startseite\/"},{"@type":"ListItem","position":2,"name":"Blog"}]},{"@type":"WebSite","@id":"https:\/\/transportinghighway.shudesign.nl\/de\/#website","url":"https:\/\/transportinghighway.shudesign.nl\/de\/","name":"Transporting Highway","description":"Vervoer uw auto&#039;s door Europa","publisher":{"@id":"https:\/\/transportinghighway.shudesign.nl\/de\/#organization"},"potentialAction":[{"@type":"SearchAction","target":{"@type":"EntryPoint","urlTemplate":"https:\/\/transportinghighway.shudesign.nl\/de\/?s={search_term_string}"},"query-input":{"@type":"PropertyValueSpecification","valueRequired":true,"valueName":"search_term_string"}}],"inLanguage":"de"},{"@type":"Organization","@id":"https:\/\/transportinghighway.shudesign.nl\/de\/#organization","name":"Transporting Highway","url":"https:\/\/transportinghighway.shudesign.nl\/de\/","logo":{"@type":"ImageObject","inLanguage":"de","@id":"https:\/\/transportinghighway.shudesign.nl\/de\/#\/schema\/logo\/image\/","url":"https:\/\/transportinghighway.shudesign.nl\/wp-content\/uploads\/2023\/05\/transporting-highway-logo.svg","contentUrl":"https:\/\/transportinghighway.shudesign.nl\/wp-content\/uploads\/2023\/05\/transporting-highway-logo.svg","width":"1920","height":"1080","caption":"Transporting Highway"},"image":{"@id":"https:\/\/transportinghighway.shudesign.nl\/de\/#\/schema\/logo\/image\/"}}]}},"_links":{"self":[{"href":"https:\/\/transportinghighway.shudesign.nl\/de\/wp-json\/wp\/v2\/pages\/1043","targetHints":{"allow":["GET"]}}],"collection":[{"href":"https:\/\/transportinghighway.shudesign.nl\/de\/wp-json\/wp\/v2\/pages"}],"about":[{"href":"https:\/\/transportinghighway.shudesign.nl\/de\/wp-json\/wp\/v2\/types\/page"}],"author":[{"embeddable":true,"href":"https:\/\/transportinghighway.shudesign.nl\/de\/wp-json\/wp\/v2\/users\/1"}],"replies":[{"embeddable":true,"href":"https:\/\/transportinghighway.shudesign.nl\/de\/wp-json\/wp\/v2\/comments?post=1043"}],"version-history":[{"count":11,"href":"https:\/\/transportinghighway.shudesign.nl\/de\/wp-json\/wp\/v2\/pages\/1043\/revisions"}],"predecessor-version":[{"id":2453,"href":"https:\/\/transportinghighway.shudesign.nl\/de\/wp-json\/wp\/v2\/pages\/1043\/revisions\/2453"}],"wp:attachment":[{"href":"https:\/\/transportinghighway.shudesign.nl\/de\/wp-json\/wp\/v2\/media?parent=1043"}],"curies":[{"name":"wp","href":"https:\/\/api.w.org\/{rel}","templated":true}]}}